{"id":927,"date":"2025-09-24T02:18:46","date_gmt":"2025-09-24T06:18:46","guid":{"rendered":"https:\/\/kushstar.ca\/?post_type=product&#038;p=927"},"modified":"2026-04-02T23:20:29","modified_gmt":"2026-04-03T03:20:29","slug":"small-size-rolling-tray-with-magnetic-lid-limited-edition-20-5-x-10-5-cm","status":"publish","type":"product","link":"https:\/\/kushstar.ca\/fr\/produit\/small-size-rolling-tray-with-magnetic-lid-limited-edition-20-5-x-10-5-cm","title":{"rendered":"Plateau \u00e0 rouler petit format avec couvercle magn\u00e9tique \u2013 \u00c9DITION LIMIT\u00c9E \u2013 20,5 x 10,5 cm"},"content":{"rendered":"<p><b><strong>Ce magnifique plateau \u00e0 rouler portable en \u00c9DITION LIMIT\u00c9E avec couvercle magn\u00e9tique est une v\u00e9ritable \u0153uvre d&#039;art \u00e0 ajouter \u00e0 votre collection. Le couvercle magn\u00e9tique prot\u00e8ge les restes des poils de chien ou de chat. Ce motif de lions rastafari est une cr\u00e9ation graffiti de l&#039;artiste montr\u00e9alais Monk-e, adapt\u00e9 sur un plateau.<\/strong><\/b><\/p>","protected":false},"excerpt":{"rendered":"<p><strong>Le plateau \u00e0 rouler c<b>les caract\u00e9ristiques sont<\/b>:<\/strong><\/p>\n<ul>\n<li><strong>Dimensions du plateau \u00e0 rouler\u00a0: 20,5\u00a0cm x 10,5\u00a0cm x 1,25\u00a0cm (8\u00a0po x 4,1\u00a0po x 0,5\u00a0po)<\/strong><\/li>\n<li><strong>Dimensions du couvercle magn\u00e9tique\u00a0: 20,5\u00a0cm x 10,5\u00a0cm x 0,19\u00a0cm (8\u00a0po x 4,1\u00a0po x 0,075\u00a0po)<\/strong><\/li>\n<li><strong>Plateau \u00e0 4 coins pour verser efficacement les restes dans un bocal\u00a0<\/strong><\/li>\n<li><strong>\u00e9paisseur de la t\u00f4le d&#039;\u00e9tain du plateau de laminage : 0,35 mm\u00a0<\/strong><\/li>\n<li><strong>graffiti de lions rastafariens<\/strong><\/li>\n<li><strong>Plateau \u00e0 rouler pratique et portable<\/strong><\/li>\n<li><b>Avoir l&#039;air lourd dans la main<\/b><\/li>\n<\/ul>","protected":false},"featured_media":2218,"comment_status":"open","ping_status":"closed","template":"","meta":[],"product_brand":[],"product_cat":[66],"product_tag":[61,50,56,59,47,54,48,51,55,57,49,64,53,46,65,60,63,52,62,58],"class_list":{"0":"post-927","1":"product","2":"type-product","3":"status-publish","4":"has-post-thumbnail","6":"product_cat-art-trays","7":"product_tag-collectible-rolling-tray","8":"product_tag-compact-rolling-tray","9":"product_tag-graffiti-art-tray","10":"product_tag-herb-tray-with-lid","11":"product_tag-limited-edition-rolling-tray","12":"product_tag-lion-design-tray","13":"product_tag-magnetic-lid-rolling-tray","14":"product_tag-mini-rolling-tray","15":"product_tag-monk-e-artist-tray","16":"product_tag-montreal-artist-tray","17":"product_tag-portable-rolling-tray","18":"product_tag-rasta-art-tray","19":"product_tag-rastafarian-rolling-tray","20":"product_tag-small-rolling-tray","21":"product_tag-small-weed-tray","22":"product_tag-smell-proof-rolling-tray","23":"product_tag-stylish-smoking-tray","24":"product_tag-travel-rolling-tray","25":"product_tag-unique-design-rolling-tray","26":"product_tag-weed-rolling-tray","27":"product_shipping_class-roling-tray-18x14","29":"first","30":"instock","31":"taxable","32":"shipping-taxable","33":"purchasable","34":"product-type-simple"},"_links":{"self":[{"href":"https:\/\/kushstar.ca\/fr\/wp-json\/wp\/v2\/product\/927","targetHints":{"allow":["GET"]}}],"collection":[{"href":"https:\/\/kushstar.ca\/fr\/wp-json\/wp\/v2\/product"}],"about":[{"href":"https:\/\/kushstar.ca\/fr\/wp-json\/wp\/v2\/types\/product"}],"replies":[{"embeddable":true,"href":"https:\/\/kushstar.ca\/fr\/wp-json\/wp\/v2\/comments?post=927"}],"wp:featuredmedia":[{"embeddable":true,"href":"https:\/\/kushstar.ca\/fr\/wp-json\/wp\/v2\/media\/2218"}],"wp:attachment":[{"href":"https:\/\/kushstar.ca\/fr\/wp-json\/wp\/v2\/media?parent=927"}],"wp:term":[{"taxonomy":"product_brand","embeddable":true,"href":"https:\/\/kushstar.ca\/fr\/wp-json\/wp\/v2\/product_brand?post=927"},{"taxonomy":"product_cat","embeddable":true,"href":"https:\/\/kushstar.ca\/fr\/wp-json\/wp\/v2\/product_cat?post=927"},{"taxonomy":"product_tag","embeddable":true,"href":"https:\/\/kushstar.ca\/fr\/wp-json\/wp\/v2\/product_tag?post=927"}],"curies":[{"name":"wp","href":"https:\/\/api.w.org\/{rel}","templated":true}]}}