{"id":917,"date":"2024-11-16T20:51:40","date_gmt":"2024-11-16T20:51:40","guid":{"rendered":"https:\/\/kushstar.ca\/?post_type=product&#038;p=917"},"modified":"2026-04-02T23:22:21","modified_gmt":"2026-04-03T03:22:21","slug":"deluxe-glass-kit-include-a-bong-a-flower-bowl-and-a-dab-banger-into-a-smell-proof-and-lockable-pouch","status":"publish","type":"product","link":"https:\/\/kushstar.ca\/fr\/produit\/deluxe-glass-kit-include-a-bong-a-flower-bowl-and-a-dab-banger-into-a-smell-proof-and-lockable-pouch","title":{"rendered":"Kit en verre de luxe \u2013 Comprend : un mini-bong, un bol \u00e0 fleurs et un dab banger dans une pochette anti-odeurs et verrouillable"},"content":{"rendered":"<p><b><strong>Tout d&#039;abord, le nouveau sac bandouli\u00e8re anti-odeurs et verrouillable, contenant un bang en verre, un foyer en verre et un dab banger en quartz, est con\u00e7u pour r\u00e9pondre \u00e0 de nombreux besoins en d\u00e9placement. Voici un aper\u00e7u d\u00e9taill\u00e9 de ses multiples fonctionnalit\u00e9s\u00a0:<br \/>\n<\/strong><\/b><\/p>\n<p><b><strong>Contr\u00f4le des odeurs\u00a0: La fonction anti-odeurs emp\u00eache les fortes odeurs associ\u00e9es aux produits \u00e0 base de cannabis de s&#039;\u00e9chapper du sac. C&#039;est donc un atout pour ceux qui souhaitent voyager discr\u00e8tement et pr\u00e9server la confidentialit\u00e9 de leur contenu.<br \/>\n<\/strong><\/b><\/p>\n<p><b><strong>S\u00e9curit\u00e9\u00a0: Le syst\u00e8me de verrouillage prot\u00e8ge vos objets contre le vol ou les acc\u00e8s non autoris\u00e9s. Cela ajoute une s\u00e9curit\u00e9 suppl\u00e9mentaire, pr\u00e9servant vos biens et vous offrant une tranquillit\u00e9 d&#039;esprit.<br \/>\n<\/strong><\/b><\/p>\n<p><b><strong>Compartiment pour verres int\u00e9gr\u00e9\u00a0: Le sac comprend un compartiment sp\u00e9cialement con\u00e7u pour accueillir un bang, un foyer \u00e0 fleurs et un dab banger. Cet ajustement personnalis\u00e9 garantit un rangement s\u00fbr et s\u00e9curis\u00e9 de ces articles, minimisant ainsi les risques de dommages. Un compartiment rembourr\u00e9 prot\u00e8ge les verres des chocs et pr\u00e9vient la casse.<\/strong><\/b><\/p>\n<p><b><strong>Diff\u00e9rents types de verre\u00a0: gr\u00e2ce \u00e0 l&#039;\u00e9paisse couche de verre borosilicate (BSG), le Dab Banger est compatible avec des temp\u00e9ratures allant jusqu&#039;\u00e0 600\u00a0\u00b0C. Ce bang de 11,4\u00a0cm est l&#039;accessoire id\u00e9al pour les fumeurs de dab et de bols \u00e0 l&#039;ext\u00e9rieur. Il se concentre sur les fonctions dab et de fleurs pour offrir une utilisation optimale \u00e0 tous. <\/strong><\/b><\/p>","protected":false},"excerpt":{"rendered":"<p><strong>Les diff\u00e9rentes options de couleur du sac KushStar\u00a0:<\/strong><\/p>\n<ul>\n<li>\n<ul>\n<li><strong>Option 1\u00a0: Gris<strong><br \/>\n<\/strong><\/strong><\/li>\n<li><strong>Option 2 : Noir<\/strong><\/li>\n<li><strong>Option 3 : Bleu marine <\/strong><\/li>\n<\/ul>\n<\/li>\n<\/ul>\n<p><strong>Les diff\u00e9rentes options de couleur du verre KushStar\u00a0:<\/strong><\/p>\n<ul>\n<li>\n<ul>\n<li><strong>Option 1 : Vert<strong><br \/>\n<\/strong><\/strong><\/li>\n<li><strong>Option 2\u00a0: <strong>Noir<\/strong><\/strong><\/li>\n<li><strong>Option 3 : Rose<\/strong><\/li>\n<\/ul>\n<\/li>\n<\/ul>\n<p><strong>Caract\u00e9ristiques du sac :<\/strong><\/p>\n<ul>\n<li>\n<ul>\n<li><strong>Couleurs des sacs : Noir, bleu marine et gris<\/strong><\/li>\n<li><strong>Dimensions du sac : 22,5 cm x 12,5 cm x 6,5 cm (8,9 pouces x 4,9 pouces x 2,6 pouces)<\/strong><\/li>\n<li><strong>Coque ext\u00e9rieure rigide avec fermeture \u00e9clair \u00e9tanche aux odeurs<\/strong><\/li>\n<li><strong>2 tirettes de fermeture \u00e9clair personnalis\u00e9es avec trous pour le cadenas<\/strong><\/li>\n<li><strong>3 cadenas \u00e0 combinaison num\u00e9rique interchangeables<\/strong><\/li>\n<li><strong>6 anneaux \u00e0 diff\u00e9rents endroits pour fixer le lacet d&#039;\u00e9paule<\/strong><\/li>\n<li><strong>bretelles r\u00e9glables avec une petite poche.<\/strong><\/li>\n<li><strong>cloisons int\u00e9rieures amovibles<\/strong><strong><br \/>\n<\/strong><\/li>\n<li><strong>2 emplacements pour cartes \u00e0 l&#039;arri\u00e8re du sac<\/strong><\/li>\n<li><strong>Fermeture velcro int\u00e9rieure sur le dessus pour maintenir votre t\u00e9l\u00e9phone portable ou un plateau.<br \/>\n<\/strong><\/li>\n<li><b>Sac l\u00e9ger, pratique et r\u00e9sistant pour vos courts et longs voyages<br \/>\n<\/b><\/li>\n<\/ul>\n<\/li>\n<\/ul>\n<p><strong>Caract\u00e9ristiques du kit\u00a0:<\/strong><\/p>\n<ul>\n<li>\n<ul>\n<li><strong>Kit de 3 pi\u00e8ces avec verres borosilicate \u00e9pais (BSG)<\/strong><\/li>\n<li><strong>bang en verre BSG de 4,5 pouces (11,43 cm)<\/strong><\/li>\n<li><strong><span class=\"BxUVEf ILfuVd\" lang=\"fr\"><span class=\"hgKElc\">Banger \u00e0 dab BSG de 14 mm (0,5&quot;)<\/span><\/span><\/strong><\/li>\n<li><strong>Bol \u00e0 fleurs BSG de 20 mm (0,75 po)<\/strong><\/li>\n<li><strong>Le Dab Banger peut \u00eatre chauff\u00e9 jusqu&#039;\u00e0 600 degr\u00e9s.<\/strong><\/li>\n<li><strong>\u00c9tui en silicone (10 x 4,5 cm) avec outil \u00e0 dab<\/strong><\/li>\n<li><strong>nettoyeur de tuyaux<\/strong><\/li>\n<\/ul>\n<\/li>\n<\/ul>","protected":false},"featured_media":2630,"comment_status":"open","ping_status":"closed","template":"","meta":[],"product_brand":[],"product_cat":[510],"product_tag":[82,79,84,81,86,107,75,83,73,76,80,78,85,77,72,74],"class_list":{"0":"post-917","1":"product","2":"type-product","3":"status-publish","4":"has-post-thumbnail","6":"product_cat-kits","7":"product_tag-4-5-travel-bong","8":"product_tag-borosilicate-glass-bong","9":"product_tag-cannabis-travel-essentials","10":"product_tag-cushioned-glass-compartment","11":"product_tag-dab-banger-travel-set","12":"product_tag-deluxe-glass-kit","13":"product_tag-discreet-cannabis-bag","14":"product_tag-flower-and-dab-combo-kit","15":"product_tag-lockable-carry-bag","16":"product_tag-odor-control-pouch","17":"product_tag-on-the-go-smoking-set","18":"product_tag-portable-dab-kit","19":"product_tag-protective-glass-storage","20":"product_tag-secure-smoking-kit","21":"product_tag-smell-proof-bag","22":"product_tag-travel-bong-kit","23":"product_shipping_class-kushstar-bag","25":"first","26":"instock","27":"featured","28":"taxable","29":"shipping-taxable","30":"purchasable","31":"product-type-variable"},"_links":{"self":[{"href":"https:\/\/kushstar.ca\/fr\/wp-json\/wp\/v2\/product\/917","targetHints":{"allow":["GET"]}}],"collection":[{"href":"https:\/\/kushstar.ca\/fr\/wp-json\/wp\/v2\/product"}],"about":[{"href":"https:\/\/kushstar.ca\/fr\/wp-json\/wp\/v2\/types\/product"}],"replies":[{"embeddable":true,"href":"https:\/\/kushstar.ca\/fr\/wp-json\/wp\/v2\/comments?post=917"}],"wp:featuredmedia":[{"embeddable":true,"href":"https:\/\/kushstar.ca\/fr\/wp-json\/wp\/v2\/media\/2630"}],"wp:attachment":[{"href":"https:\/\/kushstar.ca\/fr\/wp-json\/wp\/v2\/media?parent=917"}],"wp:term":[{"taxonomy":"product_brand","embeddable":true,"href":"https:\/\/kushstar.ca\/fr\/wp-json\/wp\/v2\/product_brand?post=917"},{"taxonomy":"product_cat","embeddable":true,"href":"https:\/\/kushstar.ca\/fr\/wp-json\/wp\/v2\/product_cat?post=917"},{"taxonomy":"product_tag","embeddable":true,"href":"https:\/\/kushstar.ca\/fr\/wp-json\/wp\/v2\/product_tag?post=917"}],"curies":[{"name":"wp","href":"https:\/\/api.w.org\/{rel}","templated":true}]}}