{"id":910,"date":"2024-11-16T20:51:36","date_gmt":"2024-11-16T20:51:36","guid":{"rendered":"https:\/\/kushstar.ca\/?post_type=product&#038;p=910"},"modified":"2026-04-02T23:22:30","modified_gmt":"2026-04-03T03:22:30","slug":"essential-rolling-kit-smell-proof-lockable-pouch-with-grinder-rolling-paper-and-tray-lid","status":"publish","type":"product","link":"https:\/\/kushstar.ca\/fr\/produit\/essential-rolling-kit-smell-proof-lockable-pouch-with-grinder-rolling-paper-and-tray-lid","title":{"rendered":"Kit de roulage essentiel \u2013 Pochette anti-odeurs et verrouillable avec broyeur, papier \u00e0 rouler et plateau + couvercle"},"content":{"rendered":"<p><b><strong>Ce sac pochette verrouillable et anti-odeurs allie style et fonctionnalit\u00e9. Son ext\u00e9rieur \u00e9l\u00e9gant et durable, fabriqu\u00e9 \u00e0 partir de mat\u00e9riaux \u00e9cologiques, est orn\u00e9 d&#039;un motif unique et accrocheur. Sa fermeture \u00e9clair robuste garantit la conservation des parfums et leur r\u00e9sistance \u00e0 l&#039;eau.<br \/>\n<\/strong><\/b><\/p>\n<p><b><strong>\u00c0 l&#039;int\u00e9rieur du kit stoner, vous d\u00e9couvrirez un grinder en chanvre recycl\u00e9, soigneusement con\u00e7u et dot\u00e9 d&#039;une finition rustique. Son format compact et ses dents ac\u00e9r\u00e9es permettent d&#039;obtenir facilement une mouture parfaite, tandis que son esth\u00e9tique naturelle s&#039;int\u00e8gre parfaitement au th\u00e8me \u00e9co-responsable de la pochette.<\/strong><\/b><\/p>\n<p><b><strong>Le grinder est accompagn\u00e9 de feuilles \u00e0 rouler en chanvre biologique, joliment emball\u00e9es dans un design \u00e9l\u00e9gant et minimaliste. Ces feuilles ultra-fines sont parfaites pour une session tout en douceur.<\/strong><\/b><\/p>\n<p><b><strong>Pour compl\u00e9ter l&#039;ensemble, un plateau au design original avec couvercles magn\u00e9tiques est propos\u00e9. Il est orn\u00e9 d&#039;une illustration originale, inspir\u00e9e par des motifs abstraits ou des sc\u00e8nes de la nature, et les couvercles magn\u00e9tiques garantissent la s\u00e9curit\u00e9 de vos affaires pendant que vous roulez. Sa finition mate ajoute une touche de sophistication et en fait un ajout \u00e9l\u00e9gant \u00e0 vos accessoires pour fumeurs.<\/strong><\/b><\/p>\n<p><b><strong>Cet ensemble soigneusement con\u00e7u, pr\u00e9sent\u00e9 dans une pochette anti-odeurs, est parfait pour tous ceux qui appr\u00e9cient la durabilit\u00e9, la cr\u00e9ativit\u00e9 et la fonctionnalit\u00e9. De plus, il permet de conserver ses r\u00e9serves en toute s\u00e9curit\u00e9 gr\u00e2ce \u00e0 la serrure \u00e0 combinaison \u00e0 3 chiffres et \u00e0 la pochette anti-odeurs et \u00e0 la fermeture \u00e9clair.<br \/>\n<\/strong><\/b><\/p>","protected":false},"excerpt":{"rendered":"<p><strong>Les 4 options diff\u00e9rentes de kits de sacs KushStar\u00a0:<\/strong><\/p>\n<ul>\n<li><strong>Option 1 : <strong>Plateau \u00e0 motifs de lions avec couvercle, feuilles de format 1 1\/4, livret de conseils et broyeur blanc<\/strong><\/strong><\/li>\n<li><strong>Option 2\u00a0: Plateau \u00e0 motifs de lions avec couvercle, feuilles de format 1\u00a01\/4, livret de conseils et broyeur noir<br \/>\n<\/strong><\/li>\n<li><strong>Option 3\u00a0: Plateau \u00e0 motif de lions avec couvercle, feuilles \u00e0 rouler King Size Slim, livret de conseils et broyeur blanc<\/strong><\/li>\n<li><strong>Option 4\u00a0: Plateau et couvercle \u00e0 motif Lions, feuilles \u00e0 rouler King Size Slim, livret de conseils et grinder noir<br \/>\n<\/strong><\/li>\n<\/ul>\n<p><strong>Caract\u00e9ristiques du sac :<\/strong><\/p>\n<ul>\n<li><strong>Couleur du sac : Bleu marine<\/strong><\/li>\n<li><strong>Dimensions du sac : 22,5 cm x 12,5 cm x 6,5 cm (8,9 pouces x 4,9 pouces x 2,6 pouces)<\/strong><\/li>\n<li><strong>Coque ext\u00e9rieure rigide avec fermeture \u00e9clair \u00e9tanche aux odeurs<\/strong><\/li>\n<li><strong>2 tirettes de fermeture \u00e9clair personnalis\u00e9es avec trous pour le cadenas<\/strong><\/li>\n<li><strong>3 cadenas \u00e0 combinaison num\u00e9rique interchangeables<\/strong><\/li>\n<li><strong>6 anneaux \u00e0 diff\u00e9rents endroits pour fixer le lacet d&#039;\u00e9paule<\/strong><\/li>\n<li><strong>bretelles r\u00e9glables avec une petite poche.<\/strong><\/li>\n<li><strong>cloisons int\u00e9rieures amovibles<\/strong><\/li>\n<li><strong>2 emplacements pour cartes \u00e0 l&#039;arri\u00e8re du sac<\/strong><\/li>\n<li><strong>Fermeture velcro int\u00e9rieure sur le dessus pour maintenir votre t\u00e9l\u00e9phone portable ou un plateau.<\/strong><\/li>\n<li><strong>Sac l\u00e9ger, pratique et r\u00e9sistant pour vos voyages courts et longs.<\/strong>p<b><br \/>\n<\/b><\/li>\n<\/ul>\n<p><strong>Caract\u00e9ristiques des accessoires\u00a0:<\/strong><\/p>\n<ul>\n<li><strong>Carnet magn\u00e9tique de format 1-1\/4 en papier de chanvre biologique 100% avec filigrane crois\u00e9 et pointes perfor\u00e9es naturelles<\/strong><\/li>\n<li><strong>Carnet holographique en papier de chanvre biologique King Size Slim 100% avec filigrane crois\u00e9 et pointes perfor\u00e9es naturelles<\/strong><\/li>\n<li><strong>Plateau \u00e0 rouler design Lions \u00e0 4 coins + couvercle magn\u00e9tique souple (Dimensions : 20,5 cm x 10,5 cm)<\/strong><\/li>\n<li><strong>Broyeur en chanvre recycl\u00e9 (Dimensions : 4,0 cm x 2,0 cm), Couleurs : Blanc ou Noir<\/strong><\/li>\n<\/ul>","protected":false},"featured_media":2633,"comment_status":"open","ping_status":"closed","template":"","meta":[],"product_brand":[],"product_cat":[510],"product_tag":[102,98,104,103,90,87,89,93,95,99,105,92,91,88,101,94,96,100,106,97],"class_list":{"0":"post-910","1":"product","2":"type-product","3":"status-publish","4":"has-post-thumbnail","6":"product_cat-kits","7":"product_tag-3-digit-lock-stash-bag","8":"product_tag-abstract-rolling-tray","9":"product_tag-compact-grinder-kit","10":"product_tag-eco-conscious-smoking-accessories","11":"product_tag-eco-friendly-smoking-kit","12":"product_tag-essential-rolling-kit","13":"product_tag-lockable-stash-bag","14":"product_tag-magnetic-rolling-tray","15":"product_tag-minimalist-smoking-set","16":"product_tag-nature-inspired-tray-design","17":"product_tag-non-generic-rolling-tray","18":"product_tag-organic-hemp-rolling-papers","19":"product_tag-recycled-hemp-grinder","20":"product_tag-smell-proof-pouch","21":"product_tag-smell-proof-weed-pouch","22":"product_tag-stylish-stoner-kit","23":"product_tag-sustainable-stash-pouch","24":"product_tag-travel-friendly-rolling-kit","25":"product_tag-ultra-thin-hemp-papers","26":"product_tag-waterproof-zipper-bag","27":"product_shipping_class-kushstar-bag","29":"first","30":"instock","31":"featured","32":"taxable","33":"shipping-taxable","34":"purchasable","35":"product-type-variable"},"_links":{"self":[{"href":"https:\/\/kushstar.ca\/fr\/wp-json\/wp\/v2\/product\/910","targetHints":{"allow":["GET"]}}],"collection":[{"href":"https:\/\/kushstar.ca\/fr\/wp-json\/wp\/v2\/product"}],"about":[{"href":"https:\/\/kushstar.ca\/fr\/wp-json\/wp\/v2\/types\/product"}],"replies":[{"embeddable":true,"href":"https:\/\/kushstar.ca\/fr\/wp-json\/wp\/v2\/comments?post=910"}],"wp:featuredmedia":[{"embeddable":true,"href":"https:\/\/kushstar.ca\/fr\/wp-json\/wp\/v2\/media\/2633"}],"wp:attachment":[{"href":"https:\/\/kushstar.ca\/fr\/wp-json\/wp\/v2\/media?parent=910"}],"wp:term":[{"taxonomy":"product_brand","embeddable":true,"href":"https:\/\/kushstar.ca\/fr\/wp-json\/wp\/v2\/product_brand?post=910"},{"taxonomy":"product_cat","embeddable":true,"href":"https:\/\/kushstar.ca\/fr\/wp-json\/wp\/v2\/product_cat?post=910"},{"taxonomy":"product_tag","embeddable":true,"href":"https:\/\/kushstar.ca\/fr\/wp-json\/wp\/v2\/product_tag?post=910"}],"curies":[{"name":"wp","href":"https:\/\/api.w.org\/{rel}","templated":true}]}}