{"id":909,"date":"2024-11-16T20:51:35","date_gmt":"2024-11-16T20:51:35","guid":{"rendered":"https:\/\/kushstar.ca\/?post_type=product&#038;p=909"},"modified":"2026-04-02T23:22:40","modified_gmt":"2026-04-03T03:22:40","slug":"kushstar-complete-rolling-paper-set-100-organic-thin-hemp-paper-4-booklets","status":"publish","type":"product","link":"https:\/\/kushstar.ca\/fr\/produit\/kushstar-complete-rolling-paper-set-100-organic-thin-hemp-paper-4-booklets","title":{"rendered":"Coffret complet de feuilles \u00e0 rouler KushStar \u2013 100% Papier fin en chanvre biologique \u2013 4 carnets"},"content":{"rendered":"<p><strong><b><strong>Rehaussez votre rituel de fumage avec le coffret complet de feuilles \u00e0 rouler KushStar. Fabriqu\u00e9 \u00e0 partir de feuilles fines en chanvre biologique 100% et de filtres naturels, notre coffret combine la praticit\u00e9 des feuilles King Size Slim + filtres, 1-1\/4 + filtres, 1-1\/4 et des carnets de filtres dans un seul emballage.<\/strong><\/b><\/strong><\/p>","protected":false},"excerpt":{"rendered":"<p><b>Contenu du coffret :<br \/>\n<\/b><\/p>\n<ul>\n<li style=\"list-style-type: none;\">\n<ul>\n<li><strong>Papiers \u00e0 rouler King Size Slim en chanvre + filtres perfor\u00e9s (32 feuilles + filtres par carnet)<\/strong><\/li>\n<li><strong>Papiers \u00e0 rouler en chanvre 1-1\/4 + filtres perfor\u00e9s (33 feuilles + filtres par carnet)<\/strong><\/li>\n<li><strong>Papiers \u00e0 rouler en chanvre 1-1\/4 (33 feuilles par carnet)<\/strong><\/li>\n<li><strong>Livret de filtres perfor\u00e9s naturels (50 filtres par livret)<\/strong><\/li>\n<\/ul>\n<\/li>\n<\/ul>\n<p><b>Caract\u00e9ristiques g\u00e9n\u00e9rales :<br \/>\n<\/b><\/p>\n<ul>\n<li style=\"list-style-type: none;\">\n<ul>\n<li><strong>100% Papier de chanvre biologique fin non raffin\u00e9 (12,5 g\/m\u00b2)<\/strong><\/li>\n<li><strong>Filigrane franchi pour une combustion uniforme et lente<\/strong><\/li>\n<li><strong>Protection sup\u00e9rieure suppl\u00e9mentaire pour le papier<\/strong><\/li>\n<li><strong>Dimensions des draps King Size Slim : 44 mm x 108 mm<\/strong><\/li>\n<li><strong>Les dimensions d&#039;une feuille de 1-1\/4 sont de 44 mm x 77 mm<\/strong><\/li>\n<li><strong>Les dimensions des embouts de filtre (provenant du livret d&#039;embouts) sont de 60 mm x 20 mm.<\/strong><\/li>\n<li><strong>Embouts perfor\u00e9s pour une bouff\u00e9e parfaite et sans fum\u00e9e<\/strong><\/li>\n<li><strong>100% Gomme arabique naturelle<\/strong><\/li>\n<\/ul>\n<\/li>\n<li style=\"list-style-type: none;\"><\/li>\n<\/ul>","protected":false},"featured_media":1623,"comment_status":"open","ping_status":"closed","template":"","meta":[],"product_brand":[],"product_cat":[509],"product_tag":[112,122,113,116,114,111,117,110,121,109,120,108,119,115,118],"class_list":{"0":"post-909","1":"product","2":"type-product","3":"status-publish","4":"has-post-thumbnail","6":"product_cat-papers","7":"product_tag-1-1-4-rolling-papers","8":"product_tag-all-in-one-rolling-pack","9":"product_tag-complete-smoking-set","10":"product_tag-eco-friendly-rolling-papers","11":"product_tag-hemp-paper-booklet","12":"product_tag-king-size-slim-papers","13":"product_tag-kushstar-paper-set","14":"product_tag-natural-filter-tips","15":"product_tag-natural-smoking-kit","16":"product_tag-organic-hemp-papers","17":"product_tag-premium-paper-kit","18":"product_tag-rolling-papers-kit","19":"product_tag-rolling-tips-included","20":"product_tag-smoking-accessories-kit","21":"product_tag-thin-hemp-papers","22":"product_shipping_class-bundle-5-pack-king-size-slim","24":"first","25":"instock","26":"taxable","27":"shipping-taxable","28":"purchasable","29":"product-type-simple"},"_links":{"self":[{"href":"https:\/\/kushstar.ca\/fr\/wp-json\/wp\/v2\/product\/909","targetHints":{"allow":["GET"]}}],"collection":[{"href":"https:\/\/kushstar.ca\/fr\/wp-json\/wp\/v2\/product"}],"about":[{"href":"https:\/\/kushstar.ca\/fr\/wp-json\/wp\/v2\/types\/product"}],"replies":[{"embeddable":true,"href":"https:\/\/kushstar.ca\/fr\/wp-json\/wp\/v2\/comments?post=909"}],"wp:featuredmedia":[{"embeddable":true,"href":"https:\/\/kushstar.ca\/fr\/wp-json\/wp\/v2\/media\/1623"}],"wp:attachment":[{"href":"https:\/\/kushstar.ca\/fr\/wp-json\/wp\/v2\/media?parent=909"}],"wp:term":[{"taxonomy":"product_brand","embeddable":true,"href":"https:\/\/kushstar.ca\/fr\/wp-json\/wp\/v2\/product_brand?post=909"},{"taxonomy":"product_cat","embeddable":true,"href":"https:\/\/kushstar.ca\/fr\/wp-json\/wp\/v2\/product_cat?post=909"},{"taxonomy":"product_tag","embeddable":true,"href":"https:\/\/kushstar.ca\/fr\/wp-json\/wp\/v2\/product_tag?post=909"}],"curies":[{"name":"wp","href":"https:\/\/api.w.org\/{rel}","templated":true}]}}