{"id":902,"date":"2026-03-01T20:51:31","date_gmt":"2026-03-02T01:51:31","guid":{"rendered":"https:\/\/kushstar.ca\/?post_type=product&#038;p=902"},"modified":"2026-05-03T22:37:05","modified_gmt":"2026-05-04T02:37:05","slug":"dogout","status":"publish","type":"product","link":"https:\/\/kushstar.ca\/fr\/produit\/dogout","title":{"rendered":"Deluxe Dogout \u2013 Un seul coup, fabriqu\u00e9 en bois exotique avec adaptateur pour tuyau"},"content":{"rendered":"<p><b><strong>Imaginez une glaci\u00e8re finement travaill\u00e9e, sculpt\u00e9e \u00e0 la main dans un bois rare et exotique comme le c\u00e8dre, l&#039;acajou ou le panduke. Ses teintes riches et profondes ainsi que le veinage unique de sa pierre en font une pi\u00e8ce d&#039;artisanat exceptionnelle. Compacte et tenant parfaitement dans la paume de la main, elle est id\u00e9ale pour une utilisation nomade.<\/strong><\/b><\/p>\n<p><b><strong>En ouvrant le couvercle, vous d\u00e9couvrez deux compartiments. D&#039;un c\u00f4t\u00e9, vous pouvez ranger vos herbes s\u00e8ches pr\u00e9f\u00e9r\u00e9es, soigneusement emball\u00e9es et pr\u00eates \u00e0 l&#039;emploi. De l&#039;autre, vous trouverez un one-hitter, con\u00e7u pour s&#039;ins\u00e9rer parfaitement dans votre abri pour un acc\u00e8s facile et une consommation discr\u00e8te.<\/strong><\/b><\/p>\n<p><b><strong>Vous pouvez \u00e9galement opter pour un adaptateur de tuyau, \u00e9galement fabriqu\u00e9 dans le m\u00eame bois exotique, soigneusement fa\u00e7onn\u00e9 et poli \u00e0 la perfection. Son design minimaliste respire l&#039;\u00e9l\u00e9gance, avec une finition lisse et luxueuse au toucher.<\/strong><\/b><\/p>\n<p><b><strong>Que vous partiez en randonn\u00e9e en pleine nature ou profitiez simplement d&#039;une journ\u00e9e de d\u00e9tente au parc, cette abri en bois exotique, avec ou sans adaptateur de tuyau, est le compagnon id\u00e9al de toutes vos aventures en plein air. Sa beaut\u00e9 naturelle et sa fonctionnalit\u00e9 en font un incontournable pour tout amateur de cannabis appr\u00e9ciant l&#039;artisanat raffin\u00e9 et les mat\u00e9riaux de qualit\u00e9.<\/strong><\/b><\/p>","protected":false},"excerpt":{"rendered":"<p><strong>Caract\u00e9ristiques de l&#039;adaptateur de tuyau et du canout\u00a0:<\/strong><\/p>\n<ul>\n<li><strong>Essences de bois exotiques\u00a0: Padouk (rouge) | C\u00e8dre (beige) | Acajou (fonc\u00e9),\u00a0<\/strong><\/li>\n<li><strong>Dimensions du caniveau : 8,8 cm x 4,6 cm x 1,9 cm (3,5 pouces x 1,8 pouce x 0,75 pouce)<\/strong><\/li>\n<li><strong>Dimensions de l&#039;adaptateur de tuyau\u00a0: 3,6\u00a0cm x 1,3\u00a0cm x 1,9\u00a0cm (1,4\u00a0pouce x 0,5\u00a0pouce x 0,75\u00a0pouce)<\/strong><\/li>\n<li><strong>Ressort maintenant le tuyau dans la chambre<\/strong><\/li>\n<li><strong>Bois de premi\u00e8re qualit\u00e9 avec une finition luxueuse<\/strong><\/li>\n<li><strong>Adaptateur de tuyau facile \u00e0 installer<\/strong><\/li>\n<\/ul>","protected":false},"featured_media":2313,"comment_status":"open","ping_status":"closed","template":"","meta":[],"product_brand":[],"product_cat":[71],"product_tag":[584,587,600,595,591,590,589,582,570,579,588,594,598,599,580,597,593,586,583,592,596,585,581,578],"class_list":{"0":"post-902","1":"product","2":"type-product","3":"status-publish","4":"has-post-thumbnail","6":"product_cat-pipes","7":"product_tag-aromatic-cedar-dugout","8":"product_tag-artisan-smoking-accessory","9":"product_tag-cannabis-enthusiast-gift","10":"product_tag-cannabis-gift-idea","11":"product_tag-compact-herb-case","12":"product_tag-discreet-smoking-accessory","13":"product_tag-dry-herb-storage","14":"product_tag-dugout-with-pipe-adapter","15":"product_tag-exotic-wood-dugout","16":"product_tag-hand-carved-dugout","17":"product_tag-handcrafted-smoking-kit","18":"product_tag-luxury-smoking-accessory","19":"product_tag-minimalist-wood-design","20":"product_tag-natural-wood-grain","21":"product_tag-one-hitter-dugout","22":"product_tag-outdoor-smoking-accessory","23":"product_tag-palm-size-dugout","24":"product_tag-panduke-wood-dugout","25":"product_tag-pipe-adapter-wood","26":"product_tag-portable-dugout","27":"product_tag-premium-wood-pipe","28":"product_tag-rainbow-poplar-dugout","29":"product_tag-wood-one-hitter","30":"product_tag-wooden-dugout","31":"product_shipping_class-bundle-5-pack-custom-rolls","33":"first","34":"instock","35":"featured","36":"taxable","37":"shipping-taxable","38":"purchasable","39":"product-type-variable"},"_links":{"self":[{"href":"https:\/\/kushstar.ca\/fr\/wp-json\/wp\/v2\/product\/902","targetHints":{"allow":["GET"]}}],"collection":[{"href":"https:\/\/kushstar.ca\/fr\/wp-json\/wp\/v2\/product"}],"about":[{"href":"https:\/\/kushstar.ca\/fr\/wp-json\/wp\/v2\/types\/product"}],"replies":[{"embeddable":true,"href":"https:\/\/kushstar.ca\/fr\/wp-json\/wp\/v2\/comments?post=902"}],"wp:featuredmedia":[{"embeddable":true,"href":"https:\/\/kushstar.ca\/fr\/wp-json\/wp\/v2\/media\/2313"}],"wp:attachment":[{"href":"https:\/\/kushstar.ca\/fr\/wp-json\/wp\/v2\/media?parent=902"}],"wp:term":[{"taxonomy":"product_brand","embeddable":true,"href":"https:\/\/kushstar.ca\/fr\/wp-json\/wp\/v2\/product_brand?post=902"},{"taxonomy":"product_cat","embeddable":true,"href":"https:\/\/kushstar.ca\/fr\/wp-json\/wp\/v2\/product_cat?post=902"},{"taxonomy":"product_tag","embeddable":true,"href":"https:\/\/kushstar.ca\/fr\/wp-json\/wp\/v2\/product_tag?post=902"}],"curies":[{"name":"wp","href":"https:\/\/api.w.org\/{rel}","templated":true}]}}