{"id":899,"date":"2024-11-16T20:51:29","date_gmt":"2024-11-16T20:51:29","guid":{"rendered":"https:\/\/kushstar.ca\/?post_type=product&#038;p=899"},"modified":"2026-04-02T23:33:47","modified_gmt":"2026-04-03T03:33:47","slug":"mini-2-pieces-herb-grinder-made-with-recycled-hemp-material","status":"publish","type":"product","link":"https:\/\/kushstar.ca\/fr\/produit\/mini-2-pieces-herb-grinder-made-with-recycled-hemp-material","title":{"rendered":"Mini broyeur \u00e0 herbes 2 pi\u00e8ces \u2013 Fabriqu\u00e9 \u00e0 partir de chanvre recycl\u00e9"},"content":{"rendered":"<p><b><strong>D\u00e9couvrez ce nouveau mini grinder \u00e9cologique compos\u00e9 de deux pi\u00e8ces. Fabriqu\u00e9 \u00e0 partir de chanvre recycl\u00e9, ce grinder \u00e0 herbes \u00e0 deux couches est id\u00e9al pour broyer vos herbes de poche. Vous pouvez le transporter facilement et broyer vos herbes o\u00f9 que vous soyez.<\/strong><\/b><\/p>","protected":false},"excerpt":{"rendered":"<p><strong>Caract\u00e9ristiques du mini broyeur \u00e0 herbes :<\/strong><\/p>\n<ul>\n<li><strong>Couleurs : Noir ou Blanc<\/strong><\/li>\n<li><strong>Mati\u00e8re : chanvre recycl\u00e9<br \/>\n<\/strong><\/li>\n<li><strong>Dimensions : Diam\u00e8tre : 40 mm x Hauteur : 20 mm (1,5 x 0,8 pouce)<\/strong><\/li>\n<li><strong>Broyeur \u00e0 2 couches avec dents ac\u00e9r\u00e9es<\/strong><\/li>\n<\/ul>","protected":false},"featured_media":1798,"comment_status":"open","ping_status":"closed","template":"","meta":[],"product_brand":[],"product_cat":[492],"product_tag":[191,190,199,200,188,201,192,202,197,189,194,195,193,198,196],"class_list":{"0":"post-899","1":"product","2":"type-product","3":"status-publish","4":"has-post-thumbnail","6":"product_cat-grinder","7":"product_tag-2-layer-grinder","8":"product_tag-2-piece-grinder","9":"product_tag-compact-grinder","10":"product_tag-eco-grinder","11":"product_tag-eco-friendly","12":"product_tag-green-living","13":"product_tag-hemp-grinder","14":"product_tag-hemp-made","15":"product_tag-herb-crusher","16":"product_tag-mini-grinder","17":"product_tag-pocket-size","18":"product_tag-portable-grinder","19":"product_tag-recycled-material","20":"product_tag-sustainable","21":"product_tag-travel-grinder","22":"product_shipping_class-1-booket-king-size-slim","24":"first","25":"instock","26":"taxable","27":"shipping-taxable","28":"purchasable","29":"product-type-variable"},"_links":{"self":[{"href":"https:\/\/kushstar.ca\/fr\/wp-json\/wp\/v2\/product\/899","targetHints":{"allow":["GET"]}}],"collection":[{"href":"https:\/\/kushstar.ca\/fr\/wp-json\/wp\/v2\/product"}],"about":[{"href":"https:\/\/kushstar.ca\/fr\/wp-json\/wp\/v2\/types\/product"}],"replies":[{"embeddable":true,"href":"https:\/\/kushstar.ca\/fr\/wp-json\/wp\/v2\/comments?post=899"}],"wp:featuredmedia":[{"embeddable":true,"href":"https:\/\/kushstar.ca\/fr\/wp-json\/wp\/v2\/media\/1798"}],"wp:attachment":[{"href":"https:\/\/kushstar.ca\/fr\/wp-json\/wp\/v2\/media?parent=899"}],"wp:term":[{"taxonomy":"product_brand","embeddable":true,"href":"https:\/\/kushstar.ca\/fr\/wp-json\/wp\/v2\/product_brand?post=899"},{"taxonomy":"product_cat","embeddable":true,"href":"https:\/\/kushstar.ca\/fr\/wp-json\/wp\/v2\/product_cat?post=899"},{"taxonomy":"product_tag","embeddable":true,"href":"https:\/\/kushstar.ca\/fr\/wp-json\/wp\/v2\/product_tag?post=899"}],"curies":[{"name":"wp","href":"https:\/\/api.w.org\/{rel}","templated":true}]}}