{"id":888,"date":"2024-11-16T20:51:22","date_gmt":"2024-11-16T20:51:22","guid":{"rendered":"https:\/\/kushstar.ca\/?post_type=product&#038;p=888"},"modified":"2026-04-02T23:33:43","modified_gmt":"2026-04-03T03:33:43","slug":"stoner-kit-carry-on-smell-proof-bag","status":"publish","type":"product","link":"https:\/\/kushstar.ca\/fr\/produit\/stoner-kit-carry-on-smell-proof-bag","title":{"rendered":"Pochette de voyage \u2013 Sac de cabine rigide verrouillable et anti-odeurs \u2013 \u00c9tui rigide avec une bandouli\u00e8re r\u00e9glable et une petite poche"},"content":{"rendered":"<p><b><strong>Un bagage cabine rigide, verrouillable et anti-odeurs, dot\u00e9 d&#039;une bandouli\u00e8re r\u00e9glable, semble \u00eatre un choix pratique et s\u00fbr pour voyager. La coque rigide assure durabilit\u00e9 et protection \u00e0 vos affaires, tandis que le cadenas ajoute une s\u00e9curit\u00e9 suppl\u00e9mentaire, notamment lors de vos d\u00e9placements ou pour ranger votre sac dans des espaces partag\u00e9s. La fonction anti-odeurs est particuli\u00e8rement pratique pour contenir les odeurs, qu&#039;elles proviennent du linge sale ou des collations que vous transportez.<\/strong><\/b><\/p>\n<p><b><strong>La bandouli\u00e8re r\u00e9glable offre une polyvalence accrue et vous permet de porter le sac confortablement, que vous naviguiez dans des a\u00e9roports bond\u00e9s ou que vous parcouriez de longues distances \u00e0 pied. Elle est \u00e9galement pratique pour garder les mains libres en cas de besoin. Ce type de sac plaira probablement aux voyageurs qui privil\u00e9gient la s\u00e9curit\u00e9, la durabilit\u00e9 et la praticit\u00e9.<\/strong><\/b><\/p>","protected":false},"excerpt":{"rendered":"<p><strong>Caract\u00e9ristiques du sac :<\/strong><\/p>\n<ul>\n<li><strong>Couleurs des sacs : Noir, bleu marine et gris<\/strong><\/li>\n<li><strong>Dimensions du sac : 22,5 cm x 12,5 cm x 6,5 cm (8,9 pouces x 4,9 pouces x 2,6 pouces)<\/strong><\/li>\n<li><strong>Coque ext\u00e9rieure rigide avec fermeture \u00e9clair \u00e9tanche aux odeurs<\/strong><\/li>\n<li><strong>2 tirettes de fermeture \u00e9clair personnalis\u00e9es avec trous pour le cadenas<\/strong><\/li>\n<li><strong>3 cadenas \u00e0 combinaison num\u00e9rique interchangeables<\/strong><\/li>\n<li><strong>6 anneaux \u00e0 diff\u00e9rents endroits pour fixer le lacet d&#039;\u00e9paule<\/strong><\/li>\n<li><strong>bretelles r\u00e9glables avec une petite poche.<\/strong><\/li>\n<li><strong>cloisons int\u00e9rieures amovibles<\/strong><strong><br \/>\n<\/strong><\/li>\n<li><strong>2 emplacements pour cartes \u00e0 l&#039;arri\u00e8re du sac<\/strong><\/li>\n<li><strong>Fermeture velcro int\u00e9rieure sur le dessus pour maintenir votre t\u00e9l\u00e9phone portable ou un plateau.<br \/>\n<\/strong><\/li>\n<li><b>Sac l\u00e9ger, pratique et r\u00e9sistant pour vos courts et longs voyages<\/b><b><br \/>\n<\/b><\/li>\n<\/ul>","protected":false},"featured_media":1696,"comment_status":"open","ping_status":"closed","template":"","meta":[],"product_brand":[],"product_cat":[67],"product_tag":[206,213,205,211,210,219,203,204,208,218,217,209,72,221,214,212,207,220,216,215],"class_list":{"0":"post-888","1":"product","2":"type-product","3":"status-publish","4":"has-post-thumbnail","6":"product_cat-merch","7":"product_tag-adjustable-shoulder-strap","8":"product_tag-anti-theft-bag","9":"product_tag-carry-on-bag","10":"product_tag-compact-carry-on","11":"product_tag-durable-luggage","12":"product_tag-hard-case-bag","13":"product_tag-hard-shell-bag","14":"product_tag-lockable-travel-bag","15":"product_tag-odor-proof-bag","16":"product_tag-portable-travel-bag","17":"product_tag-secure-carry-on","18":"product_tag-secure-travel-case","19":"product_tag-smell-proof-bag","20":"product_tag-smell-proof-container","21":"product_tag-smell-proof-luggage","22":"product_tag-travel-accessory","23":"product_tag-travel-bag","24":"product_tag-travel-gear","25":"product_tag-travel-organizer","26":"product_tag-tsa-friendly-bag","27":"product_shipping_class-kushstar-bag","29":"first","30":"instock","31":"taxable","32":"shipping-taxable","33":"purchasable","34":"product-type-variable"},"_links":{"self":[{"href":"https:\/\/kushstar.ca\/fr\/wp-json\/wp\/v2\/product\/888","targetHints":{"allow":["GET"]}}],"collection":[{"href":"https:\/\/kushstar.ca\/fr\/wp-json\/wp\/v2\/product"}],"about":[{"href":"https:\/\/kushstar.ca\/fr\/wp-json\/wp\/v2\/types\/product"}],"replies":[{"embeddable":true,"href":"https:\/\/kushstar.ca\/fr\/wp-json\/wp\/v2\/comments?post=888"}],"wp:featuredmedia":[{"embeddable":true,"href":"https:\/\/kushstar.ca\/fr\/wp-json\/wp\/v2\/media\/1696"}],"wp:attachment":[{"href":"https:\/\/kushstar.ca\/fr\/wp-json\/wp\/v2\/media?parent=888"}],"wp:term":[{"taxonomy":"product_brand","embeddable":true,"href":"https:\/\/kushstar.ca\/fr\/wp-json\/wp\/v2\/product_brand?post=888"},{"taxonomy":"product_cat","embeddable":true,"href":"https:\/\/kushstar.ca\/fr\/wp-json\/wp\/v2\/product_cat?post=888"},{"taxonomy":"product_tag","embeddable":true,"href":"https:\/\/kushstar.ca\/fr\/wp-json\/wp\/v2\/product_tag?post=888"}],"curies":[{"name":"wp","href":"https:\/\/api.w.org\/{rel}","templated":true}]}}