{"id":881,"date":"2025-09-24T02:45:16","date_gmt":"2025-09-24T06:45:16","guid":{"rendered":"https:\/\/kushstar.ca\/?post_type=product&#038;p=881"},"modified":"2026-04-02T23:18:25","modified_gmt":"2026-04-03T03:18:25","slug":"joint-slider","status":"publish","type":"product","link":"https:\/\/kushstar.ca\/fr\/produit\/joint-slider","title":{"rendered":"Curseur articul\u00e9 \u2013 \u00c9tui anti-odeurs aux coins arrondis avec zone briquet et J d\u00e9di\u00e9e \u2013 Compatible avec les briquets King Size et TOUS les briquets"},"content":{"rendered":"<p><b><strong>Cet \u00e9tui est con\u00e7u pour accueillir jusqu&#039;\u00e0 7 joints King Size et votre briquet dans leurs compartiments respectifs. Cet \u00e9tui 3D anti-odeurs, fin et r\u00e9sistant, vous simplifiera la vie lors de vos courts d\u00e9placements. Emportez vos joints pr\u00e9-roul\u00e9s en toute simplicit\u00e9. Fabriqu\u00e9 en mat\u00e9riau imprim\u00e9 en 3D, il se compose d&#039;une base rigide et d&#039;une partie sup\u00e9rieure flexible. Cette derni\u00e8re coulisse parfaitement et assure une fermeture herm\u00e9tique. Durable et r\u00e9sistant, il est sans danger pour les produits comestibles. Cet \u00e9tui \u00e0 joints est disponible en quantit\u00e9 limit\u00e9e\u00a0; les joints pr\u00e9-roul\u00e9s et le briquet ne sont pas inclus. Compatible avec les briquets BIC ou CLIPPERS, il est dot\u00e9 de coins arrondis pour une ouverture et une fermeture en douceur.<\/strong><\/b><\/p>","protected":false},"excerpt":{"rendered":"<p><strong>Caract\u00e9ristiques du curseur articulaire imprim\u00e9 en 3D\u00a0:<\/strong><\/p>\n<ul>\n<li><strong>Couleurs : Noir et vert, Noir et rose, Noir et or et Noir et bleu<\/strong><\/li>\n<li><strong>Dimensions : 9,9 cm x 7,7 cm x 2,2 cm (3,9 po x 3,0 po x 0,86 po)<br \/>\n<\/strong><\/li>\n<li><strong>Compartiments d\u00e9di\u00e9s aux articulations et aux lumi\u00e8res<\/strong><\/li>\n<li><strong>Convient jusqu&#039;\u00e0 7 joints fins de taille King<\/strong><\/li>\n<li><strong>La partie inf\u00e9rieure est en PLA (acide polylactique).<\/strong><\/li>\n<li><strong>La partie sup\u00e9rieure est en PETG (poly\u00e9thyl\u00e8ne t\u00e9r\u00e9phtalate glycol).<\/strong><\/li>\n<li><strong>Glissez fermement de haut en bas pour une \u00e9tanch\u00e9it\u00e9 parfaite. <\/strong><\/li>\n<li><strong>Coins arrondis pour une glisse en douceur<\/strong><\/li>\n<li><strong>\u00c9tui anti-odeurs, fin et pratique<\/strong><\/li>\n<li><strong>Sans danger pour une utilisation avec des aliments comestibles et des produits \u00e0 fumer<\/strong><\/li>\n<\/ul>","protected":false},"featured_media":2357,"comment_status":"open","ping_status":"closed","template":"","meta":[],"product_brand":[],"product_cat":[187],"product_tag":[550,606,531,523,608,607,611,610,242,602,554,601,605,612,604,609,243,256,249,247,603],"class_list":{"0":"post-881","1":"product","2":"type-product","3":"status-publish","4":"has-post-thumbnail","6":"product_cat-js-holder","7":"product_tag-3d-printed-case","8":"product_tag-bic-lighter-holder","9":"product_tag-cannabis-accessory-case","10":"product_tag-clipper-lighter-holder","11":"product_tag-discreet-cannabis-storage","12":"product_tag-durable-joint-box","13":"product_tag-flexible-lid-case","14":"product_tag-hard-shell-joint-case","15":"product_tag-joint-case","16":"product_tag-joint-holder-7-pack","17":"product_tag-joint-travel-case","18":"product_tag-king-size-joint-holder","19":"product_tag-lighter-compartment-case","20":"product_tag-limited-edition-joint-case","21":"product_tag-portable-joint-holder","22":"product_tag-pre-rolled-doobie-case","23":"product_tag-pre-roll-case","24":"product_tag-pre-roll-storage","25":"product_tag-slim-joint-case","26":"product_tag-smell-proof-joint-case","27":"product_tag-weed-joint-container","28":"product_shipping_class-bic-joint-slider","30":"first","31":"instock","32":"taxable","33":"shipping-taxable","34":"purchasable","35":"product-type-variable"},"_links":{"self":[{"href":"https:\/\/kushstar.ca\/fr\/wp-json\/wp\/v2\/product\/881","targetHints":{"allow":["GET"]}}],"collection":[{"href":"https:\/\/kushstar.ca\/fr\/wp-json\/wp\/v2\/product"}],"about":[{"href":"https:\/\/kushstar.ca\/fr\/wp-json\/wp\/v2\/types\/product"}],"replies":[{"embeddable":true,"href":"https:\/\/kushstar.ca\/fr\/wp-json\/wp\/v2\/comments?post=881"}],"wp:featuredmedia":[{"embeddable":true,"href":"https:\/\/kushstar.ca\/fr\/wp-json\/wp\/v2\/media\/2357"}],"wp:attachment":[{"href":"https:\/\/kushstar.ca\/fr\/wp-json\/wp\/v2\/media?parent=881"}],"wp:term":[{"taxonomy":"product_brand","embeddable":true,"href":"https:\/\/kushstar.ca\/fr\/wp-json\/wp\/v2\/product_brand?post=881"},{"taxonomy":"product_cat","embeddable":true,"href":"https:\/\/kushstar.ca\/fr\/wp-json\/wp\/v2\/product_cat?post=881"},{"taxonomy":"product_tag","embeddable":true,"href":"https:\/\/kushstar.ca\/fr\/wp-json\/wp\/v2\/product_tag?post=881"}],"curies":[{"name":"wp","href":"https:\/\/api.w.org\/{rel}","templated":true}]}}