{"id":874,"date":"2025-09-24T02:21:12","date_gmt":"2025-09-24T06:21:12","guid":{"rendered":"https:\/\/kushstar.ca\/?post_type=product&#038;p=874"},"modified":"2026-04-02T23:19:40","modified_gmt":"2026-04-03T03:19:40","slug":"stoner-kit-rolling","status":"publish","type":"product","link":"https:\/\/kushstar.ca\/fr\/produit\/stoner-kit-rolling","title":{"rendered":"Kit de roulage de luxe \u2013 Sac anti-odeurs avec tous les accessoires pour rouler et partager des joints"},"content":{"rendered":"<p><b><strong>D\u00e9couvrez notre nouveau kit de fumage verrouillable et anti-odeurs, indispensable pour les amateurs d&#039;activit\u00e9s de plein air et de praticit\u00e9. Ce sac zipp\u00e9 anti-odeurs personnalis\u00e9 est con\u00e7u pour contenir les odeurs. Polyvalent et \u00e9l\u00e9gant, il se porte \u00e0 la main ou \u00e0 l&#039;\u00e9paule. Ce sac propose diff\u00e9rentes options d&#039;accessoires pour fumer et vous permet de profiter facilement de vos sessions en plein air. Notre kit de fumage regroupe tous vos essentiels pour fumer en six options pour votre camping, festival ou s\u00e9jour au parc. Pour que vous ayez tout ce dont vous avez besoin \u00e0 port\u00e9e de main, il est \u00e9quip\u00e9 de couronnes et de filtres en verre aimant\u00e9s pour partager un joint sans salive.<br \/>\n<\/strong><\/b><\/p>\n<p><b><strong>Confort personnalisable\u00a0: Le cordon d&#039;\u00e9paule r\u00e9glable et amovible offre une polyvalence in\u00e9gal\u00e9e, vous permettant de porter le sac confortablement. Il s&#039;adapte \u00e0 toutes vos pr\u00e9f\u00e9rences\u00a0: \u00e0 l&#039;\u00e9paule, en bandouli\u00e8re ou m\u00eame comme bagage cabine traditionnel.<\/strong><\/b><\/p>\n<p><b><strong>Polyvalence : Que vous voyagiez, vous rendiez au travail ou profitiez simplement d&#039;une journ\u00e9e entre amis, notre sac pour fumeur vous permet d&#039;\u00eatre toujours pr\u00eat. L\u00e9ger, r\u00e9sistant et discret, c&#039;est le compagnon id\u00e9al en toute occasion.<\/strong><\/b><\/p>\n<p><b><strong>Design soign\u00e9 : Ax\u00e9s sur la fonctionnalit\u00e9 et l&#039;esth\u00e9tique, nos sacs \u00e0 outils personnalis\u00e9s pour bagages \u00e0 main pr\u00e9sentent un design \u00e9l\u00e9gant et sobre qui s&#039;int\u00e8gre parfaitement \u00e0 tous les styles de vie. De sa construction robuste \u00e0 son agencement intuitif, chaque aspect a \u00e9t\u00e9 m\u00e9ticuleusement con\u00e7u.<\/strong><\/b><\/p>","protected":false},"excerpt":{"rendered":"<p><strong>Chaque kit est livr\u00e9 dans une pochette herm\u00e9tique et anti-odeurs contenant l&#039;ensemble complet de feuilles \u00e0 rouler KushStar, 2 grinders et 1 plateau \u00e0 rouler avec couvercle magn\u00e9tique. Vous trouverez ci-dessous les options propos\u00e9es, combin\u00e9es aux produits mentionn\u00e9s plus haut.<\/strong><\/p>\n<p><strong>Les 6 options diff\u00e9rentes de kits de sacs KushStar\u00a0:<\/strong><\/p>\n<ul>\n<li><strong>Option 1 : Support de joint avec<strong> broyeurs bleus et blancs<br \/>\n<\/strong><\/strong><\/li>\n<li><strong>Option 2\u00a0: Porte-joint et embouts en verre aimant\u00e9s avec<strong> broyeurs bleus et blancs<br \/>\n<\/strong><\/strong><\/li>\n<li><strong>Option 3 : Dugout\/pipe et embouts en verre aimant\u00e9s avec<strong> broyeurs bleus et blancs<\/strong><\/strong><\/li>\n<li><strong>Option 4 : Support de joint avec<strong> broyeurs verts et noirs<br \/>\n<\/strong><\/strong><\/li>\n<li><strong>Option 5\u00a0: Porte-joint et embouts en verre aimant\u00e9s avec<strong> broyeurs verts et noirs<br \/>\n<\/strong><\/strong><\/li>\n<li><strong>Option 6\u00a0: Dugout\/pipe et embouts en verre aimant\u00e9s avec<strong> broyeurs verts et noirs <\/strong><\/strong><\/li>\n<\/ul>\n<p><strong>Caract\u00e9ristiques du sac :<\/strong><\/p>\n<ul>\n<li><strong>Couleurs des sacs : Noir, bleu marine et gris<\/strong><\/li>\n<li><strong>Dimensions du sac : 22,5 cm x 12,5 cm x 6,5 cm (8,9 pouces x 4,9 pouces x 2,6 pouces)<\/strong><\/li>\n<li><strong>Coque ext\u00e9rieure rigide avec fermeture \u00e9clair \u00e9tanche aux odeurs<\/strong><\/li>\n<li><strong>2 tirettes de fermeture \u00e9clair personnalis\u00e9es avec trous pour le cadenas<\/strong><\/li>\n<li><strong>3 cadenas \u00e0 combinaison num\u00e9rique interchangeables<\/strong><\/li>\n<li><strong>6 anneaux \u00e0 diff\u00e9rents endroits pour fixer le lacet d&#039;\u00e9paule<\/strong><\/li>\n<li><strong>bretelles r\u00e9glables avec une petite poche.<\/strong><\/li>\n<li><strong>cloisons int\u00e9rieures amovibles<\/strong><\/li>\n<li><strong>2 emplacements pour cartes \u00e0 l&#039;arri\u00e8re du sac<\/strong><\/li>\n<li><strong>Fermeture velcro int\u00e9rieure sur le dessus pour maintenir votre t\u00e9l\u00e9phone portable ou un plateau.<\/strong><\/li>\n<li><strong>Sac l\u00e9ger, pratique et r\u00e9sistant pour vos courts et longs voyages<\/strong><b><br \/>\n<\/b><\/li>\n<\/ul>\n<p><strong>Caract\u00e9ristiques des accessoires\u00a0:<\/strong><\/p>\n<ul>\n<li><strong>Ensemble de 12 pi\u00e8ces comprenant 8 embouts en verre aimant\u00e9s (\u00e0 distribuer) et 4 couronnes en verre aimant\u00e9es (\u00e0 ins\u00e9rer dans l&#039;articulation).<\/strong><\/li>\n<li><strong>Canne \u00e0 pipe en bois exotique avec adaptateur de chambre pour la transformer en pipe (Dimensions : Canne 4,9 cm x 8,8 cm, Chambre : 3,6 x 1,7 cm)<\/strong><\/li>\n<li><strong>\u00c9tui porte-articulation imprim\u00e9 en 3D de couleur verte et jaune (Dimensions 11,8 cm x 4,8 cm)<\/strong><\/li>\n<li><strong>Carnet de 1-1\/4 et format King de papier filigran\u00e9 en chanvre biologique 100% avec pointes perfor\u00e9es naturelles<\/strong><\/li>\n<li><strong>Carnet de papier de chanvre biologique 1-1\/4 format 100%<\/strong><\/li>\n<li><strong>Livret d&#039;embouts de filtre perfor\u00e9s naturels<\/strong><\/li>\n<li><strong>Plateau \u00e0 rouler + couvercles magn\u00e9tiques souples (Dimensions : 19,6 cm x 9,3 cm)<\/strong><\/li>\n<li><strong>Broyeur en chanvre recycl\u00e9 de couleur noire ou blanche (Dimensions : 4,0 cm x 2,0 cm)<\/strong><\/li>\n<li><strong>Broyeur en plastique avec compartiment de rangement et r\u00e9cup\u00e9rateur de kief, de couleur bleue ou verte (Dimensions : 4,0 cm x 6,2 cm)<\/strong><\/li>\n<li><strong>Combinaison de couleurs pour le broyeur : noir et vert ou blanc et bleu<\/strong><\/li>\n<\/ul>","protected":false},"featured_media":2636,"comment_status":"open","ping_status":"closed","template":"","meta":[],"product_brand":[],"product_cat":[510],"product_tag":[134,135,132,140,126,123,133,141,131,130,124,137,80,125,129,127,139,138,136,128],"class_list":{"0":"post-874","1":"product","2":"type-product","3":"status-publish","4":"has-post-thumbnail","6":"product_cat-kits","7":"product_tag-6-in-1-rolling-kit","8":"product_tag-adjustable-carry-bag","9":"product_tag-camping-smoker-bag","10":"product_tag-customizable-carry-on-bag","11":"product_tag-customizable-smoking-bag","12":"product_tag-deluxe-rolling-kit","13":"product_tag-discreet-smoker-pouch","14":"product_tag-durable-smoking-accessories-kit","15":"product_tag-festival-smoking-kit","16":"product_tag-glass-crown-joint-tips","17":"product_tag-lockable-smell-proof-bag","18":"product_tag-magnetized-glass-tips","19":"product_tag-on-the-go-smoking-set","20":"product_tag-outdoor-stoner-kit","21":"product_tag-saliva-free-joint-tips","22":"product_tag-shoulder-strap-stash-bag","23":"product_tag-smell-proof-travel-kit","24":"product_tag-stylish-stash-bag","25":"product_tag-travel-friendly-smoking-kit","26":"product_tag-versatile-smoker-kit","27":"product_shipping_class-kushstar-bag","29":"first","30":"instock","31":"taxable","32":"shipping-taxable","33":"purchasable","34":"product-type-variable"},"_links":{"self":[{"href":"https:\/\/kushstar.ca\/fr\/wp-json\/wp\/v2\/product\/874","targetHints":{"allow":["GET"]}}],"collection":[{"href":"https:\/\/kushstar.ca\/fr\/wp-json\/wp\/v2\/product"}],"about":[{"href":"https:\/\/kushstar.ca\/fr\/wp-json\/wp\/v2\/types\/product"}],"replies":[{"embeddable":true,"href":"https:\/\/kushstar.ca\/fr\/wp-json\/wp\/v2\/comments?post=874"}],"wp:featuredmedia":[{"embeddable":true,"href":"https:\/\/kushstar.ca\/fr\/wp-json\/wp\/v2\/media\/2636"}],"wp:attachment":[{"href":"https:\/\/kushstar.ca\/fr\/wp-json\/wp\/v2\/media?parent=874"}],"wp:term":[{"taxonomy":"product_brand","embeddable":true,"href":"https:\/\/kushstar.ca\/fr\/wp-json\/wp\/v2\/product_brand?post=874"},{"taxonomy":"product_cat","embeddable":true,"href":"https:\/\/kushstar.ca\/fr\/wp-json\/wp\/v2\/product_cat?post=874"},{"taxonomy":"product_tag","embeddable":true,"href":"https:\/\/kushstar.ca\/fr\/wp-json\/wp\/v2\/product_tag?post=874"}],"curies":[{"name":"wp","href":"https:\/\/api.w.org\/{rel}","templated":true}]}}