{"id":873,"date":"2024-11-16T20:51:11","date_gmt":"2024-11-16T20:51:11","guid":{"rendered":"https:\/\/kushstar.ca\/?post_type=product&#038;p=873"},"modified":"2026-04-02T23:33:38","modified_gmt":"2026-04-03T03:33:38","slug":"glow-in-the-dark-large-joint-holder-fits-king-size-slim-kushstar-papers","status":"publish","type":"product","link":"https:\/\/kushstar.ca\/fr\/produit\/glow-in-the-dark-large-joint-holder-fits-king-size-slim-kushstar-papers","title":{"rendered":"Grand porte-joint phosphorescent \u2013 Compatible avec les feuilles KushStar Slim King Size"},"content":{"rendered":"<p><b><strong>D\u00e9couvrez notre curseur de joint r\u00e9volutionnaire imprim\u00e9 en 3D et phosphorescent, une innovation de pointe alliant parfaitement fonctionnalit\u00e9 et esth\u00e9tique. Fabriqu\u00e9 \u00e0 partir de mat\u00e9riaux durables et de haute qualit\u00e9, ce curseur de joint arbore un design unique qui le distingue des mod\u00e8les traditionnels. Il est parfaitement adapt\u00e9 aux joints jusqu&#039;\u00e0 la taille King Size Slim. Le mat\u00e9riau de ce bo\u00eetier est compos\u00e9 de\u2026 <span class=\"ILfuVd\" lang=\"en\"><span class=\"hgKElc\"><span tabindex=\"0\" role=\"tooltip\"><span class=\"c5aZPb\" tabindex=\"0\" role=\"button\" data-enable-toggle-animation=\"true\" data-extra-container-classes=\"ZLo7Eb\" data-hover-hide-delay=\"1000\" data-hover-open-delay=\"500\" data-send-open-event=\"true\" data-theme=\"0\" data-width=\"250\" data-ved=\"2ahUKEwiTsLfj2daDAxW3rYkEHYR-AhQQmpgGegQICxAD\"><span class=\"JPfdse\" data-bubble-link=\"\" data-segment-text=\"Polyethylene terephthalate\">poly\u00e9thyl\u00e8ne t\u00e9r\u00e9phtalate<\/span><\/span><\/span> glycol, connu sous le nom de PETG<\/span><\/span> Ce qui conf\u00e8re \u00e0 l&#039;\u00e9tui sa grande r\u00e9sistance. Il peut \u00eatre utilis\u00e9 sans risque avec des produits comestibles, m\u00eame sans pr\u00e9-roul\u00e9s.<br \/>\n<\/strong><\/b><\/p>\n<p><b><strong>Caract\u00e9ristiques principales :<\/strong><\/b><\/p>\n<ul>\n<li><b><strong>Technologie phosphorescente :<\/strong> Ce curseur pr\u00e9sente un effet phosphorescent captivant, ce qui en fait un accessoire \u00e0 la fois pratique et esth\u00e9tique. Cette caract\u00e9ristique am\u00e9liore la visibilit\u00e9 dans des conditions de faible luminosit\u00e9, offrant ainsi une fonctionnalit\u00e9 suppl\u00e9mentaire. Ce curseur phosphorescent se recharge sous une lampe ou \u00e0 la lumi\u00e8re du jour.<br \/>\n<\/b><\/li>\n<li><b><strong>Impression 3D de pr\u00e9cision :<\/strong> Fabriqu\u00e9 avec une pr\u00e9cision m\u00e9ticuleuse gr\u00e2ce \u00e0 une technologie d&#039;impression 3D de pointe, ce curseur d&#039;articulation garantit une grande pr\u00e9cision. Les d\u00e9tails soign\u00e9s du design KushStar contribuent \u00e0 son fonctionnement fluide.<\/b><\/li>\n<li><b><strong>Construction durable :<\/strong> Con\u00e7u pour r\u00e9sister \u00e0 l&#039;usure, ce patin de protection est fabriqu\u00e9 \u00e0 partir de mat\u00e9riaux robustes qui garantissent sa long\u00e9vit\u00e9. Parfait pour un usage quotidien, il est con\u00e7u pour supporter les exigences de diverses situations. <\/b><\/li>\n<\/ul>","protected":false},"excerpt":{"rendered":"<p><strong>Caract\u00e9ristiques de l&#039;affaire conjointe\u00a0:<\/strong><\/p>\n<ul>\n<li><strong><strong>Couleur : orange, vert<\/strong><\/strong><\/li>\n<li><strong>Dimensions:<\/strong><strong> 11,8 cm x 5,8 cm x 1,6 cm<\/strong><\/li>\n<li><strong>Convient jusqu&#039;\u00e0 5 joints fins de taille King<\/strong><\/li>\n<li><strong>La partie sup\u00e9rieure du bo\u00eetier coulisse de gauche \u00e0 droite pour s&#039;ouvrir et de droite \u00e0 gauche pour se fermer.<\/strong><\/li>\n<li><strong><span class=\"JPfdse\" data-bubble-link=\"\" data-segment-text=\"Polyethylene terephthalate\">Mat\u00e9riau : Poly\u00e9thyl\u00e8ne t\u00e9r\u00e9phtalate glycol, connu sous le nom de PETG<\/span><\/strong><\/li>\n<li><strong>Sans danger pour une utilisation avec des aliments comestibles et des produits \u00e0 fumer<br \/>\n<\/strong><\/li>\n<li><b>Pratique et parfait pour une utilisation quotidienne<br \/>\n<\/b><\/li>\n<\/ul>","protected":false},"featured_media":2338,"comment_status":"open","ping_status":"closed","template":"","meta":[],"product_brand":[],"product_cat":[187],"product_tag":[648,635,531,646,608,248,633,634,647,636,641,649,640,644,638,643,637,639,645,642],"class_list":{"0":"post-873","1":"product","2":"type-product","3":"status-publish","4":"has-post-thumbnail","6":"product_cat-js-holder","7":"product_tag-3d-printed-cannabis-accessory","8":"product_tag-3d-printed-joint-holder","9":"product_tag-cannabis-accessory-case","10":"product_tag-daily-use-joint-case","11":"product_tag-discreet-cannabis-storage","12":"product_tag-durable-joint-container","13":"product_tag-glow-in-the-dark-joint-case","14":"product_tag-glow-joint-slider","15":"product_tag-king-size-pre-roll-holder","16":"product_tag-king-size-slim-joint-case","17":"product_tag-kushstar-joint-case","18":"product_tag-limited-edition-joint-slider","19":"product_tag-luminous-joint-holder","20":"product_tag-night-glow-joint-box","21":"product_tag-petg-joint-case","22":"product_tag-portable-pre-roll-case","23":"product_tag-pre-roll-slider-case","24":"product_tag-smell-proof-joint-holder","25":"product_tag-strong-resistant-joint-case","26":"product_tag-weed-joint-storage","27":"product_shipping_class-bundle-5-pack-king-size-slim","29":"first","30":"instock","31":"taxable","32":"shipping-taxable","33":"purchasable","34":"product-type-variable"},"_links":{"self":[{"href":"https:\/\/kushstar.ca\/fr\/wp-json\/wp\/v2\/product\/873","targetHints":{"allow":["GET"]}}],"collection":[{"href":"https:\/\/kushstar.ca\/fr\/wp-json\/wp\/v2\/product"}],"about":[{"href":"https:\/\/kushstar.ca\/fr\/wp-json\/wp\/v2\/types\/product"}],"replies":[{"embeddable":true,"href":"https:\/\/kushstar.ca\/fr\/wp-json\/wp\/v2\/comments?post=873"}],"wp:featuredmedia":[{"embeddable":true,"href":"https:\/\/kushstar.ca\/fr\/wp-json\/wp\/v2\/media\/2338"}],"wp:attachment":[{"href":"https:\/\/kushstar.ca\/fr\/wp-json\/wp\/v2\/media?parent=873"}],"wp:term":[{"taxonomy":"product_brand","embeddable":true,"href":"https:\/\/kushstar.ca\/fr\/wp-json\/wp\/v2\/product_brand?post=873"},{"taxonomy":"product_cat","embeddable":true,"href":"https:\/\/kushstar.ca\/fr\/wp-json\/wp\/v2\/product_cat?post=873"},{"taxonomy":"product_tag","embeddable":true,"href":"https:\/\/kushstar.ca\/fr\/wp-json\/wp\/v2\/product_tag?post=873"}],"curies":[{"name":"wp","href":"https:\/\/api.w.org\/{rel}","templated":true}]}}