{"id":869,"date":"2024-11-16T20:51:08","date_gmt":"2024-11-16T20:51:08","guid":{"rendered":"https:\/\/kushstar.ca\/?post_type=product&#038;p=869"},"modified":"2026-04-02T23:33:22","modified_gmt":"2026-04-03T03:33:22","slug":"kushstar-knit-cuff-beanie","status":"publish","type":"product","link":"https:\/\/kushstar.ca\/fr\/produit\/kushstar-knit-cuff-beanie","title":{"rendered":"Bonnet \u00e0 revers en tricot KushStar"},"content":{"rendered":"<p><b><strong>Le bonnet \u00e0 revers en tricot c\u00f4tel\u00e9 KushStar est un accessoire \u00e9l\u00e9gant et polyvalent alliant mode et fonctionnalit\u00e9. Confectionn\u00e9 dans un tissu c\u00f4tel\u00e9 de haute qualit\u00e9, doux et extensible, il offre un ajustement confortable et ajust\u00e9, s&#039;adaptant \u00e0 toutes les tailles de t\u00eate.<\/strong><\/b><\/p>\n<p><b><strong>Que vous cherchiez \u00e0 rester au chaud pendant les mois les plus froids ou \u00e0 ajouter une touche mode \u00e0 votre tenue, le bonnet \u00e0 revers en tricot c\u00f4tel\u00e9 est un accessoire incontournable qui allie confort et style.<\/strong><\/b><\/p>\n<p><b><\/b><b><strong><u>Mat\u00e9riel<\/u>:Le bonnet est fabriqu\u00e9 \u00e0 partir de mat\u00e9riaux de qualit\u00e9 acrylique 100% offrant chaleur et durabilit\u00e9.<br \/>\n<b><strong><br \/>\n<u>Conception en tricot c\u00f4tel\u00e9<\/u>Le motif c\u00f4tel\u00e9 ajoute une touche textur\u00e9e et visuellement attrayante au bonnet. Les c\u00f4tes cr\u00e9ent un motif vertical subtil qui rehausse l&#039;esth\u00e9tique g\u00e9n\u00e9rale.<br \/>\n<b><\/b><\/strong><\/b><\/strong><\/b><\/p>","protected":false},"excerpt":{"rendered":"<p><strong>Caract\u00e9ristiques du bonnet :<\/strong><\/p>\n<ul>\n<li><strong>Disponible en 2 couleurs\u00a0: gris graphite ou bleu marine avec broderie du logo KushStar <\/strong><strong><br \/>\n<\/strong><\/li>\n<li><strong>Taille unique, en tissu acrylique 100%<br \/>\n<\/strong><\/li>\n<li><strong>Produit hybride, id\u00e9al pour les activit\u00e9s de plein air ou pour un look d\u00e9contract\u00e9 et \u00e9l\u00e9gant.<\/strong><strong><br \/>\n<\/strong><\/li>\n<li><strong>Dimensions : Largeur : 25,40 cm x Hauteur : 21,50 cm<\/strong><strong><br \/>\n<\/strong><\/li>\n<li><strong>Le bord repli\u00e9 offre une chaleur suppl\u00e9mentaire aux oreilles<br \/>\n<\/strong><\/li>\n<li><strong>Le bonnet \u00e0 revers c\u00f4tel\u00e9 est g\u00e9n\u00e9ralement con\u00e7u pour \u00eatre unisexe.<\/strong><\/li>\n<\/ul>","protected":false},"featured_media":1828,"comment_status":"open","ping_status":"closed","template":"","meta":[],"product_brand":[],"product_cat":[67],"product_tag":[225,236,229,224,235,240,241,237,232,222,223,239,238,234,228,230,233,227,231,226],"class_list":{"0":"post-869","1":"product","2":"type-product","3":"status-publish","4":"has-post-thumbnail","6":"product_cat-merch","7":"product_tag-acrylic-beanie","8":"product_tag-cold-weather-accessory","9":"product_tag-cozy-beanie","10":"product_tag-cuff-beanie","11":"product_tag-durable-winter-hat","12":"product_tag-everyday-beanie","13":"product_tag-fall-winter-fashion","14":"product_tag-fashion-beanie","15":"product_tag-knit-hat","16":"product_tag-kushstar-beanie","17":"product_tag-rib-knit-beanie","18":"product_tag-ribbed-cuff-hat","19":"product_tag-snug-fit-beanie","20":"product_tag-soft-beanie","21":"product_tag-stretchable-beanie","22":"product_tag-stylish-beanie","23":"product_tag-textured-beanie","24":"product_tag-unisex-beanie","25":"product_tag-warm-beanie","26":"product_tag-winter-hat","27":"product_shipping_class-beanie","29":"first","30":"instock","31":"taxable","32":"shipping-taxable","33":"purchasable","34":"product-type-variable","35":"has-default-attributes"},"_links":{"self":[{"href":"https:\/\/kushstar.ca\/fr\/wp-json\/wp\/v2\/product\/869","targetHints":{"allow":["GET"]}}],"collection":[{"href":"https:\/\/kushstar.ca\/fr\/wp-json\/wp\/v2\/product"}],"about":[{"href":"https:\/\/kushstar.ca\/fr\/wp-json\/wp\/v2\/types\/product"}],"replies":[{"embeddable":true,"href":"https:\/\/kushstar.ca\/fr\/wp-json\/wp\/v2\/comments?post=869"}],"wp:featuredmedia":[{"embeddable":true,"href":"https:\/\/kushstar.ca\/fr\/wp-json\/wp\/v2\/media\/1828"}],"wp:attachment":[{"href":"https:\/\/kushstar.ca\/fr\/wp-json\/wp\/v2\/media?parent=869"}],"wp:term":[{"taxonomy":"product_brand","embeddable":true,"href":"https:\/\/kushstar.ca\/fr\/wp-json\/wp\/v2\/product_brand?post=869"},{"taxonomy":"product_cat","embeddable":true,"href":"https:\/\/kushstar.ca\/fr\/wp-json\/wp\/v2\/product_cat?post=869"},{"taxonomy":"product_tag","embeddable":true,"href":"https:\/\/kushstar.ca\/fr\/wp-json\/wp\/v2\/product_tag?post=869"}],"curies":[{"name":"wp","href":"https:\/\/api.w.org\/{rel}","templated":true}]}}