{"id":861,"date":"2024-11-16T20:51:03","date_gmt":"2024-11-16T20:51:03","guid":{"rendered":"https:\/\/kushstar.ca\/?post_type=product&#038;p=861"},"modified":"2026-04-02T23:33:20","modified_gmt":"2026-04-03T03:33:20","slug":"kushstar-t-shirt-dryblend-technology-black-or-white","status":"publish","type":"product","link":"https:\/\/kushstar.ca\/fr\/produit\/kushstar-t-shirt-dryblend-technology-black-or-white","title":{"rendered":"T-shirt KushStar \u2013 Technologie DryBlend \u2013 Noir ou blanc"},"content":{"rendered":"<p><b><strong>D\u00e9couvrez notre derni\u00e8re innovation en mati\u00e8re de confort et de style\u00a0: le t-shirt DryBlend. Confectionn\u00e9 dans un m\u00e9lange parfait de coton 50% et de polyester 50%, ce t-shirt allie le meilleur des deux mondes. Il allie la douceur naturelle du coton \u00e0 la durabilit\u00e9 et aux propri\u00e9t\u00e9s anti-humidit\u00e9 du polyester. Voici pourquoi vous l&#039;adorerez\u00a0:<\/strong><\/b><br \/>\n<b><strong><br \/>\n<u>Confort ultime<\/u>Le coton offre une sensation douce, respirante et confortable sur la peau. Il est id\u00e9al \u00e0 porter toute la journ\u00e9e, que vous soyez au bureau, \u00e0 la salle de sport ou simplement pour vous d\u00e9tendre \u00e0 la maison.<\/strong><\/b><br \/>\n<b><strong><br \/>\n<u>Technologie d&#039;\u00e9vacuation de l&#039;humidit\u00e9<\/u>Le m\u00e9lange de polyester \u00e9vacue activement l&#039;humidit\u00e9, vous gardant au frais et au sec. Lors des journ\u00e9es les plus chaudes ou des activit\u00e9s intenses, dites adieu aux zones de transpiration inconfortables\u00a0!<br \/>\n<b><strong><br \/>\n<u>Durabilit\u00e9<\/u>Gr\u00e2ce \u00e0 son m\u00e9lange de polyester, ce t-shirt est plus r\u00e9sistant \u00e0 l&#039;usure. Il conserve ainsi sa forme et sa couleur lavage apr\u00e8s lavage. Con\u00e7u pour durer, il deviendra un incontournable de votre garde-robe pour les ann\u00e9es \u00e0 venir.<br \/>\n<b><strong><br \/>\n<u>Style polyvalent<\/u>Que vous pr\u00e9f\u00e9riez un look d\u00e9contract\u00e9 ou plus habill\u00e9, le t-shirt Dryblend est un ajout polyvalent \u00e0 toutes vos tenues. Il se porte facilement avec un jean, un short ou m\u00eame sous un blazer pour un ensemble chic et d\u00e9contract\u00e9.<br \/>\n<b><strong><br \/>\n<u>Entretien facile<\/u>:Cette chemise est facile \u00e0 entretenir, il suffit de la mettre dans la machine \u00e0 laver et elle ressort comme neuve \u00e0 chaque fois.<\/strong><\/b><\/strong><\/b><\/strong><\/b><\/strong><\/b><\/p>\n<p><b><\/b><b><strong>Que vous recherchiez un t-shirt confortable au quotidien ou une option fiable, notre t-shirt KushStar Dryblend, compos\u00e9 \u00e0 50\/50 de coton et de polyester, est le choix id\u00e9al. D\u00e9couvrez d\u00e8s aujourd&#039;hui l&#039;alliance du confort, de la durabilit\u00e9 et du style\u00a0!<\/strong><\/b><\/p>","protected":false},"excerpt":{"rendered":"<p><strong>Caract\u00e9ristiques de ce t-shirt DryBlend\u00a0:<\/strong><\/p>\n<ul>\n<li><strong>Tissu en coton 50% et en polyester 50%<br \/>\n<\/strong><\/li>\n<li><strong>Disponible en 2 couleurs : noir ou blanc<\/strong><\/li>\n<li><strong>Disponible en 5 tailles : S, M, L, XL et 2XL <\/strong><\/li>\n<li><strong>Pour conna\u00eetre la longueur et la largeur de chaque taille, veuillez consulter la derni\u00e8re image de la galerie.<\/strong><strong><br \/>\n<\/strong><\/li>\n<li><strong>Parfait pour rester au frais et au sec lors des chaudes journ\u00e9es d&#039;\u00e9t\u00e9. <\/strong><strong><br \/>\n<\/strong><\/li>\n<li><strong>Tissu l\u00e9ger et r\u00e9sistant \u00e0 l&#039;usure<br \/>\n<\/strong><\/li>\n<li><strong>Ne se froisse pas au lavage<br \/>\n<\/strong><\/li>\n<\/ul>","protected":false},"featured_media":2330,"comment_status":"open","ping_status":"closed","template":"","meta":[],"product_brand":[],"product_cat":[67],"product_tag":[615,617,620,629,630,614,613,621,627,623,619,624,628,616,626,622,625,631,618,632],"class_list":{"0":"post-861","1":"product","2":"type-product","3":"status-publish","4":"has-post-thumbnail","6":"product_cat-merch","7":"product_tag-50-50-blend-shirt","8":"product_tag-breathable-t-shirt","9":"product_tag-casual-everyday-shirt","10":"product_tag-classic-fit-t-shirt","11":"product_tag-comfortable-basic-tee","12":"product_tag-cotton-polyester-t-shirt","13":"product_tag-dryblend-t-shirt","14":"product_tag-durable-t-shirt","15":"product_tag-easy-care-shirt","16":"product_tag-gym-t-shirt","17":"product_tag-kushstar-apparel","18":"product_tag-lightweight-tee","19":"product_tag-machine-washable-tee","20":"product_tag-moisture-wicking-t-shirt","21":"product_tag-smart-casual-top","22":"product_tag-soft-cotton-feel","23":"product_tag-streetwear-t-shirt","24":"product_tag-summer-t-shirt","25":"product_tag-unisex-graphic-tee","26":"product_tag-versatile-wardrobe-essential","27":"product_shipping_class-t-shirt","29":"first","30":"instock","31":"taxable","32":"shipping-taxable","33":"purchasable","34":"product-type-variable"},"_links":{"self":[{"href":"https:\/\/kushstar.ca\/fr\/wp-json\/wp\/v2\/product\/861","targetHints":{"allow":["GET"]}}],"collection":[{"href":"https:\/\/kushstar.ca\/fr\/wp-json\/wp\/v2\/product"}],"about":[{"href":"https:\/\/kushstar.ca\/fr\/wp-json\/wp\/v2\/types\/product"}],"replies":[{"embeddable":true,"href":"https:\/\/kushstar.ca\/fr\/wp-json\/wp\/v2\/comments?post=861"}],"wp:featuredmedia":[{"embeddable":true,"href":"https:\/\/kushstar.ca\/fr\/wp-json\/wp\/v2\/media\/2330"}],"wp:attachment":[{"href":"https:\/\/kushstar.ca\/fr\/wp-json\/wp\/v2\/media?parent=861"}],"wp:term":[{"taxonomy":"product_brand","embeddable":true,"href":"https:\/\/kushstar.ca\/fr\/wp-json\/wp\/v2\/product_brand?post=861"},{"taxonomy":"product_cat","embeddable":true,"href":"https:\/\/kushstar.ca\/fr\/wp-json\/wp\/v2\/product_cat?post=861"},{"taxonomy":"product_tag","embeddable":true,"href":"https:\/\/kushstar.ca\/fr\/wp-json\/wp\/v2\/product_tag?post=861"}],"curies":[{"name":"wp","href":"https:\/\/api.w.org\/{rel}","templated":true}]}}