{"id":860,"date":"2024-11-16T20:51:02","date_gmt":"2024-11-16T20:51:02","guid":{"rendered":"https:\/\/kushstar.ca\/?post_type=product&#038;p=860"},"modified":"2026-04-02T23:33:13","modified_gmt":"2026-04-03T03:33:13","slug":"360-degree-view-rolling-tray-with-soft-magnetic-lid-xl-34-x-27-cm","status":"publish","type":"product","link":"https:\/\/kushstar.ca\/fr\/produit\/360-degree-view-rolling-tray-with-soft-magnetic-lid-xl-34-x-27-cm","title":{"rendered":"Plateau roulant \u00e0 360 degr\u00e9s avec couvercle magn\u00e9tique souple \u2013 XL \u2013 34 x 27 cm"},"content":{"rendered":"<p><b><strong>Ce plateau \u00e0 rouler KushStar avec vue \u00e0 360 degr\u00e9s, dot\u00e9 d&#039;un couvercle magn\u00e9tique souple et d&#039;un design psych\u00e9d\u00e9lique, est un produit avant-gardiste et innovant qui apporte une nouvelle dimension au monde des plateaux \u00e0 rouler. Con\u00e7u en collaboration avec l&#039;artiste @feevero pour offrir une exp\u00e9rience envo\u00fbtante, ce plateau arbore un motif psych\u00e9d\u00e9lique captivant qui ravira \u00e0 coup s\u00fbr les utilisateurs.<\/strong><\/b><\/p>\n<p><b><strong>La vue \u00e0 360 degr\u00e9s permet aux utilisateurs de s&#039;immerger dans ce design psych\u00e9d\u00e9lique envo\u00fbtant, quel que soit l&#039;angle. Ce choix de design rehausse non seulement l&#039;esth\u00e9tique, mais ajoute \u00e9galement une touche de cr\u00e9ativit\u00e9 et d&#039;\u00e9merveillement \u00e0 l&#039;exp\u00e9rience de roulage.<\/strong><\/b><\/p>\n<p><b><strong>Fabriqu\u00e9 avec des mat\u00e9riaux de haute qualit\u00e9, ce plateau offre durabilit\u00e9 et long\u00e9vit\u00e9, un atout pr\u00e9cieux pour toute collection de fumeurs. Son couvercle magn\u00e9tique souple est une v\u00e9ritable r\u00e9volution\u00a0: il facilite l&#039;acc\u00e8s et la fixation de vos accessoires de fumeur, sans les tracas des loquets ou charni\u00e8res traditionnels.<\/strong><\/b><\/p>\n<p><b><strong>Que vous soyez fumeur occasionnel ou collectionneur passionn\u00e9, ce plateau \u00e0 rouler est le compagnon id\u00e9al pour une exp\u00e9rience de fumage agr\u00e9able, fluide et visuellement captivante. Bienvenue dans un monde de couleurs et de cr\u00e9ativit\u00e9\u00a0: explorez les univers artistiques et fonctionnels de ce plateau \u00e0 rouler exceptionnel.<\/strong><\/b><\/p>","protected":false},"excerpt":{"rendered":"<p><strong>Ce plateau \u00e0 rouler \u00e0 vue \u00e0 360 degr\u00e9s avec couvercle magn\u00e9tique souple pr\u00e9sente les caract\u00e9ristiques suivantes\u00a0:<\/strong><\/p>\n<ul>\n<li><strong>Dimensions du plateau \u00e0 rouler : 34 cm x 27,3 cm x 2,6 cm<\/strong><\/li>\n<li><strong>Dimensions du couvercle magn\u00e9tique souple\u00a0: 34\u00a0cm x 27,3\u00a0cm x 0,2\u00a0cm<\/strong><\/li>\n<li><strong>Plateau au design psych\u00e9d\u00e9lique offrant une vue \u00e0 360 degr\u00e9s<br \/>\n<\/strong><\/li>\n<li><strong>Plateau robuste en fer-blanc<br \/>\n<\/strong><\/li>\n<li><strong>Dimensions de l&#039;assiette de service <\/strong><strong><br \/>\n<\/strong><\/li>\n<li><strong> Couverture magn\u00e9tique souple<br \/>\n<\/strong><\/li>\n<li><strong>Syst\u00e8me anti-odeurs<br \/>\n<\/strong><\/li>\n<\/ul>","protected":false},"featured_media":2214,"comment_status":"open","ping_status":"closed","template":"","meta":[],"product_brand":[],"product_cat":[66],"product_tag":[142,146,61,152,153,154,148,151,145,157,144,159,143,150,149,156,158,147,155],"class_list":{"0":"post-860","1":"product","2":"type-product","3":"status-publish","4":"has-post-thumbnail","6":"product_cat-art-trays","7":"product_tag-360-degree-rolling-tray","8":"product_tag-artistic-smoking-tray","9":"product_tag-collectible-rolling-tray","10":"product_tag-colorful-stash-tray","11":"product_tag-creative-smoking-accessory","12":"product_tag-functional-art-tray","13":"product_tag-high-quality-rolling-tray","14":"product_tag-immersive-design-tray","15":"product_tag-kushstar-tray","16":"product_tag-magnetic-closure-tray","17":"product_tag-magnetic-lid-tray","18":"product_tag-premium-smoking-tray","19":"product_tag-psychedelic-rolling-tray","20":"product_tag-smoker-gift-tray","21":"product_tag-soft-lid-tray","22":"product_tag-stoner-art-tray","23":"product_tag-stylish-rolling-tray","24":"product_tag-trippy-rolling-tray","25":"product_tag-vibrant-design-tray","26":"product_shipping_class-rolling-tray-34-x-27cm","28":"first","29":"instock","30":"featured","31":"taxable","32":"shipping-taxable","33":"purchasable","34":"product-type-simple"},"_links":{"self":[{"href":"https:\/\/kushstar.ca\/fr\/wp-json\/wp\/v2\/product\/860","targetHints":{"allow":["GET"]}}],"collection":[{"href":"https:\/\/kushstar.ca\/fr\/wp-json\/wp\/v2\/product"}],"about":[{"href":"https:\/\/kushstar.ca\/fr\/wp-json\/wp\/v2\/types\/product"}],"replies":[{"embeddable":true,"href":"https:\/\/kushstar.ca\/fr\/wp-json\/wp\/v2\/comments?post=860"}],"wp:featuredmedia":[{"embeddable":true,"href":"https:\/\/kushstar.ca\/fr\/wp-json\/wp\/v2\/media\/2214"}],"wp:attachment":[{"href":"https:\/\/kushstar.ca\/fr\/wp-json\/wp\/v2\/media?parent=860"}],"wp:term":[{"taxonomy":"product_brand","embeddable":true,"href":"https:\/\/kushstar.ca\/fr\/wp-json\/wp\/v2\/product_brand?post=860"},{"taxonomy":"product_cat","embeddable":true,"href":"https:\/\/kushstar.ca\/fr\/wp-json\/wp\/v2\/product_cat?post=860"},{"taxonomy":"product_tag","embeddable":true,"href":"https:\/\/kushstar.ca\/fr\/wp-json\/wp\/v2\/product_tag?post=860"}],"curies":[{"name":"wp","href":"https:\/\/api.w.org\/{rel}","templated":true}]}}