{"id":859,"date":"2024-11-16T20:51:02","date_gmt":"2024-11-16T20:51:02","guid":{"rendered":"https:\/\/kushstar.ca\/?post_type=product&#038;p=859"},"modified":"2026-02-11T16:55:50","modified_gmt":"2026-02-11T21:55:50","slug":"large-size-rolling-tray-with-soft-magnetic-lid-27-x-16-cm","status":"publish","type":"product","link":"https:\/\/kushstar.ca\/fr\/produit\/large-size-rolling-tray-with-soft-magnetic-lid-27-x-16-cm","title":{"rendered":"Plateau \u00e0 rouler grand format avec couvercle magn\u00e9tique souple \u2013 27 x 16 cm"},"content":{"rendered":"<p><b><strong>D\u00e9couvrez la derni\u00e8re innovation en mati\u00e8re de plateaux \u00e0 rouler\u00a0: le plateau \u00e0 rouler l\u00e9ger au design Out of this World, dot\u00e9 de couvercles magn\u00e9tiques souples. Ce produit de pointe arbore non seulement un design \u00e9l\u00e9gant et galactique, mais offre \u00e9galement de nombreuses fonctionnalit\u00e9s pratiques.<\/strong><\/b><\/p>\n<p><b><strong>Fabriqu\u00e9 avec les meilleurs mat\u00e9riaux, notre plateau \u00e0 rouler est \u00e0 la fois r\u00e9sistant et l\u00e9ger, vous permettant de le transporter facilement o\u00f9 que vous alliez. Ses couvercles magn\u00e9tiques souples assurent une fermeture s\u00e9curis\u00e9e, gardant vos essentiels de fumeur en s\u00e9curit\u00e9, tout en facilitant l&#039;acc\u00e8s \u00e0 vos outils en cas de besoin.<br \/>\n<\/strong><\/b><\/p>\n<p><b><strong>Ce plateau se distingue par sa technologie anti-odeurs, garantissant la discr\u00e9tion de vos herbes et accessoires. Que vous soyez \u00e0 la maison ou en d\u00e9placement, profitez de la tranquillit\u00e9 d&#039;esprit\u00a0: vos s\u00e9ances sont \u00e0 la fois \u00e9l\u00e9gantes et discr\u00e8tes.<\/strong><\/b><\/p>\n<p><b><strong>Impr\u00e9gnez-vous des vibrations cosmiques avec notre design \u00ab\u00a0Out of this World\u00a0\u00bb, inspir\u00e9 des myst\u00e8res de la galaxie. Parfait pour les amateurs qui appr\u00e9cient la qualit\u00e9, la fonctionnalit\u00e9 et une touche de charme interstellaire dans leur exp\u00e9rience de fumeur.<\/strong><\/b><\/p>\n<p><b><strong>Rejoignez-nous pour explorer de nouvelles fronti\u00e8res en mati\u00e8re de design et de fonctionnalit\u00e9 avec notre plateau \u00e0 rouler l\u00e9ger. Sublimez votre rituel de fumage avec un produit aussi innovant qu&#039;\u00e9l\u00e9gant. Atteignez des sommets avec notre plateau \u00e0 rouler Out of this World d\u00e8s aujourd&#039;hui\u00a0!<\/strong><\/b><\/p>","protected":false},"excerpt":{"rendered":"<p><strong>Les caract\u00e9ristiques du plateau \u00e0 rouler avec couvercle magn\u00e9tique souple sont les suivantes\u00a0:<\/strong><\/p>\n<ul>\n<li><strong>Dimensions du plateau \u00e0 rouler : 27 cm x 16 cm x 2,1 cm (10,6 po x 6,3 po x 0,82 po)<\/strong><\/li>\n<li><strong>Dimensions du couvercle magn\u00e9tique souple : 27 cm x 16 cm x 0,2 cm (10,6 po x 6,3 po x 0,08 po)<\/strong><\/li>\n<li><strong>Mat\u00e9riau du plateau\u00a0: t\u00f4le d&#039;acier robuste de 0,35\u00a0mm d&#039;\u00e9paisseur<\/strong><\/li>\n<li><strong>\u00c9paisseur du couvercle magn\u00e9tique souple : 2 mm (0,08 po)<\/strong><\/li>\n<li><strong>Un design anti-odeurs et hors du commun<\/strong><\/li>\n<li><strong>Il est l\u00e9ger et de taille id\u00e9ale pour le salon.<\/strong><\/li>\n<\/ul>","protected":false},"featured_media":2212,"comment_status":"open","ping_status":"closed","template":"","meta":[],"product_brand":[],"product_cat":[66],"product_tag":[183,172,169,166,178,171,165,173,175,174,162,163,181,160,167,179,182,161,35,177,164,168,176,180,170],"class_list":{"0":"post-859","1":"product","2":"type-product","3":"status-publish","4":"has-post-thumbnail","6":"product_cat-art-trays","7":"product_tag-adventure-ready","8":"product_tag-cosmic-vibes","9":"product_tag-discreet","10":"product_tag-durable","11":"product_tag-easy-access","12":"product_tag-functional","13":"product_tag-galactic-design","14":"product_tag-galaxy-inspired","15":"product_tag-innovative","16":"product_tag-interstellar-charm","17":"product_tag-lightweight","18":"product_tag-magnetic-lids","19":"product_tag-new-frontiers","20":"product_tag-out-of-this-world","21":"product_tag-portable","22":"product_tag-premium-materials","23":"product_tag-quality","24":"product_tag-rolling-tray","25":"product_tag-rolling-tray-with-magnetic-lid","26":"product_tag-secure-closure","27":"product_tag-sleek-design","28":"product_tag-smell-proof","29":"product_tag-smoking-essentials","30":"product_tag-smoking-ritual","31":"product_tag-stylish","32":"product_shipping_class-rolling-tray-27x16","34":"first","35":"instock","36":"taxable","37":"shipping-taxable","38":"purchasable","39":"product-type-simple"},"_links":{"self":[{"href":"https:\/\/kushstar.ca\/fr\/wp-json\/wp\/v2\/product\/859","targetHints":{"allow":["GET"]}}],"collection":[{"href":"https:\/\/kushstar.ca\/fr\/wp-json\/wp\/v2\/product"}],"about":[{"href":"https:\/\/kushstar.ca\/fr\/wp-json\/wp\/v2\/types\/product"}],"replies":[{"embeddable":true,"href":"https:\/\/kushstar.ca\/fr\/wp-json\/wp\/v2\/comments?post=859"}],"wp:featuredmedia":[{"embeddable":true,"href":"https:\/\/kushstar.ca\/fr\/wp-json\/wp\/v2\/media\/2212"}],"wp:attachment":[{"href":"https:\/\/kushstar.ca\/fr\/wp-json\/wp\/v2\/media?parent=859"}],"wp:term":[{"taxonomy":"product_brand","embeddable":true,"href":"https:\/\/kushstar.ca\/fr\/wp-json\/wp\/v2\/product_brand?post=859"},{"taxonomy":"product_cat","embeddable":true,"href":"https:\/\/kushstar.ca\/fr\/wp-json\/wp\/v2\/product_cat?post=859"},{"taxonomy":"product_tag","embeddable":true,"href":"https:\/\/kushstar.ca\/fr\/wp-json\/wp\/v2\/product_tag?post=859"}],"curies":[{"name":"wp","href":"https:\/\/api.w.org\/{rel}","templated":true}]}}