{"id":850,"date":"2025-09-24T02:20:56","date_gmt":"2025-09-24T06:20:56","guid":{"rendered":"https:\/\/kushstar.ca\/?post_type=product&#038;p=850"},"modified":"2026-04-02T23:19:57","modified_gmt":"2026-04-03T03:19:57","slug":"joint-holder-medium-size-3d-printed-joint-case-fits-kushstar-king-size-slim-papers","status":"publish","type":"product","link":"https:\/\/kushstar.ca\/fr\/produit\/joint-holder-medium-size-3d-printed-joint-case-fits-kushstar-king-size-slim-papers","title":{"rendered":"\u00c9tui \u00e0 joint imprim\u00e9 en 3D de taille M \u2013 Compatible avec les feuilles KushStar King Size Slim"},"content":{"rendered":"<p><b><strong>Cet \u00e9tui \u00e0 joints est parfaitement con\u00e7u pour contenir 4 joints pr\u00e9-roul\u00e9s King Size ou plus petits. Des \u00e9toiles scintillent lorsque la partie sup\u00e9rieure de l&#039;\u00e9tui est expos\u00e9e \u00e0 la lumi\u00e8re. Cet \u00e9tui fin et r\u00e9sistant vous simplifiera la vie et vos d\u00e9placements. Glissez-le dans la poche de votre jean, votre sac \u00e0 main ou votre sac de voyage. Pourquoi avons-nous choisi un \u00e9tui pour 4 joints\u00a0? Nous pensons que c&#039;est une quantit\u00e9 suffisante pour un court voyage. Le mat\u00e9riau de cet \u00e9tui, le polylactide, offre une grande r\u00e9sistance et est sans danger pour les produits comestibles. Ce compagnon de voyage est disponible en quantit\u00e9s limit\u00e9es. Les joints pr\u00e9-roul\u00e9s ne sont pas fournis avec l&#039;\u00e9tui.<br \/>\n<\/strong><\/b><\/p>","protected":false},"excerpt":{"rendered":"<p><strong>Caract\u00e9ristiques de l&#039;affaire conjointe\u00a0:<\/strong><\/p>\n<ul>\n<li><strong>Couleurs : Bleu et or, vert et bleu, vert et rose<br \/>\n<\/strong><\/li>\n<li><strong>Dimensions : 11,8 cm x 4,8 cm x 1,7 cm<\/strong><strong><br \/>\n<\/strong><\/li>\n<li><strong>Convient jusqu&#039;\u00e0 4 joints fins de taille King<\/strong><strong><br \/>\n<\/strong><\/li>\n<li><strong>La partie sup\u00e9rieure du bo\u00eetier coulisse de gauche \u00e0 droite pour s&#039;ouvrir et de droite \u00e0 gauche pour se fermer.<\/strong><strong><br \/>\n<\/strong><\/li>\n<li><strong>Mat\u00e9riau : Poly\u00e9thyl\u00e8ne t\u00e9r\u00e9phtalate glycol, connu sous le nom de PETG<\/strong><\/li>\n<li><strong>Sans danger pour une utilisation avec des aliments comestibles et des produits \u00e0 fumer<br \/>\n<\/strong><\/li>\n<li><b>Pratique et parfait pour une utilisation quotidienne<br \/>\n<\/b><\/li>\n<\/ul>","protected":false},"featured_media":1758,"comment_status":"open","ping_status":"closed","template":"","meta":[],"product_brand":[],"product_cat":[187],"product_tag":[245,259,248,261,254,242,260,244,251,250,252,257,243,256,253,249,247,258,255,246],"class_list":{"0":"post-850","1":"product","2":"type-product","3":"status-publish","4":"has-post-thumbnail","6":"product_cat-js-holder","7":"product_tag-4-joint-holder","8":"product_tag-cannabis-travel-case","9":"product_tag-durable-joint-container","10":"product_tag-flashing-joint-case","11":"product_tag-glow-in-light-case","12":"product_tag-joint-case","13":"product_tag-joint-travel-accessory","14":"product_tag-king-size-joint-case","15":"product_tag-limited-edition-case","16":"product_tag-pocket-joint-case","17":"product_tag-polylactide-case","18":"product_tag-portable-joint-case","19":"product_tag-pre-roll-case","20":"product_tag-pre-roll-storage","21":"product_tag-safe-for-comestibles","22":"product_tag-slim-joint-case","23":"product_tag-smell-proof-joint-case","24":"product_tag-stash-case","25":"product_tag-stylish-joint-holder","26":"product_tag-travel-joint-case","27":"product_shipping_class-bundle-5-pack-1-1-4","29":"first","30":"instock","31":"taxable","32":"shipping-taxable","33":"purchasable","34":"product-type-variable"},"_links":{"self":[{"href":"https:\/\/kushstar.ca\/fr\/wp-json\/wp\/v2\/product\/850","targetHints":{"allow":["GET"]}}],"collection":[{"href":"https:\/\/kushstar.ca\/fr\/wp-json\/wp\/v2\/product"}],"about":[{"href":"https:\/\/kushstar.ca\/fr\/wp-json\/wp\/v2\/types\/product"}],"replies":[{"embeddable":true,"href":"https:\/\/kushstar.ca\/fr\/wp-json\/wp\/v2\/comments?post=850"}],"wp:featuredmedia":[{"embeddable":true,"href":"https:\/\/kushstar.ca\/fr\/wp-json\/wp\/v2\/media\/1758"}],"wp:attachment":[{"href":"https:\/\/kushstar.ca\/fr\/wp-json\/wp\/v2\/media?parent=850"}],"wp:term":[{"taxonomy":"product_brand","embeddable":true,"href":"https:\/\/kushstar.ca\/fr\/wp-json\/wp\/v2\/product_brand?post=850"},{"taxonomy":"product_cat","embeddable":true,"href":"https:\/\/kushstar.ca\/fr\/wp-json\/wp\/v2\/product_cat?post=850"},{"taxonomy":"product_tag","embeddable":true,"href":"https:\/\/kushstar.ca\/fr\/wp-json\/wp\/v2\/product_tag?post=850"}],"curies":[{"name":"wp","href":"https:\/\/api.w.org\/{rel}","templated":true}]}}