{"id":849,"date":"2024-11-16T20:50:55","date_gmt":"2024-11-16T20:50:55","guid":{"rendered":"https:\/\/kushstar.ca\/?post_type=product&#038;p=849"},"modified":"2026-02-11T16:57:32","modified_gmt":"2026-02-11T21:57:32","slug":"joint-holder-large-size-3d-printed-joint-case-fits-kushstar-king-size-slim-papers","status":"publish","type":"product","link":"https:\/\/kushstar.ca\/fr\/produit\/joint-holder-large-size-3d-printed-joint-case-fits-kushstar-king-size-slim-papers","title":{"rendered":"\u00c9tui \u00e0 joint imprim\u00e9 en 3D de grande taille \u2013 Compatible avec les feuilles KushStar King Size Slim"},"content":{"rendered":"<p><b><strong>Cet \u00e9tui \u00e0 joints est parfaitement con\u00e7u pour contenir 5 joints pr\u00e9-roul\u00e9s King Size ou plus petits. Des \u00e9toiles scintillent lorsque la partie sup\u00e9rieure noire de l&#039;\u00e9tui est expos\u00e9e \u00e0 la lumi\u00e8re. Cet \u00e9tui fin et r\u00e9sistant vous simplifiera la vie et vos d\u00e9placements. Glissez-le dans la poche de votre jean, votre sac \u00e0 main ou votre sac de voyage. Pourquoi avons-nous choisi un \u00e9tui \u00e0 5 joints\u00a0? Nous pensons que chaque joint \u00e9toile m\u00e9rite son propre joint. Le mat\u00e9riau de cet \u00e9tui, le polylactide, offre une grande r\u00e9sistance et est compatible avec les produits comestibles. Ce compagnon de voyage est disponible en quantit\u00e9s limit\u00e9es. Les joints pr\u00e9-roul\u00e9s ne sont pas fournis avec l&#039;\u00e9tui.<br \/>\n<\/strong><\/b><\/p>","protected":false},"excerpt":{"rendered":"<p><strong>Caract\u00e9ristiques du titulaire du joint\u00a0:<\/strong><\/p>\n<ul>\n<li><strong>Couleurs : Noir et bleu, Noir et or, Noir et rose et <\/strong><strong>Noir et vert<br \/>\n<\/strong><\/li>\n<li><strong>Dimensions : 11,8 cm x 4,8 cm x 1,7 cm (4,7 po x 1,9 po x 0,67 po)<\/strong><strong><br \/>\n<\/strong><\/li>\n<li><strong>Des \u00e9toiles scintillent lorsque la partie noire du bo\u00eetier est expos\u00e9e \u00e0 la lumi\u00e8re.<\/strong><strong><br \/>\n<\/strong><\/li>\n<li><strong>Convient jusqu&#039;\u00e0 5 joints fins de taille King<\/strong><strong><br \/>\n<\/strong><\/li>\n<li><strong>La partie sup\u00e9rieure du bo\u00eetier coulisse de gauche \u00e0 droite pour s&#039;ouvrir et de droite \u00e0 gauche pour se fermer.<\/strong><strong><br \/>\n<\/strong><\/li>\n<li><strong>Mat\u00e9riau : Poly\u00e9thyl\u00e8ne t\u00e9r\u00e9phtalate glycol, connu sous le nom de PETG<\/strong><\/li>\n<li><strong>Sans danger pour une utilisation avec des aliments comestibles et des produits \u00e0 fumer<br \/>\n<\/strong><\/li>\n<li><b>Pratique et parfait pour une utilisation quotidienne<br \/>\n<\/b><\/li>\n<\/ul>","protected":false},"featured_media":1776,"comment_status":"open","ping_status":"closed","template":"","meta":[],"product_brand":[],"product_cat":[187],"product_tag":[262,265,248,263,254,242,244,264,251,266,252,257,243,256,253,249,258,255,246,267],"class_list":{"0":"post-849","1":"product","2":"type-product","3":"status-publish","4":"has-post-thumbnail","6":"product_cat-js-holder","7":"product_tag-5-joint-holder","8":"product_tag-cannabis-accessory","9":"product_tag-durable-joint-container","10":"product_tag-flashing-stars-case","11":"product_tag-glow-in-light-case","12":"product_tag-joint-case","13":"product_tag-king-size-joint-case","14":"product_tag-light-reactive-case","15":"product_tag-limited-edition-case","16":"product_tag-pocket-sized-joint-case","17":"product_tag-polylactide-case","18":"product_tag-portable-joint-case","19":"product_tag-pre-roll-case","20":"product_tag-pre-roll-storage","21":"product_tag-safe-for-comestibles","22":"product_tag-slim-joint-case","23":"product_tag-stash-case","24":"product_tag-stylish-joint-holder","25":"product_tag-travel-joint-case","26":"product_tag-travel-friendly-case","27":"product_shipping_class-bundle-5-pack-king-size-slim","29":"first","30":"instock","31":"taxable","32":"shipping-taxable","33":"purchasable","34":"product-type-variable"},"_links":{"self":[{"href":"https:\/\/kushstar.ca\/fr\/wp-json\/wp\/v2\/product\/849","targetHints":{"allow":["GET"]}}],"collection":[{"href":"https:\/\/kushstar.ca\/fr\/wp-json\/wp\/v2\/product"}],"about":[{"href":"https:\/\/kushstar.ca\/fr\/wp-json\/wp\/v2\/types\/product"}],"replies":[{"embeddable":true,"href":"https:\/\/kushstar.ca\/fr\/wp-json\/wp\/v2\/comments?post=849"}],"wp:featuredmedia":[{"embeddable":true,"href":"https:\/\/kushstar.ca\/fr\/wp-json\/wp\/v2\/media\/1776"}],"wp:attachment":[{"href":"https:\/\/kushstar.ca\/fr\/wp-json\/wp\/v2\/media?parent=849"}],"wp:term":[{"taxonomy":"product_brand","embeddable":true,"href":"https:\/\/kushstar.ca\/fr\/wp-json\/wp\/v2\/product_brand?post=849"},{"taxonomy":"product_cat","embeddable":true,"href":"https:\/\/kushstar.ca\/fr\/wp-json\/wp\/v2\/product_cat?post=849"},{"taxonomy":"product_tag","embeddable":true,"href":"https:\/\/kushstar.ca\/fr\/wp-json\/wp\/v2\/product_tag?post=849"}],"curies":[{"name":"wp","href":"https:\/\/api.w.org\/{rel}","templated":true}]}}