{"id":846,"date":"2025-09-24T02:46:53","date_gmt":"2025-09-24T06:46:53","guid":{"rendered":"https:\/\/kushstar.ca\/?post_type=product&#038;p=846"},"modified":"2026-04-02T23:18:28","modified_gmt":"2026-04-03T03:18:28","slug":"1-1-4-size-rolling-paper-natural-perforated-tips-thin-organic-hemp-paper-24-booklets-box","status":"publish","type":"product","link":"https:\/\/kushstar.ca\/fr\/produit\/1-1-4-size-rolling-paper-natural-perforated-tips-thin-organic-hemp-paper-24-booklets-box","title":{"rendered":"Papier \u00e0 rouler format 1 1\/4 et embouts perfor\u00e9s naturels \u2013 Papier fin en chanvre biologique \u2013 Bo\u00eete de 24 carnets"},"content":{"rendered":"<p><b><strong>Cette bo\u00eete de feuilles \u00e0 rouler format 1 1\/4 avec filtres a \u00e9t\u00e9 con\u00e7ue pour les conditions climatiques nordiques, ce qui lui conf\u00e8re cette couleur bleu froid. Le logo est \u00e9galement int\u00e9gr\u00e9 au livret, fruit d&#039;une collaboration avec le graphiste Mr. Malin. Ces feuilles fines en chanvre naturel non blanchi n&#039;ont aucun go\u00fbt\u00a0: elles ne contiennent que votre vari\u00e9t\u00e9 de cannabis naturelle. Cette bo\u00eete de feuilles \u00e0 rouler format 1 1\/4 refl\u00e8te l&#039;ambiance vintage que vous recherchez\u00a0!<\/strong><\/b><\/p>","protected":false},"excerpt":{"rendered":"<p><b>Bo\u00eete de 24 carnets de papier \u00e0 rouler<br \/>\n<\/b><\/p>\n<ul>\n<li><strong>100% Papier de chanvre biologique fin non raffin\u00e9 (12,5 g\/m\u00b2)<\/strong><\/li>\n<li><strong>33 feuilles et 33 pointes perfor\u00e9es par livret<\/strong><\/li>\n<li><strong>Pack d&#039;aimants vintage avec feuille de couverture<\/strong><\/li>\n<li><strong>Un livret contient 33 feuilles et 33 pointes perfor\u00e9es naturelles<\/strong><\/li>\n<li><strong>Les dimensions de la feuille sont de 44 mm x 77 mm<\/strong><\/li>\n<li><strong>Feuille de protection personnalis\u00e9e<\/strong><\/li>\n<li><strong>Les dimensions des pointes sont de 20 mm x 39 mm<\/strong><\/li>\n<li><strong>Pointes perfor\u00e9es 3 fois pour un roulage facile<\/strong><\/li>\n<li><strong>100% Gomme arabique naturelle<\/strong><\/li>\n<li><strong>Br\u00fble uniform\u00e9ment et lentement\u00a0<\/strong><\/li>\n<\/ul>","protected":false},"featured_media":2873,"comment_status":"open","ping_status":"closed","template":"","meta":[],"product_brand":[],"product_cat":[509],"product_tag":[112,315,282,312,321,320,322,286,313,319,318,314,311,323,316,279,324,118,18,310,317],"class_list":{"0":"post-846","1":"product","2":"type-product","3":"status-publish","4":"has-post-thumbnail","6":"product_cat-papers","7":"product_tag-1-1-4-rolling-papers","8":"product_tag-artist-edition-papers","9":"product_tag-cannabis-accessories","10":"product_tag-cold-blue-rolling-papers","11":"product_tag-collectible-rolling-papers","12":"product_tag-eco-friendly-smoking-papers","13":"product_tag-graffiti-artist-collab","14":"product_tag-hemp-rolling-papers","15":"product_tag-kushstar-papers","16":"product_tag-limited-edition-papers","17":"product_tag-magnet-pack-papers","18":"product_tag-mr-malin-collab","19":"product_tag-natural-rolling-papers","20":"product_tag-natural-taste-papers","21":"product_tag-rolling-papers-with-tips","22":"product_tag-smoker-essentials","23":"product_tag-stylish-rolling-papers","24":"product_tag-thin-hemp-papers","25":"product_tag-thin-rolling-paper","26":"product_tag-unbleached-papers","27":"product_tag-vintage-rolling-paper-box","28":"product_shipping_class-box-king-size-slim","30":"first","31":"instock","32":"taxable","33":"shipping-taxable","34":"purchasable","35":"product-type-simple"},"_links":{"self":[{"href":"https:\/\/kushstar.ca\/fr\/wp-json\/wp\/v2\/product\/846","targetHints":{"allow":["GET"]}}],"collection":[{"href":"https:\/\/kushstar.ca\/fr\/wp-json\/wp\/v2\/product"}],"about":[{"href":"https:\/\/kushstar.ca\/fr\/wp-json\/wp\/v2\/types\/product"}],"replies":[{"embeddable":true,"href":"https:\/\/kushstar.ca\/fr\/wp-json\/wp\/v2\/comments?post=846"}],"wp:featuredmedia":[{"embeddable":true,"href":"https:\/\/kushstar.ca\/fr\/wp-json\/wp\/v2\/media\/2873"}],"wp:attachment":[{"href":"https:\/\/kushstar.ca\/fr\/wp-json\/wp\/v2\/media?parent=846"}],"wp:term":[{"taxonomy":"product_brand","embeddable":true,"href":"https:\/\/kushstar.ca\/fr\/wp-json\/wp\/v2\/product_brand?post=846"},{"taxonomy":"product_cat","embeddable":true,"href":"https:\/\/kushstar.ca\/fr\/wp-json\/wp\/v2\/product_cat?post=846"},{"taxonomy":"product_tag","embeddable":true,"href":"https:\/\/kushstar.ca\/fr\/wp-json\/wp\/v2\/product_tag?post=846"}],"curies":[{"name":"wp","href":"https:\/\/api.w.org\/{rel}","templated":true}]}}