{"id":843,"date":"2024-11-16T20:50:51","date_gmt":"2024-11-16T20:50:51","guid":{"rendered":"https:\/\/kushstar.ca\/?post_type=product&#038;p=843"},"modified":"2026-02-11T17:01:59","modified_gmt":"2026-02-11T22:01:59","slug":"stoner-box-kit-the-black-box-lockable-bamboo-box","status":"publish","type":"product","link":"https:\/\/kushstar.ca\/fr\/produit\/stoner-box-kit-the-black-box-lockable-bamboo-box","title":{"rendered":"Stoner Box \u2013 Kit Big Box \u2013 Coffre en bois verrouillable"},"content":{"rendered":"<p><b><strong>Ce kit Stoner Box en bois comprend un jeu complet de feuilles \u00e0 rouler KushStar, un grinder en chanvre recycl\u00e9, trois pots \u00e0 visser, un plateau en bois et une cl\u00e9 pour verrouiller la bo\u00eete. Con\u00e7u pour ranger tous vos accessoires et vous permettre de ranger votre r\u00e9serve en toute s\u00e9curit\u00e9, ce coffret Stoner Box est con\u00e7u pour vous permettre de ranger tous vos accessoires en toute s\u00e9curit\u00e9.<\/strong><\/b><\/p>","protected":false},"excerpt":{"rendered":"<p><strong><u>Caract\u00e9ristiques du kit pour fumeurs de joints :<\/u><\/strong><\/p>\n<ul>\n<li><strong>Coffret en bois verrouillable de 25 cm x 18,5 cm x 13 cm (9,84 po x 7,28 po x 5,12 po) avec plateau int\u00e9rieur en bois<\/strong><\/li>\n<li><strong>Plateau en bois de 24 cm x 16 cm (9,45 po x 6,3 po)<\/strong><\/li>\n<li><strong>Syst\u00e8me de bo\u00eete \u00e0 cl\u00e9s<\/strong><\/li>\n<li><strong>3 bocaux en verre \u00e0 visser de 7 onces<\/strong><\/li>\n<li><strong>Stylo blanc pour \u00e9crire vos vari\u00e9t\u00e9s sur les bocaux<\/strong><\/li>\n<li><strong>Broyeur en chanvre recycl\u00e9 \u00d840 mm<\/strong><\/li>\n<li><strong>Rouleau de 5 m\u00e8tres de papier de chanvre biologique 100% avec 40 extr\u00e9mit\u00e9s perfor\u00e9es \u2013 4000 TP3T<\/strong><\/li>\n<li><strong>Carnet de format 1 1\/4, 33 feuilles \u2013 Papier de chanvre biologique 100% avec filigrane crois\u00e9<\/strong><\/li>\n<li><strong>Carnet King Size Slim + Conseils avec 33 feuilles et conseils \u2013 Papier de chanvre biologique 100% avec filigrane crois\u00e9 et conseils perfor\u00e9s naturels<\/strong><\/li>\n<li><strong>Carnet magn\u00e9tique vintage format 1 1\/4 avec 33 feuilles et conseils \u2013 Papier de chanvre biologique 100% avec filigrane crois\u00e9 et pointes perfor\u00e9es naturelles<\/strong><\/li>\n<li><strong>Carnet de conseils perfor\u00e9s naturels \u2013 50 conseils<\/strong><\/li>\n<\/ul>","protected":false},"featured_media":1719,"comment_status":"open","ping_status":"closed","template":"","meta":[],"product_brand":[],"product_cat":[510],"product_tag":[186,299,307,192,302,294,298,295,301,296,303,304,305,293,309,300,291,308,306,297,292],"class_list":{"0":"post-843","1":"product","2":"type-product","3":"status-publish","4":"has-post-thumbnail","6":"product_cat-kits","7":"product_tag-box-kits","8":"product_tag-cannabis-storage-box","9":"product_tag-compartment-stash-box","10":"product_tag-hemp-grinder","11":"product_tag-herb-storage-box","12":"product_tag-kushstar-rolling-papers","13":"product_tag-lockable-stash-box","14":"product_tag-recycled-grinder","15":"product_tag-rolling-kit","16":"product_tag-screw-on-jars","17":"product_tag-secure-stash-box","18":"product_tag-smokers-box","19":"product_tag-stash-accessories","20":"product_tag-stash-box-kit","21":"product_tag-stash-box-with-key","22":"product_tag-stash-organizer","23":"product_tag-stoner-box","24":"product_tag-stoner-essentials","25":"product_tag-weed-box-set","26":"product_tag-wood-rolling-tray","27":"product_tag-wooden-stash-box","28":"product_shipping_class-the-black-box","30":"first","31":"instock","32":"featured","33":"taxable","34":"shipping-taxable","35":"purchasable","36":"product-type-variable"},"_links":{"self":[{"href":"https:\/\/kushstar.ca\/fr\/wp-json\/wp\/v2\/product\/843","targetHints":{"allow":["GET"]}}],"collection":[{"href":"https:\/\/kushstar.ca\/fr\/wp-json\/wp\/v2\/product"}],"about":[{"href":"https:\/\/kushstar.ca\/fr\/wp-json\/wp\/v2\/types\/product"}],"replies":[{"embeddable":true,"href":"https:\/\/kushstar.ca\/fr\/wp-json\/wp\/v2\/comments?post=843"}],"wp:featuredmedia":[{"embeddable":true,"href":"https:\/\/kushstar.ca\/fr\/wp-json\/wp\/v2\/media\/1719"}],"wp:attachment":[{"href":"https:\/\/kushstar.ca\/fr\/wp-json\/wp\/v2\/media?parent=843"}],"wp:term":[{"taxonomy":"product_brand","embeddable":true,"href":"https:\/\/kushstar.ca\/fr\/wp-json\/wp\/v2\/product_brand?post=843"},{"taxonomy":"product_cat","embeddable":true,"href":"https:\/\/kushstar.ca\/fr\/wp-json\/wp\/v2\/product_cat?post=843"},{"taxonomy":"product_tag","embeddable":true,"href":"https:\/\/kushstar.ca\/fr\/wp-json\/wp\/v2\/product_tag?post=843"}],"curies":[{"name":"wp","href":"https:\/\/api.w.org\/{rel}","templated":true}]}}