{"id":838,"date":"2024-11-16T20:50:47","date_gmt":"2024-11-16T20:50:47","guid":{"rendered":"https:\/\/kushstar.ca\/?post_type=product&#038;p=838"},"modified":"2026-04-02T23:34:01","modified_gmt":"2026-04-03T03:34:01","slug":"filter-tips-natural-perforated-5-pack","status":"publish","type":"product","link":"https:\/\/kushstar.ca\/fr\/produit\/filter-tips-natural-perforated-5-pack","title":{"rendered":"Filtres \u2013 Naturels et perfor\u00e9s \u2013 Lot de 5"},"content":{"rendered":"<p><b><strong>Ce pack de 5 carnets est compos\u00e9 de filtres 100% Natural 5x perfor\u00e9s, parfaitement assortis au carnet KushStar 1 1\/4. Ils se compl\u00e8tent, dans les bons comme dans les mauvais moments. On ne compte plus le temps qu&#039;ils passent ensemble, mais \u00e0 chaque fois qu&#039;ils se rencontrent, ils font la f\u00eate. Il est temps de fumer un c\u00f4ne ou un gros joint pour profiter de ces bonnes vibrations.<\/strong><\/b><\/p>","protected":false},"excerpt":{"rendered":"<p><b>Lot de 5 livrets<br \/>\n<\/b><\/p>\n<ul>\n<li><strong>50 embouts perfor\u00e9s naturels par carnet<\/strong><\/li>\n<li><strong>5 embouts de filtre perfor\u00e9s<br \/>\n<\/strong><\/li>\n<li><strong>Les dimensions des embouts de filtre sont de 60 mm x 20 mm.<\/strong><\/li>\n<li><strong>Plus larges que les embouts originaux RAW<\/strong><\/li>\n<li><strong>Embouts perfor\u00e9s faciles \u00e0 utiliser avec du papier de format 1-1\/4 <\/strong><\/li>\n<li><strong>100% carton naturel 1 pli<\/strong><\/li>\n<\/ul>","protected":false},"featured_media":223,"comment_status":"open","ping_status":"closed","template":"","meta":[],"product_brand":[],"product_cat":[509],"product_tag":[363,360,357,367,361,365,364,370,362,358,110,373,372,356,368,366,359,369,273,371],"class_list":{"0":"post-838","1":"product","2":"type-product","3":"status-publish","4":"has-post-thumbnail","6":"product_cat-papers","7":"product_tag-1-1-4-booklet-match","8":"product_tag-5-booklets-pack","9":"product_tag-5x-perforated-tips","10":"product_tag-blunt-tips","11":"product_tag-cone-tips","12":"product_tag-eco-friendly-tips","13":"product_tag-filter-tip-bundle","14":"product_tag-hemp-filter-tips","15":"product_tag-joint-filter-tips","16":"product_tag-kushstar-tips","17":"product_tag-natural-filter-tips","18":"product_tag-party-smoking-kit","19":"product_tag-perfect-rolling-tips","20":"product_tag-perforated-filter-tips","21":"product_tag-pre-roll-filters","22":"product_tag-rolling-paper-accessories","23":"product_tag-rolling-tips-bundle","24":"product_tag-smoke-session-essentials","25":"product_tag-smoking-accessories","26":"product_tag-stoner-gear","27":"product_shipping_class-bundle-5-pack-filter-tips","29":"first","30":"instock","31":"taxable","32":"shipping-taxable","33":"purchasable","34":"product-type-simple"},"_links":{"self":[{"href":"https:\/\/kushstar.ca\/fr\/wp-json\/wp\/v2\/product\/838","targetHints":{"allow":["GET"]}}],"collection":[{"href":"https:\/\/kushstar.ca\/fr\/wp-json\/wp\/v2\/product"}],"about":[{"href":"https:\/\/kushstar.ca\/fr\/wp-json\/wp\/v2\/types\/product"}],"replies":[{"embeddable":true,"href":"https:\/\/kushstar.ca\/fr\/wp-json\/wp\/v2\/comments?post=838"}],"wp:featuredmedia":[{"embeddable":true,"href":"https:\/\/kushstar.ca\/fr\/wp-json\/wp\/v2\/media\/223"}],"wp:attachment":[{"href":"https:\/\/kushstar.ca\/fr\/wp-json\/wp\/v2\/media?parent=838"}],"wp:term":[{"taxonomy":"product_brand","embeddable":true,"href":"https:\/\/kushstar.ca\/fr\/wp-json\/wp\/v2\/product_brand?post=838"},{"taxonomy":"product_cat","embeddable":true,"href":"https:\/\/kushstar.ca\/fr\/wp-json\/wp\/v2\/product_cat?post=838"},{"taxonomy":"product_tag","embeddable":true,"href":"https:\/\/kushstar.ca\/fr\/wp-json\/wp\/v2\/product_tag?post=838"}],"curies":[{"name":"wp","href":"https:\/\/api.w.org\/{rel}","templated":true}]}}