{"id":837,"date":"2025-08-16T20:50:47","date_gmt":"2025-08-16T20:50:47","guid":{"rendered":"https:\/\/kushstar.ca\/?post_type=product&#038;p=837"},"modified":"2026-04-02T23:21:11","modified_gmt":"2026-04-03T03:21:11","slug":"hemp-rolls-5-meter-long-organic-hemp-paper-40-natural-perforated-tips-5-pack","status":"publish","type":"product","link":"https:\/\/kushstar.ca\/fr\/produit\/hemp-rolls-5-meter-long-organic-hemp-paper-40-natural-perforated-tips-5-pack","title":{"rendered":"Rouleaux de chanvre \u2013 Papier de chanvre biologique de 5 m\u00e8tres de long et 40 pointes perfor\u00e9es naturelles \u2013 paquet de 5"},"content":{"rendered":"<p><b><strong>Ce pack de 5 rouleaux fins en chanvre biologique avec filtres vous offre la meilleure exp\u00e9rience client chez KushStar. Ce rouleau fin et ajustable en chanvre biologique mesure 5 m\u00e8tres de long sur 44 millim\u00e8tres de large. Il saura satisfaire vos envies, que ce soit pour fumer un petit joint ou un gros joint entre amis. Cr\u00e9ez toutes les formes et tous les designs possibles\u00a0: il vous suffit de choisir la longueur de papier dont vous avez besoin. C&#039;est aussi une belle pi\u00e8ce de collection, reconnaissable de loin dans votre bo\u00eete \u00e0 cigarettes. Si vous avez une id\u00e9e, il ne vous reste plus qu&#039;\u00e0 la personnaliser avec ce produit haut de gamme.<\/strong><\/b><\/p>","protected":false},"excerpt":{"rendered":"<p><b>Lot de 5 carnets contenant chacun 5 m de rouleaux de chanvre et 40 embouts perfor\u00e9s naturels<\/b><\/p>\n<ul>\n<li><strong>Papier de chanvre biologique fin 100% (12,5 g\/m\u00b2)<\/strong><\/li>\n<li><strong>Un carnet contient un rouleau de 5 m\u00e8tres de long sur 44 millim\u00e8tres de large et 40 pointes perfor\u00e9es 4 fois en fibres naturelles<\/strong><\/li>\n<li><strong>Tirez sur la longueur de papier n\u00e9cessaire et arrachez-la.<\/strong><\/li>\n<li><strong>Extr\u00e9mit\u00e9s perfor\u00e9es naturelles de dimensions 25 mm x 54 mm<\/strong><\/li>\n<li><strong>100% Gomme arabique naturelle<\/strong><\/li>\n<li><strong>combustion lente et uniforme<\/strong><\/li>\n<\/ul>","protected":false},"featured_media":1724,"comment_status":"open","ping_status":"closed","template":"","meta":[],"product_brand":[],"product_cat":[509],"product_tag":[330,329,328,341,343,333,335,337,339,332,327,334,331,325,338,342,340,273,336,326],"class_list":{"0":"post-837","1":"product","2":"type-product","3":"status-publish","4":"has-post-thumbnail","6":"product_cat-papers","7":"product_tag-44mm-wide-paper","8":"product_tag-5-meter-roll","9":"product_tag-adjustable-rolling-paper","10":"product_tag-collectible-smoking-gear","11":"product_tag-creative-rolling-paper","12":"product_tag-customizable-rolling-paper","13":"product_tag-doobie-paper","14":"product_tag-eco-friendly-paper","15":"product_tag-filter-tip-rolls","16":"product_tag-hemp-paper-with-tips","17":"product_tag-hemp-rolling-paper","18":"product_tag-joint-paper-roll","19":"product_tag-kushstar-rolls","20":"product_tag-organic-hemp-rolls","21":"product_tag-premium-hemp-paper","22":"product_tag-rolling-paper-pack","23":"product_tag-smoke-your-way","24":"product_tag-smoking-accessories","25":"product_tag-stash-box-essential","26":"product_tag-thin-hemp-paper","27":"product_shipping_class-bundle-5-pack-custom-rolls","29":"first","30":"instock","31":"taxable","32":"shipping-taxable","33":"purchasable","34":"product-type-simple"},"_links":{"self":[{"href":"https:\/\/kushstar.ca\/fr\/wp-json\/wp\/v2\/product\/837","targetHints":{"allow":["GET"]}}],"collection":[{"href":"https:\/\/kushstar.ca\/fr\/wp-json\/wp\/v2\/product"}],"about":[{"href":"https:\/\/kushstar.ca\/fr\/wp-json\/wp\/v2\/types\/product"}],"replies":[{"embeddable":true,"href":"https:\/\/kushstar.ca\/fr\/wp-json\/wp\/v2\/comments?post=837"}],"wp:featuredmedia":[{"embeddable":true,"href":"https:\/\/kushstar.ca\/fr\/wp-json\/wp\/v2\/media\/1724"}],"wp:attachment":[{"href":"https:\/\/kushstar.ca\/fr\/wp-json\/wp\/v2\/media?parent=837"}],"wp:term":[{"taxonomy":"product_brand","embeddable":true,"href":"https:\/\/kushstar.ca\/fr\/wp-json\/wp\/v2\/product_brand?post=837"},{"taxonomy":"product_cat","embeddable":true,"href":"https:\/\/kushstar.ca\/fr\/wp-json\/wp\/v2\/product_cat?post=837"},{"taxonomy":"product_tag","embeddable":true,"href":"https:\/\/kushstar.ca\/fr\/wp-json\/wp\/v2\/product_tag?post=837"}],"curies":[{"name":"wp","href":"https:\/\/api.w.org\/{rel}","templated":true}]}}