{"id":834,"date":"2024-11-16T20:50:44","date_gmt":"2024-11-16T20:50:44","guid":{"rendered":"https:\/\/kushstar.ca\/?post_type=product&#038;p=834"},"modified":"2026-04-02T23:39:57","modified_gmt":"2026-04-03T03:39:57","slug":"1-1-4-size-rolling-paper-thin-organic-hemp-paper-1-booklet","status":"publish","type":"product","link":"https:\/\/kushstar.ca\/fr\/produit\/1-1-4-size-rolling-paper-thin-organic-hemp-paper-1-booklet","title":{"rendered":"Papier \u00e0 rouler format 1 1\/4 \u2013 Papier fin en chanvre biologique \u2013 1 carnet"},"content":{"rendered":"<p><b><strong>Une journ\u00e9e normale commence avec un papier \u00e0 rouler fin en chanvre biologique KushStar traditionnel (format 1 1\/4). La sensation de rouler un papier biologique 100% est restitu\u00e9e gr\u00e2ce \u00e0 ce carnet simplifi\u00e9 au design r\u00e9tro. L&#039;esprit de notre marque, associ\u00e9 \u00e0 ce carnet de papier format 1 1\/4, deviendra rapidement l&#039;un de vos 5 papiers pr\u00e9f\u00e9r\u00e9s. Essayez-le et vous appr\u00e9cierez son ambiance !<\/strong><\/b><\/p>","protected":false},"excerpt":{"rendered":"<p><b>B<\/b><b>Caract\u00e9ristiques du ooklet :<\/b><\/p>\n<ul>\n<li><strong>100% Papier de chanvre biologique fin non raffin\u00e9 (12,5 g\/m\u00b2)<\/strong><\/li>\n<li><strong>33 feuilles par livret<\/strong><\/li>\n<li><strong>Dimensions de la feuille : 44 mm x 76 mm<\/strong><\/li>\n<li><strong>Feuille de protection personnalis\u00e9e<\/strong><\/li>\n<li><strong>100% Gomme arabique naturelle<\/strong><\/li>\n<li><strong>Br\u00fble uniform\u00e9ment et lentement\u00a0<\/strong><\/li>\n<li><strong>Parfait pour rouler des c\u00f4nes<\/strong><\/li>\n<\/ul>","protected":false},"featured_media":1753,"comment_status":"open","ping_status":"closed","template":"","meta":[],"product_brand":[],"product_cat":[509],"product_tag":[112,455,282,467,468,412,473,475,313,469,466,109,472,474,470,477,308,465,471,476],"class_list":{"0":"post-834","1":"product","2":"type-product","3":"status-publish","4":"has-post-thumbnail","6":"product_cat-papers","7":"product_tag-1-1-4-rolling-papers","8":"product_tag-100-organic-paper","9":"product_tag-cannabis-accessories","10":"product_tag-classic-rolling-paper","11":"product_tag-daily-smoke-paper","12":"product_tag-eco-friendly-rolling-paper","13":"product_tag-favorite-rolling-paper","14":"product_tag-hemp-smoking-supplies","15":"product_tag-kushstar-papers","16":"product_tag-natural-hemp-booklet","17":"product_tag-oldschool-design-paper","18":"product_tag-organic-hemp-papers","19":"product_tag-premium-joint-papers","20":"product_tag-simple-design-booklet","21":"product_tag-slow-burning-paper","22":"product_tag-smoking-vibes","23":"product_tag-stoner-essentials","24":"product_tag-thin-hemp-rolling-paper","25":"product_tag-top-quality-rolling-paper","26":"product_tag-traditional-rolling-paper","27":"product_shipping_class-1-booklet-1-1-4","29":"first","30":"instock","31":"taxable","32":"shipping-taxable","33":"purchasable","34":"product-type-simple"},"_links":{"self":[{"href":"https:\/\/kushstar.ca\/fr\/wp-json\/wp\/v2\/product\/834","targetHints":{"allow":["GET"]}}],"collection":[{"href":"https:\/\/kushstar.ca\/fr\/wp-json\/wp\/v2\/product"}],"about":[{"href":"https:\/\/kushstar.ca\/fr\/wp-json\/wp\/v2\/types\/product"}],"replies":[{"embeddable":true,"href":"https:\/\/kushstar.ca\/fr\/wp-json\/wp\/v2\/comments?post=834"}],"wp:featuredmedia":[{"embeddable":true,"href":"https:\/\/kushstar.ca\/fr\/wp-json\/wp\/v2\/media\/1753"}],"wp:attachment":[{"href":"https:\/\/kushstar.ca\/fr\/wp-json\/wp\/v2\/media?parent=834"}],"wp:term":[{"taxonomy":"product_brand","embeddable":true,"href":"https:\/\/kushstar.ca\/fr\/wp-json\/wp\/v2\/product_brand?post=834"},{"taxonomy":"product_cat","embeddable":true,"href":"https:\/\/kushstar.ca\/fr\/wp-json\/wp\/v2\/product_cat?post=834"},{"taxonomy":"product_tag","embeddable":true,"href":"https:\/\/kushstar.ca\/fr\/wp-json\/wp\/v2\/product_tag?post=834"}],"curies":[{"name":"wp","href":"https:\/\/api.w.org\/{rel}","templated":true}]}}