{"id":833,"date":"2024-11-16T20:50:44","date_gmt":"2024-11-16T20:50:44","guid":{"rendered":"https:\/\/kushstar.ca\/?post_type=product&#038;p=833"},"modified":"2026-04-02T23:39:48","modified_gmt":"2026-04-03T03:39:48","slug":"1-1-4-size-rolling-paper-thin-organic-hemp-paper-5-pack","status":"publish","type":"product","link":"https:\/\/kushstar.ca\/fr\/produit\/1-1-4-size-rolling-paper-thin-organic-hemp-paper-5-pack","title":{"rendered":"Papier \u00e0 rouler format 1 1\/4 \u2013 Papier fin en chanvre biologique \u2013 Paquet de 5"},"content":{"rendered":"<p><b><strong>Ce paquet de 5 feuilles \u00e0 rouler format 1 1\/4 vous permettra de ne pas \u00eatre \u00e0 court de papier trop vite. Ce paquet vous permettra d&#039;avoir un carnet \u00e0 port\u00e9e de main, o\u00f9 que vous alliez. Ces feuilles fines en chanvre biologique 100%, sans go\u00fbt, sont id\u00e9ales pour savourer pleinement votre meilleure vari\u00e9t\u00e9 de cannabis. Disposez-les sur le canap\u00e9, dans la cuisine, dans la chambre, dans votre voiture ou dans votre jardin. Ce lot \u00e0 petit prix offre la meilleure qualit\u00e9 \u00e0 petit prix sur le site de KushStar.<\/strong><\/b><b><strong> un joli livret cit\u00e9 pour vous aider \u00e0 vous rappeler des choses positives.<\/strong><\/b><\/p>","protected":false},"excerpt":{"rendered":"<p><b>Lot de 5 livrets<br \/>\n<\/b><\/p>\n<ul>\n<li>\n<ul>\n<li><strong>100% Papier de chanvre biologique fin non raffin\u00e9 (12,5 g\/m\u00b2)<\/strong><\/li>\n<li><strong>33 feuilles par livret<\/strong><\/li>\n<li><strong>Les dimensions de la feuille sont de 44 mm x 77 mm<\/strong><\/li>\n<li><strong>Feuille de protection personnalis\u00e9e<\/strong><\/li>\n<li><strong>100% Gomme arabique naturelle<\/strong><\/li>\n<li><strong>Br\u00fble uniform\u00e9ment et lentement\u00a0<\/strong><\/li>\n<li><strong>Parfait pour rouler des c\u00f4nes<\/strong><\/li>\n<\/ul>\n<\/li>\n<\/ul>","protected":false},"featured_media":1757,"comment_status":"open","ping_status":"closed","template":"","meta":[],"product_brand":[],"product_cat":[509],"product_tag":[112,282,337,446,286,313,443,448,441,450,444,447,449,434,278,279,445,442,326,451],"class_list":{"0":"post-833","1":"product","2":"type-product","3":"status-publish","4":"has-post-thumbnail","6":"product_cat-papers","7":"product_tag-1-1-4-rolling-papers","8":"product_tag-cannabis-accessories","9":"product_tag-eco-friendly-paper","10":"product_tag-everyday-smoke-kit","11":"product_tag-hemp-rolling-papers","12":"product_tag-kushstar-papers","13":"product_tag-low-cost-rolling-paper","14":"product_tag-natural-hemp-papers","15":"product_tag-organic-rolling-paper","16":"product_tag-organic-smoking-supplies","17":"product_tag-portable-rolling-paper","18":"product_tag-premium-budget-papers","19":"product_tag-quote-booklet-paper","20":"product_tag-rolling-paper-5-pack","21":"product_tag-rolling-paper-bundle","22":"product_tag-smoker-essentials","23":"product_tag-stash-friendly-papers","24":"product_tag-tasteless-rolling-paper","25":"product_tag-thin-hemp-paper","26":"product_tag-travel-friendly-papers","27":"product_shipping_class-bundle-5-pack-1-1-4","29":"first","30":"instock","31":"taxable","32":"shipping-taxable","33":"purchasable","34":"product-type-simple"},"_links":{"self":[{"href":"https:\/\/kushstar.ca\/fr\/wp-json\/wp\/v2\/product\/833","targetHints":{"allow":["GET"]}}],"collection":[{"href":"https:\/\/kushstar.ca\/fr\/wp-json\/wp\/v2\/product"}],"about":[{"href":"https:\/\/kushstar.ca\/fr\/wp-json\/wp\/v2\/types\/product"}],"replies":[{"embeddable":true,"href":"https:\/\/kushstar.ca\/fr\/wp-json\/wp\/v2\/comments?post=833"}],"wp:featuredmedia":[{"embeddable":true,"href":"https:\/\/kushstar.ca\/fr\/wp-json\/wp\/v2\/media\/1757"}],"wp:attachment":[{"href":"https:\/\/kushstar.ca\/fr\/wp-json\/wp\/v2\/media?parent=833"}],"wp:term":[{"taxonomy":"product_brand","embeddable":true,"href":"https:\/\/kushstar.ca\/fr\/wp-json\/wp\/v2\/product_brand?post=833"},{"taxonomy":"product_cat","embeddable":true,"href":"https:\/\/kushstar.ca\/fr\/wp-json\/wp\/v2\/product_cat?post=833"},{"taxonomy":"product_tag","embeddable":true,"href":"https:\/\/kushstar.ca\/fr\/wp-json\/wp\/v2\/product_tag?post=833"}],"curies":[{"name":"wp","href":"https:\/\/api.w.org\/{rel}","templated":true}]}}