{"id":832,"date":"2025-09-24T02:44:43","date_gmt":"2025-09-24T06:44:43","guid":{"rendered":"https:\/\/kushstar.ca\/?post_type=product&#038;p=832"},"modified":"2026-04-02T23:18:37","modified_gmt":"2026-04-03T03:18:37","slug":"hemp-rolls-5-meter-long-organic-hemp-paper-40-perforated-tips-24-booklets-box","status":"publish","type":"product","link":"https:\/\/kushstar.ca\/fr\/produit\/hemp-rolls-5-meter-long-organic-hemp-paper-40-perforated-tips-24-booklets-box","title":{"rendered":"Rouleaux de chanvre \u2013 Papier de chanvre biologique de 5 m\u00e8tres de long et 40 pointes perfor\u00e9es \u2013 Bo\u00eete de 24 livrets"},"content":{"rendered":"<p><b><strong>Cette bo\u00eete de 24 rouleaux de chanvre + carnets de filtres contient chacun un rouleau de 5 m\u00e8tres de long sur 44 millim\u00e8tres, avec 40 filtres naturels perfor\u00e9s 4 fois, pour rouler les meilleurs joints que vous n&#039;ayez jamais fum\u00e9s. Si vous cherchez une taille personnalis\u00e9e adapt\u00e9e \u00e0 votre occasion, pensez \u00e0 ces rouleaux. Ces rouleaux fins en chanvre biologique avec filtres perfor\u00e9s sont uniques dans notre communaut\u00e9 et constituent le papier le plus cool de la gamme KushStar. C&#039;est la solution \u00e9conomique pour rouler des joints \u00e0 la longueur qui vous convient ! Le chanvre et l&#039;herbe, c&#039;est comme un joint vert sur vert, o\u00f9 la r\u00e8gle du \u00ab puff puff pass \u00bb sera difficile \u00e0 suivre. Soyez prudents lorsque vous roulez sur ces montagnes russes haut de gamme !<\/strong><\/b><\/p>","protected":false},"excerpt":{"rendered":"<p><b>Bo\u00eete de 24 livrets contenant chacun un rouleau de 5 m et 40 embouts de filtre perfor\u00e9s<\/b><\/p>\n<ul>\n<li><strong>Papier de chanvre biologique fin 100% (12,5 g\/m\u00b2)<\/strong><\/li>\n<li><strong>Un carnet contient un rouleau de 5 m\u00e8tres de long sur 44 millim\u00e8tres de large et 40 embouts de filtre perfor\u00e9s naturels<\/strong><\/li>\n<li><strong>Tirez sur la longueur de papier n\u00e9cessaire et arrachez-la.<\/strong><\/li>\n<li><strong>Embouts naturels perfor\u00e9s 4 fois, dimensions 25 mm x 54 mm<\/strong><\/li>\n<li><strong>100% Gomme arabique naturelle<\/strong><\/li>\n<li><strong>combustion lente et uniforme<\/strong><\/li>\n<\/ul>","protected":false},"featured_media":1748,"comment_status":"open","ping_status":"closed","template":"","meta":[],"product_brand":[],"product_cat":[509],"product_tag":[330,376,375,282,377,380,379,378,332,374,281,331,110,325,272,353,352,278,369,326],"class_list":{"0":"post-832","1":"product","2":"type-product","3":"status-publish","4":"has-post-thumbnail","6":"product_cat-papers","7":"product_tag-44mm-wide-paper","8":"product_tag-4x-perforated-tips","9":"product_tag-5-meter-hemp-roll","10":"product_tag-cannabis-accessories","11":"product_tag-custom-size-rolling-paper","12":"product_tag-customizable-joint-paper","13":"product_tag-economical-joint-papers","14":"product_tag-green-on-green-doobie","15":"product_tag-hemp-paper-with-tips","16":"product_tag-hemp-rolls-with-tips","17":"product_tag-joint-rolling-kit","18":"product_tag-kushstar-rolls","19":"product_tag-natural-filter-tips","20":"product_tag-organic-hemp-rolls","21":"product_tag-perforated-tips","22":"product_tag-premium-rolling-papers","23":"product_tag-rolling-paper-box","24":"product_tag-rolling-paper-bundle","25":"product_tag-smoke-session-essentials","26":"product_tag-thin-hemp-paper","27":"product_shipping_class-box-custom-rolls","29":"first","30":"instock","31":"taxable","32":"shipping-taxable","33":"purchasable","34":"product-type-simple"},"_links":{"self":[{"href":"https:\/\/kushstar.ca\/fr\/wp-json\/wp\/v2\/product\/832","targetHints":{"allow":["GET"]}}],"collection":[{"href":"https:\/\/kushstar.ca\/fr\/wp-json\/wp\/v2\/product"}],"about":[{"href":"https:\/\/kushstar.ca\/fr\/wp-json\/wp\/v2\/types\/product"}],"replies":[{"embeddable":true,"href":"https:\/\/kushstar.ca\/fr\/wp-json\/wp\/v2\/comments?post=832"}],"wp:featuredmedia":[{"embeddable":true,"href":"https:\/\/kushstar.ca\/fr\/wp-json\/wp\/v2\/media\/1748"}],"wp:attachment":[{"href":"https:\/\/kushstar.ca\/fr\/wp-json\/wp\/v2\/media?parent=832"}],"wp:term":[{"taxonomy":"product_brand","embeddable":true,"href":"https:\/\/kushstar.ca\/fr\/wp-json\/wp\/v2\/product_brand?post=832"},{"taxonomy":"product_cat","embeddable":true,"href":"https:\/\/kushstar.ca\/fr\/wp-json\/wp\/v2\/product_cat?post=832"},{"taxonomy":"product_tag","embeddable":true,"href":"https:\/\/kushstar.ca\/fr\/wp-json\/wp\/v2\/product_tag?post=832"}],"curies":[{"name":"wp","href":"https:\/\/api.w.org\/{rel}","templated":true}]}}