{"id":831,"date":"2025-09-24T02:43:42","date_gmt":"2025-09-24T06:43:42","guid":{"rendered":"https:\/\/kushstar.ca\/?post_type=product&#038;p=831"},"modified":"2026-04-02T23:18:57","modified_gmt":"2026-04-03T03:18:57","slug":"1-1-4-size-rolling-paper-thin-organic-hemp-paper-50-booklets-box","status":"publish","type":"product","link":"https:\/\/kushstar.ca\/fr\/produit\/1-1-4-size-rolling-paper-thin-organic-hemp-paper-50-booklets-box","title":{"rendered":"Papier \u00e0 rouler format 1 1\/4 \u2013 Papier fin en chanvre biologique \u2013 Bo\u00eete de 50 carnets"},"content":{"rendered":"<p><b><strong>Lorsque vous \u00eates sur la liste des meilleurs, il vous suffit de ne jamais manquer d&#039;\u00e9nergie. Cette bo\u00eete de 50 carnets de feuilles \u00e0 rouler format 1 1\/4 est fabriqu\u00e9e en papier fin de chanvre biologique. Chaque carnet contient 33 feuilles pour vous donner suffisamment d&#039;\u00e9nergie pour assurer votre r\u00f4le de starter. Souvenez-vous que lorsque vous consommez ces feuilles de cannabis Kush, la lune et les \u00e9toiles ne sont pas loin. Ces feuilles de chanvre cr\u00e9meuses Natural Light sont sans go\u00fbt et se consument lentement. Vos amis fumeurs ont toujours besoin de feuilles \u00e0 rouler. Cette bo\u00eete est l&#039;outil id\u00e9al pour les aider et qu&#039;ils se souviennent de vous comme du chaman de la marque de papier KushStar\u00a0!<\/strong><\/b><\/p>","protected":false},"excerpt":{"rendered":"<p><b>Bo\u00eete de 50 carnets de papier \u00e0 rouler<br \/>\n<\/b><\/p>\n<ul>\n<li><strong>33 feuilles par livret<\/strong><\/li>\n<li><strong>100% Papier de chanvre biologique fin non raffin\u00e9 (12,5 g\/m\u00b2)<\/strong><\/li>\n<li><strong>Dimensions de la feuille : 44 mm x 76 mm<\/strong><\/li>\n<li><strong>Feuille de protection personnalis\u00e9e<\/strong><\/li>\n<li><strong>100% Gomme arabique naturelle<\/strong><\/li>\n<li><strong>Br\u00fble uniform\u00e9ment et lentement\u00a0<\/strong><\/li>\n<li><strong>Parfait pour rouler des c\u00f4nes<\/strong><\/li>\n<\/ul>","protected":false},"featured_media":1750,"comment_status":"open","ping_status":"closed","template":"","meta":[],"product_brand":[],"product_cat":[509],"product_tag":[112,385,386,389,337,286,391,313,383,384,381,338,352,390,382,304,273,388,387,18,348],"class_list":{"0":"post-831","1":"product","2":"type-product","3":"status-publish","4":"has-post-thumbnail","6":"product_cat-papers","7":"product_tag-1-1-4-rolling-papers","8":"product_tag-50-booklet-pack","9":"product_tag-bulk-rolling-papers","10":"product_tag-cannabis-paper-bundle","11":"product_tag-eco-friendly-paper","12":"product_tag-hemp-rolling-papers","13":"product_tag-herbal-rolling-papers","14":"product_tag-kushstar-papers","15":"product_tag-natural-creamy-hemp","16":"product_tag-non-tasting-papers","17":"product_tag-organic-hemp-paper","18":"product_tag-premium-hemp-paper","19":"product_tag-rolling-paper-box","20":"product_tag-rolling-paper-supply","21":"product_tag-slow-burn-papers","22":"product_tag-smokers-box","23":"product_tag-smoking-accessories","24":"product_tag-starter-kit-papers","25":"product_tag-stash-essential","26":"product_tag-thin-rolling-paper","27":"product_tag-thin-rolling-papers","28":"product_shipping_class-box-1-1-4","30":"first","31":"instock","32":"taxable","33":"shipping-taxable","34":"purchasable","35":"product-type-simple"},"_links":{"self":[{"href":"https:\/\/kushstar.ca\/fr\/wp-json\/wp\/v2\/product\/831","targetHints":{"allow":["GET"]}}],"collection":[{"href":"https:\/\/kushstar.ca\/fr\/wp-json\/wp\/v2\/product"}],"about":[{"href":"https:\/\/kushstar.ca\/fr\/wp-json\/wp\/v2\/types\/product"}],"replies":[{"embeddable":true,"href":"https:\/\/kushstar.ca\/fr\/wp-json\/wp\/v2\/comments?post=831"}],"wp:featuredmedia":[{"embeddable":true,"href":"https:\/\/kushstar.ca\/fr\/wp-json\/wp\/v2\/media\/1750"}],"wp:attachment":[{"href":"https:\/\/kushstar.ca\/fr\/wp-json\/wp\/v2\/media?parent=831"}],"wp:term":[{"taxonomy":"product_brand","embeddable":true,"href":"https:\/\/kushstar.ca\/fr\/wp-json\/wp\/v2\/product_brand?post=831"},{"taxonomy":"product_cat","embeddable":true,"href":"https:\/\/kushstar.ca\/fr\/wp-json\/wp\/v2\/product_cat?post=831"},{"taxonomy":"product_tag","embeddable":true,"href":"https:\/\/kushstar.ca\/fr\/wp-json\/wp\/v2\/product_tag?post=831"}],"curies":[{"name":"wp","href":"https:\/\/api.w.org\/{rel}","templated":true}]}}