{"id":830,"date":"2025-09-24T02:44:41","date_gmt":"2025-09-24T06:44:41","guid":{"rendered":"https:\/\/kushstar.ca\/?post_type=product&#038;p=830"},"modified":"2026-04-02T23:18:46","modified_gmt":"2026-04-03T03:18:46","slug":"filter-tips-natural-perforated-25-booklets-box","status":"publish","type":"product","link":"https:\/\/kushstar.ca\/fr\/produit\/filter-tips-natural-perforated-25-booklets-box","title":{"rendered":"Filtres \u2013 Naturels et perfor\u00e9s \u2013 Bo\u00eete de 25 carnets"},"content":{"rendered":"<p><strong><b><strong>Cette bo\u00eete de 25 carnets contient 50 carnets de filtres \u00e0 embouts droits naturels et perfor\u00e9s 5 fois. N&#039;h\u00e9sitez pas \u00e0 essayer et \u00e0 vous faire votre propre opinion. C&#039;est toujours utile d&#039;avoir quelques carnets de filtres \u00e0 embouts sous la main pour \u00e9viter de r\u00e9utiliser du carton recycl\u00e9. Cela fait grimper le panier, mais imaginez l&#039;opportunit\u00e9 de trouver la taille de filtre id\u00e9ale pour votre joint. Nous essaierions normalement de poursuivre notre discussion, mais nous allons nous arr\u00eater ici\u00a0!<\/strong><\/b><\/strong><\/p>","protected":false},"excerpt":{"rendered":"<p><b>Bo\u00eete de 25 livrets<br \/>\n<\/b><\/p>\n<ul>\n<li><strong>Livret de 50 conseils naturels <\/strong><\/li>\n<li><strong>5 fois les embouts perfor\u00e9s<\/strong><\/li>\n<li><strong>Les dimensions des embouts de filtre sont de 60 mm x 20 mm.<\/strong><\/li>\n<li><strong>Embouts originaux plus larges<\/strong><\/li>\n<li><strong>Embouts perfor\u00e9s faciles \u00e0 utiliser avec du papier de format 1-1\/4<br \/>\n<\/strong><\/li>\n<li><strong>100% carton naturel 1 pli<\/strong><\/li>\n<\/ul>","protected":false},"featured_media":270,"comment_status":"open","ping_status":"closed","template":"","meta":[],"product_brand":[],"product_cat":[509],"product_tag":[483,479,489,365,478,370,487,481,358,110,486,356,482,488,480,273,490,484,491,485],"class_list":{"0":"post-830","1":"product","2":"type-product","3":"status-publish","4":"has-post-thumbnail","6":"product_cat-papers","7":"product_tag-25-booklet-box","8":"product_tag-5-times-perforated-tips","9":"product_tag-cannabis-filter-tips","10":"product_tag-eco-friendly-tips","11":"product_tag-filter-tips","12":"product_tag-hemp-filter-tips","13":"product_tag-joint-rolling-essentials","14":"product_tag-joint-tips","15":"product_tag-kushstar-tips","16":"product_tag-natural-filter-tips","17":"product_tag-no-more-cardboard-tips","18":"product_tag-perforated-filter-tips","19":"product_tag-premium-filter-tips","20":"product_tag-recyclable-filter-tips","21":"product_tag-rolling-tips-booklets","22":"product_tag-smoking-accessories","23":"product_tag-smoking-convenience","24":"product_tag-straight-fire-tips","25":"product_tag-tip-booklets-bundle","26":"product_tag-unbleached-tips","27":"product_shipping_class-box-filter-tips","29":"first","30":"instock","31":"taxable","32":"shipping-taxable","33":"purchasable","34":"product-type-simple"},"_links":{"self":[{"href":"https:\/\/kushstar.ca\/fr\/wp-json\/wp\/v2\/product\/830","targetHints":{"allow":["GET"]}}],"collection":[{"href":"https:\/\/kushstar.ca\/fr\/wp-json\/wp\/v2\/product"}],"about":[{"href":"https:\/\/kushstar.ca\/fr\/wp-json\/wp\/v2\/types\/product"}],"replies":[{"embeddable":true,"href":"https:\/\/kushstar.ca\/fr\/wp-json\/wp\/v2\/comments?post=830"}],"wp:featuredmedia":[{"embeddable":true,"href":"https:\/\/kushstar.ca\/fr\/wp-json\/wp\/v2\/media\/270"}],"wp:attachment":[{"href":"https:\/\/kushstar.ca\/fr\/wp-json\/wp\/v2\/media?parent=830"}],"wp:term":[{"taxonomy":"product_brand","embeddable":true,"href":"https:\/\/kushstar.ca\/fr\/wp-json\/wp\/v2\/product_brand?post=830"},{"taxonomy":"product_cat","embeddable":true,"href":"https:\/\/kushstar.ca\/fr\/wp-json\/wp\/v2\/product_cat?post=830"},{"taxonomy":"product_tag","embeddable":true,"href":"https:\/\/kushstar.ca\/fr\/wp-json\/wp\/v2\/product_tag?post=830"}],"curies":[{"name":"wp","href":"https:\/\/api.w.org\/{rel}","templated":true}]}}