{"id":829,"date":"2025-09-24T02:48:41","date_gmt":"2025-09-24T06:48:41","guid":{"rendered":"https:\/\/kushstar.ca\/?post_type=product&#038;p=829"},"modified":"2026-04-02T23:17:50","modified_gmt":"2026-04-03T03:17:50","slug":"king-size-slim-rolling-papers-natural-perforated-tips-thin-organic-hemp-paper-32-booklets-box","status":"publish","type":"product","link":"https:\/\/kushstar.ca\/fr\/produit\/king-size-slim-rolling-papers-natural-perforated-tips-thin-organic-hemp-paper-32-booklets-box","title":{"rendered":"Feuilles \u00e0 rouler King Size Slim et embouts perfor\u00e9s naturels \u2013 Papier fin en chanvre biologique \u2013 Bo\u00eete de 32 carnets"},"content":{"rendered":"<p><b><strong>Seul un roi est mieux servi avec le livret tout-en-un King Size Slim KushStar. Cette bo\u00eete contient 32 livrets, chacun contenant 33 feuilles de papier \u00e0 rouler en chanvre biologique 100% et 33 filtres naturels perfor\u00e9s triple \u00e9paisseur, parfaitement con\u00e7us pour rouler le meilleur joint europ\u00e9en. Vous ne regretterez pas votre achat, car ces livrets \u00ab\u00a0Out of this World\u00a0\u00bb r\u00e9aliseront votre r\u00eave de rouler un joint de la meilleure dimension avec votre \u00e9quipe. Ce papier fin et facile \u00e0 rouler en chanvre biologique 100% vous aidera \u00e0 devenir le roi sur son tr\u00f4ne. Une fois all\u00e9g\u00e9, ce papier vous transportera dans l&#039;ambiance jama\u00efcaine et deviendra un classique.<\/strong><\/b><\/p>","protected":false},"excerpt":{"rendered":"<p><b>Bo\u00eete de 32 carnets de feuilles \u00e0 rouler contenant chacun 33 feuilles et 33 filtres perfor\u00e9s naturels.<\/b><\/p>\n<ul>\n<li><strong>100% Papier de chanvre biologique fin non raffin\u00e9 (12,5 g\/m\u00b2)<\/strong><\/li>\n<li><strong>Filigrane franchi pour une combustion uniforme et lente<\/strong><\/li>\n<li><strong>Tous les livrets sont munis d&#039;une feuille de protection<\/strong><\/li>\n<li><strong>Un livret contient 33 feuilles et 33 pointes perfor\u00e9es naturelles<\/strong><\/li>\n<li><strong>Dimensions de la feuille : 44 mm x 108 mm<\/strong><\/li>\n<li><strong>Dimensions des embouts : 20 mm x 54 mm<\/strong><\/li>\n<li><strong>Embouts perfor\u00e9s pour une bouff\u00e9e sans fum\u00e9e et parfaitement vaporis\u00e9e<\/strong><\/li>\n<li><strong>100% Gomme arabique naturelle<\/strong><\/li>\n<\/ul>","protected":false},"featured_media":2863,"comment_status":"open","ping_status":"closed","template":"","meta":[],"product_brand":[],"product_cat":[509],"product_tag":[347,345,355,351,349,346,332,354,350,111,344,110,92,272,353,352,278,279,273,18,348],"class_list":{"0":"post-829","1":"product","2":"type-product","3":"status-publish","4":"has-post-thumbnail","6":"product_cat-papers","7":"product_tag-100-hemp-papers","8":"product_tag-all-in-one-rolling-kit","9":"product_tag-crew-smoke-kit","10":"product_tag-doobie-papers","11":"product_tag-easy-to-roll-papers","12":"product_tag-european-style-joint","13":"product_tag-hemp-paper-with-tips","14":"product_tag-jamaica-vibes-paper","15":"product_tag-king-size-joint-paper","16":"product_tag-king-size-slim-papers","17":"product_tag-kushstar-booklet","18":"product_tag-natural-filter-tips","19":"product_tag-organic-hemp-rolling-papers","20":"product_tag-perforated-tips","21":"product_tag-premium-rolling-papers","22":"product_tag-rolling-paper-box","23":"product_tag-rolling-paper-bundle","24":"product_tag-smoker-essentials","25":"product_tag-smoking-accessories","26":"product_tag-thin-rolling-paper","27":"product_tag-thin-rolling-papers","28":"product_shipping_class-box-king-size-slim","30":"first","31":"instock","32":"taxable","33":"shipping-taxable","34":"purchasable","35":"product-type-simple"},"_links":{"self":[{"href":"https:\/\/kushstar.ca\/fr\/wp-json\/wp\/v2\/product\/829","targetHints":{"allow":["GET"]}}],"collection":[{"href":"https:\/\/kushstar.ca\/fr\/wp-json\/wp\/v2\/product"}],"about":[{"href":"https:\/\/kushstar.ca\/fr\/wp-json\/wp\/v2\/types\/product"}],"replies":[{"embeddable":true,"href":"https:\/\/kushstar.ca\/fr\/wp-json\/wp\/v2\/comments?post=829"}],"wp:featuredmedia":[{"embeddable":true,"href":"https:\/\/kushstar.ca\/fr\/wp-json\/wp\/v2\/media\/2863"}],"wp:attachment":[{"href":"https:\/\/kushstar.ca\/fr\/wp-json\/wp\/v2\/media?parent=829"}],"wp:term":[{"taxonomy":"product_brand","embeddable":true,"href":"https:\/\/kushstar.ca\/fr\/wp-json\/wp\/v2\/product_brand?post=829"},{"taxonomy":"product_cat","embeddable":true,"href":"https:\/\/kushstar.ca\/fr\/wp-json\/wp\/v2\/product_cat?post=829"},{"taxonomy":"product_tag","embeddable":true,"href":"https:\/\/kushstar.ca\/fr\/wp-json\/wp\/v2\/product_tag?post=829"}],"curies":[{"name":"wp","href":"https:\/\/api.w.org\/{rel}","templated":true}]}}