{"id":5236,"date":"2026-04-02T20:34:07","date_gmt":"2026-04-03T00:34:07","guid":{"rendered":"https:\/\/kushstar.ca\/?post_type=product&#038;p=5236"},"modified":"2026-04-03T16:55:10","modified_gmt":"2026-04-03T20:55:10","slug":"magnetized-glass-tips-full-set","status":"publish","type":"product","link":"https:\/\/kushstar.ca\/fr\/produit\/magnetized-glass-tips-full-set","title":{"rendered":"Kit de voyage pour embouts en verre aimant\u00e9s \u2013 Ensemble complet"},"content":{"rendered":"<p data-start=\"101\" data-end=\"269\"><strong>Upgrade your session with a smarter, cleaner way to share our Full Set. Our Magnetized Glass Tips To-Go Full Set Kit is designed for convenience, hygiene, and style\u2014all in one compact setup.<\/strong><\/p>\n<p data-start=\"271\" data-end=\"484\"><strong>Log\u00e9s dans un \u00e9tui robuste imprim\u00e9 en 3D, chaque embout en verre est maintenu en place par un syst\u00e8me magn\u00e9tique, pour un rangement impeccable et une utilisation imm\u00e9diate. Fini les petits objets \u00e9parpill\u00e9s et le rangement en d\u00e9sordre\u00a0: il suffit de les prendre et de partir.<\/strong><\/p>\n<p data-start=\"486\" data-end=\"526\"><strong>Ce kit comprend un syst\u00e8me en deux parties\u00a0:<\/strong><\/p>\n<ul data-start=\"527\" data-end=\"644\">\n<li data-section-id=\"2c3bv\" data-start=\"527\" data-end=\"594\"><strong>Embouts buccaux personnalis\u00e9s pour une exp\u00e9rience propre et individuelle<\/strong><\/li>\n<li data-section-id=\"1tyek1x\" data-start=\"595\" data-end=\"644\"><strong>Conseils pour porte-joints qui restent avec le rouleau<\/strong><\/li>\n<\/ul>\n<p data-start=\"646\" data-end=\"774\"><strong>Fixez simplement votre embout et passez le joint sans risque de transmission de germes. Chacun a son propre embout buccal et la session se d\u00e9roule sans accroc.<\/strong><\/p>\n<p data-start=\"776\" data-end=\"882\"><strong>Fabriqu\u00e9s en verre de haute qualit\u00e9, ces embouts rehaussent la saveur, sont faciles \u00e0 nettoyer et con\u00e7us pour une utilisation r\u00e9p\u00e9t\u00e9e.<\/strong><\/p>\n<p data-start=\"884\" data-end=\"1020\"><strong>Dot\u00e9 d&#039;une dragonne pratique, ce kit est con\u00e7u pour une vie active\u00a0: id\u00e9al pour les sorties entre amis, les voyages et le transport quotidien.<\/strong><\/p>\n<p data-start=\"1022\" data-end=\"1081\" data-is-last-node=\"\" data-is-only-node=\"\"><strong data-start=\"1022\" data-end=\"1081\" data-is-last-node=\"\">Restez propres. Restez organis\u00e9s. Transmettez les germes sans les transmettre.<\/strong><\/p>","protected":false},"excerpt":{"rendered":"<p><strong>\u00c9tui imprim\u00e9 en 3D avec dragonnes<\/strong><\/p>\n<p>Dimension: 11.4 cm(4.5 in) x 4.0 cm(1.6 in) x 4.0 cm(1.6 in)<br \/>\nColors: Purple | Green<\/p>\n<p><strong>Full Set Glass Kit<\/strong><\/p>\n<ul>\n<li>12 Pieces total<\/li>\n<li>8 Mouth Pieces: 4x Green , 4x Pink (half &amp; half) | 8x Pink(full pink) | 8x Green(full green)<\/li>\n<li>4 Crown\/Tips: 2x Green, 2x Pink (half &amp; half) | 4x Pink(full pink) | 4x Green(full green)<\/li>\n<li>Diam\u00e8tre : ext\u00e9rieur 10 mm \u2013 int\u00e9rieur 6,3 mm<\/li>\n<li>Liaison magn\u00e9tique entre les 2 parties<\/li>\n<li>Anti-miettes dans chaque pi\u00e8ce<\/li>\n<li>Lavable et r\u00e9utilisable<\/li>\n<\/ul>","protected":false},"featured_media":5242,"comment_status":"open","ping_status":"closed","template":"","meta":[],"product_brand":[],"product_cat":[508],"product_tag":[550,282,858,857,860,845,859,847,851,854,137,862,852,849,861,518,856,846,848,273,853,558,850,855],"class_list":{"0":"post-5236","1":"product","2":"type-product","3":"status-publish","4":"has-post-thumbnail","6":"product_cat-glass-tips","7":"product_tag-3d-printed-case","8":"product_tag-cannabis-accessories","9":"product_tag-clean-smoking-experience","10":"product_tag-eco-friendly-smoking","11":"product_tag-festival-smoking-gear","12":"product_tag-glass-filter-tips","13":"product_tag-group-smoking-solution","14":"product_tag-hygienic-smoking","15":"product_tag-joint-holder-tip","16":"product_tag-magnetic-storage-case","17":"product_tag-magnetized-glass-tips","18":"product_tag-modern-smoking-accessory","19":"product_tag-mouthpiece-filter","20":"product_tag-no-germ-sharing","21":"product_tag-organized-stash","22":"product_tag-portable-smoking-kit","23":"product_tag-premium-glass-tips","24":"product_tag-reusable-joint-tips","25":"product_tag-shared-session-solution","26":"product_tag-smoking-accessories","27":"product_tag-to-go-smoking-kit","28":"product_tag-travel-smoking-kit","29":"product_tag-weed-accessories","30":"product_tag-wrist-lanyard-kit","31":"product_shipping_class-bong","33":"first","34":"instock","35":"featured","36":"taxable","37":"shipping-taxable","38":"purchasable","39":"product-type-variable"},"_links":{"self":[{"href":"https:\/\/kushstar.ca\/fr\/wp-json\/wp\/v2\/product\/5236","targetHints":{"allow":["GET"]}}],"collection":[{"href":"https:\/\/kushstar.ca\/fr\/wp-json\/wp\/v2\/product"}],"about":[{"href":"https:\/\/kushstar.ca\/fr\/wp-json\/wp\/v2\/types\/product"}],"replies":[{"embeddable":true,"href":"https:\/\/kushstar.ca\/fr\/wp-json\/wp\/v2\/comments?post=5236"}],"wp:featuredmedia":[{"embeddable":true,"href":"https:\/\/kushstar.ca\/fr\/wp-json\/wp\/v2\/media\/5242"}],"wp:attachment":[{"href":"https:\/\/kushstar.ca\/fr\/wp-json\/wp\/v2\/media?parent=5236"}],"wp:term":[{"taxonomy":"product_brand","embeddable":true,"href":"https:\/\/kushstar.ca\/fr\/wp-json\/wp\/v2\/product_brand?post=5236"},{"taxonomy":"product_cat","embeddable":true,"href":"https:\/\/kushstar.ca\/fr\/wp-json\/wp\/v2\/product_cat?post=5236"},{"taxonomy":"product_tag","embeddable":true,"href":"https:\/\/kushstar.ca\/fr\/wp-json\/wp\/v2\/product_tag?post=5236"}],"curies":[{"name":"wp","href":"https:\/\/api.w.org\/{rel}","templated":true}]}}