{"id":5109,"date":"2026-03-14T19:58:14","date_gmt":"2026-03-14T23:58:14","guid":{"rendered":"https:\/\/kushstar.ca\/?post_type=product&#038;p=5109"},"modified":"2026-04-02T22:41:51","modified_gmt":"2026-04-03T02:41:51","slug":"wood-pipe-4","status":"publish","type":"product","link":"https:\/\/kushstar.ca\/fr\/produit\/wood-pipe-4","title":{"rendered":"Tuyau en bois \u2013 4\u2033"},"content":{"rendered":"<p data-start=\"548\" data-end=\"823\"><strong>The 4&#8243; Wood Pipe is a classic smoking accessory that combines traditional craftsmanship with a compact and practical design. Carved from solid wood, this pipe features a detailed decorative bowl and a smooth, elongated stem that provides comfortable handling and airflow.<\/strong><\/p>\n<p data-start=\"825\" data-end=\"1096\"><strong>Son format de 10 cm la rend facile \u00e0 transporter et se glisse ais\u00e9ment dans une poche ou une petite pochette pour une utilisation discr\u00e8te et nomade. Sa fabrication en bois naturel conf\u00e8re \u00e0 chaque pipe un aspect l\u00e9g\u00e8rement unique, avec de subtiles variations de grain et de couleur qui ajoutent du caract\u00e8re \u00e0 chaque pi\u00e8ce.<\/strong><\/p>\n<p data-start=\"1098\" data-end=\"1340\"><strong>Le foyer profond facilite le remplissage, tandis que le corps robuste en bois offre durabilit\u00e9 et esth\u00e9tique intemporelle. Id\u00e9ale pour les amateurs d&#039;accessoires de fumeur traditionnels, cette pipe allie style et fonctionnalit\u00e9 dans un format compact.<\/strong><\/p>\n<p data-start=\"1342\" data-end=\"1354\"><strong data-start=\"1342\" data-end=\"1354\">Caract\u00e9ristiques<\/strong><\/p>\n<ul data-start=\"1356\" data-end=\"1574\">\n<li data-section-id=\"1a3mp0g\" data-start=\"1356\" data-end=\"1376\">\n<p data-start=\"1358\" data-end=\"1376\"><strong>Longueur : 10 cm<\/strong><\/p>\n<\/li>\n<li data-section-id=\"9014oq\" data-start=\"1377\" data-end=\"1408\">\n<p data-start=\"1379\" data-end=\"1408\"><strong>Fabriqu\u00e9 en bois massif sculpt\u00e9<\/strong><\/p>\n<\/li>\n<li data-section-id=\"nbvpik\" data-start=\"1409\" data-end=\"1444\">\n<p data-start=\"1411\" data-end=\"1444\"><strong>bol d\u00e9coratif d\u00e9taill\u00e9<\/strong><\/p>\n<\/li>\n<li data-section-id=\"15pswc9\" data-start=\"1445\" data-end=\"1480\">\n<p data-start=\"1447\" data-end=\"1480\"><strong>Tige lisse pour une utilisation confortable<\/strong><\/p>\n<\/li>\n<li data-section-id=\"umqf9u\" data-start=\"1481\" data-end=\"1510\">\n<p data-start=\"1483\" data-end=\"1510\"><strong>Format compact et portable<\/strong><\/p>\n<\/li>\n<li data-section-id=\"na25fu\" data-start=\"1511\" data-end=\"1540\">\n<p data-start=\"1513\" data-end=\"1540\"><strong>finition grain de bois naturel<\/strong><\/p>\n<\/li>\n<li data-section-id=\"1ufwgrv\" data-start=\"1541\" data-end=\"1574\">\n<p data-start=\"1543\" data-end=\"1574\"><strong>Style classique et traditionnel<\/strong><\/p>\n<\/li>\n<\/ul>","protected":false},"excerpt":{"rendered":"<p><strong>La pipe en bois de 10 cm est une pipe \u00e0 main compacte en bois sculpt\u00e9, dot\u00e9e d&#039;un foyer finement travaill\u00e9 et d&#039;un tuyau lisse. Durable, portable et de style classique, c&#039;est un accessoire pour fumeur simple et fiable au look intemporel.<\/strong><\/p>","protected":false},"featured_media":5110,"comment_status":"open","ping_status":"closed","template":"","meta":[],"product_brand":[],"product_cat":[71],"product_tag":[828,843,841,834,830,844,831,842,657,840,837,838,669,833,835,832,836,827,829,839],"class_list":{"0":"post-5109","1":"product","2":"type-product","3":"status-publish","4":"has-post-thumbnail","6":"product_cat-pipes","7":"product_tag-4-inch-wood-pipe","8":"product_tag-artisan-style-pipe","9":"product_tag-carved-bowl-pipe","10":"product_tag-carved-smoking-pipe","11":"product_tag-carved-wood-pipe","12":"product_tag-classic-smoking-accessory","13":"product_tag-classic-wood-pipe","14":"product_tag-collectible-wood-pipe","15":"product_tag-compact-smoking-pipe","16":"product_tag-decorative-wood-pipe","17":"product_tag-durable-wood-pipe","18":"product_tag-natural-wood-pipe","19":"product_tag-pocket-size-pipe","20":"product_tag-portable-wood-pipe","21":"product_tag-rustic-wood-pipe","22":"product_tag-small-wooden-pipe","23":"product_tag-traditional-hand-pipe","24":"product_tag-wood-smoking-pipe","25":"product_tag-wooden-hand-pipe","26":"product_tag-wooden-tobacco-pipe","27":"product_shipping_class-pipe","29":"first","30":"instock","31":"taxable","32":"shipping-taxable","33":"purchasable","34":"product-type-simple"},"_links":{"self":[{"href":"https:\/\/kushstar.ca\/fr\/wp-json\/wp\/v2\/product\/5109","targetHints":{"allow":["GET"]}}],"collection":[{"href":"https:\/\/kushstar.ca\/fr\/wp-json\/wp\/v2\/product"}],"about":[{"href":"https:\/\/kushstar.ca\/fr\/wp-json\/wp\/v2\/types\/product"}],"replies":[{"embeddable":true,"href":"https:\/\/kushstar.ca\/fr\/wp-json\/wp\/v2\/comments?post=5109"}],"wp:featuredmedia":[{"embeddable":true,"href":"https:\/\/kushstar.ca\/fr\/wp-json\/wp\/v2\/media\/5110"}],"wp:attachment":[{"href":"https:\/\/kushstar.ca\/fr\/wp-json\/wp\/v2\/media?parent=5109"}],"wp:term":[{"taxonomy":"product_brand","embeddable":true,"href":"https:\/\/kushstar.ca\/fr\/wp-json\/wp\/v2\/product_brand?post=5109"},{"taxonomy":"product_cat","embeddable":true,"href":"https:\/\/kushstar.ca\/fr\/wp-json\/wp\/v2\/product_cat?post=5109"},{"taxonomy":"product_tag","embeddable":true,"href":"https:\/\/kushstar.ca\/fr\/wp-json\/wp\/v2\/product_tag?post=5109"}],"curies":[{"name":"wp","href":"https:\/\/api.w.org\/{rel}","templated":true}]}}