{"id":5090,"date":"2026-03-14T19:30:48","date_gmt":"2026-03-14T23:30:48","guid":{"rendered":"https:\/\/kushstar.ca\/?post_type=product&#038;p=5090"},"modified":"2026-04-02T22:45:23","modified_gmt":"2026-04-03T02:45:23","slug":"fantom-beaker-bong-8","status":"publish","type":"product","link":"https:\/\/kushstar.ca\/fr\/produit\/fantom-beaker-bong-8","title":{"rendered":"Bong \u00e0 b\u00e9cher Fantom \u2013 8\u2033"},"content":{"rendered":"<p data-start=\"93\" data-end=\"347\"><strong>Le bang Fantom Beaker de 20 cm est une pipe \u00e0 eau compacte et fiable, con\u00e7ue pour une utilisation quotidienne et une performance optimale. Sa base classique en forme de b\u00e9cher lui conf\u00e8re une excellente stabilit\u00e9 et une capacit\u00e9 d&#039;eau accrue, pour des inhalations plus fra\u00eeches et plus pures.<\/strong><\/p>\n<p data-start=\"349\" data-end=\"626\"><strong>Fabriqu\u00e9 en verre transparent r\u00e9sistant, ce bang arbore le logo Fantom en forme de cr\u00e2ne sur le tube et un bord color\u00e9 qui apporte une touche distinctive \u00e0 son design \u00e9pur\u00e9. Sa forme conique am\u00e9liore la filtration et offre une base stable qui r\u00e9duit les risques de renversement.<\/strong><\/p>\n<p data-start=\"628\" data-end=\"806\"><strong>Sa hauteur pratique de 8 pouces facilite sa manipulation, son rangement et son transport, ce qui en fait une excellente option pour les d\u00e9butants comme pour les utilisateurs exp\u00e9riment\u00e9s \u00e0 la recherche d&#039;un outil fiable au quotidien.<\/strong><\/p>\n<p data-start=\"808\" data-end=\"937\"><strong>Disponibles avec des bords de diff\u00e9rentes couleurs, chaque bong conserve la m\u00eame construction de haute qualit\u00e9 tout en offrant un style l\u00e9g\u00e8rement unique.<\/strong><\/p>\n<p data-start=\"939\" data-end=\"951\"><strong data-start=\"939\" data-end=\"951\">Caract\u00e9ristiques:<\/strong><\/p>\n<ul data-start=\"953\" data-end=\"1187\">\n<li data-section-id=\"1sri89b\" data-start=\"953\" data-end=\"973\">\n<p data-start=\"955\" data-end=\"973\"><strong>Hauteur : 8 pouces<\/strong><\/p>\n<\/li>\n<li data-section-id=\"lbcrgd\" data-start=\"974\" data-end=\"1011\">\n<p data-start=\"976\" data-end=\"1011\"><strong>Base classique en forme de b\u00e9cher pour une meilleure stabilit\u00e9<\/strong><\/p>\n<\/li>\n<li data-section-id=\"1fhs5m7\" data-start=\"1012\" data-end=\"1048\">\n<p data-start=\"1014\" data-end=\"1048\"><strong>construction en verre transparent durable<\/strong><\/p>\n<\/li>\n<li data-section-id=\"1exv7er\" data-start=\"1049\" data-end=\"1077\">\n<p data-start=\"1051\" data-end=\"1077\"><strong>Conception du logo du cr\u00e2ne fantomatique<\/strong><\/p>\n<\/li>\n<li data-section-id=\"1f7u7e7\" data-start=\"1078\" data-end=\"1101\">\n<p data-start=\"1080\" data-end=\"1101\"><strong>Bordure color\u00e9e<\/strong><\/p>\n<\/li>\n<li data-section-id=\"5qvrhj\" data-start=\"1102\" data-end=\"1129\">\n<p data-start=\"1104\" data-end=\"1129\"><strong>Filtration d&#039;eau douce<\/strong><\/p>\n<\/li>\n<li data-section-id=\"x4nlmj\" data-start=\"1130\" data-end=\"1160\">\n<p data-start=\"1132\" data-end=\"1160\"><strong>Compact et facile \u00e0 manipuler<\/strong><\/p>\n<\/li>\n<li data-section-id=\"lil4dw\" data-start=\"1161\" data-end=\"1187\">\n<p data-start=\"1163\" data-end=\"1187\"><strong>Id\u00e9al pour une utilisation quotidienne<\/strong><\/p>\n<\/li>\n<\/ul>","protected":false},"excerpt":{"rendered":"<p><strong>Le bong Fantom Beaker de 20 cm est une pipe \u00e0 eau compacte en verre dot\u00e9e d&#039;une base stable en forme de b\u00e9cher, d&#039;une construction robuste et du logo embl\u00e9matique de la t\u00eate de mort Fantom. Con\u00e7u pour des inhalations douces et pures et une utilisation quotidienne facile, il allie fonctionnalit\u00e9 classique et style audacieux.<\/strong><\/p>","protected":false},"featured_media":5096,"comment_status":"open","ping_status":"closed","template":"","meta":[],"product_brand":[],"product_cat":[650],"product_tag":[813,822,729,819,79,824,823,818,816,826,743,740,747,815,814,731,820,739,825,744,817,745,742,741,821],"class_list":{"0":"post-5090","1":"product","2":"type-product","3":"status-publish","4":"has-post-thumbnail","6":"product_cat-bong","7":"product_tag-8-inch-glass-bong","8":"product_tag-amber-rim-bong","9":"product_tag-beaker-base-bong","10":"product_tag-blue-rim-bong","11":"product_tag-borosilicate-glass-bong","12":"product_tag-classic-beaker-bong","13":"product_tag-clear-glass-bong","14":"product_tag-colored-rim-bong","15":"product_tag-compact-glass-bong","16":"product_tag-compact-smoking-bong","17":"product_tag-daily-use-bong","18":"product_tag-downstem-bong","19":"product_tag-durable-glass-bong","20":"product_tag-fantom-beaker-bong","21":"product_tag-fantom-bong","22":"product_tag-glass-water-pipe","23":"product_tag-green-rim-bong","24":"product_tag-herb-bowl-bong","25":"product_tag-portable-water-pipe","26":"product_tag-premium-glass-bong","27":"product_tag-small-beaker-bong","28":"product_tag-smoking-water-pipe","29":"product_tag-smooth-hit-bong","30":"product_tag-stable-base-bong","31":"product_tag-white-rim-bong","32":"product_shipping_class-bong","34":"first","35":"instock","36":"featured","37":"taxable","38":"shipping-taxable","39":"purchasable","40":"product-type-variable"},"_links":{"self":[{"href":"https:\/\/kushstar.ca\/fr\/wp-json\/wp\/v2\/product\/5090","targetHints":{"allow":["GET"]}}],"collection":[{"href":"https:\/\/kushstar.ca\/fr\/wp-json\/wp\/v2\/product"}],"about":[{"href":"https:\/\/kushstar.ca\/fr\/wp-json\/wp\/v2\/types\/product"}],"replies":[{"embeddable":true,"href":"https:\/\/kushstar.ca\/fr\/wp-json\/wp\/v2\/comments?post=5090"}],"wp:featuredmedia":[{"embeddable":true,"href":"https:\/\/kushstar.ca\/fr\/wp-json\/wp\/v2\/media\/5096"}],"wp:attachment":[{"href":"https:\/\/kushstar.ca\/fr\/wp-json\/wp\/v2\/media?parent=5090"}],"wp:term":[{"taxonomy":"product_brand","embeddable":true,"href":"https:\/\/kushstar.ca\/fr\/wp-json\/wp\/v2\/product_brand?post=5090"},{"taxonomy":"product_cat","embeddable":true,"href":"https:\/\/kushstar.ca\/fr\/wp-json\/wp\/v2\/product_cat?post=5090"},{"taxonomy":"product_tag","embeddable":true,"href":"https:\/\/kushstar.ca\/fr\/wp-json\/wp\/v2\/product_tag?post=5090"}],"curies":[{"name":"wp","href":"https:\/\/api.w.org\/{rel}","templated":true}]}}