{"id":5083,"date":"2026-03-14T00:22:37","date_gmt":"2026-03-14T04:22:37","guid":{"rendered":"https:\/\/kushstar.ca\/?post_type=product&#038;p=5083"},"modified":"2026-04-02T22:45:47","modified_gmt":"2026-04-03T02:45:47","slug":"soda-pop-mini-glass-bong","status":"publish","type":"product","link":"https:\/\/kushstar.ca\/fr\/produit\/soda-pop-mini-glass-bong","title":{"rendered":"BONG MINI EN VERRE POUR SODA\/POP"},"content":{"rendered":"<p data-start=\"56\" data-end=\"422\"><strong>Le bang en verre en forme de canette de soda est un accessoire pour fumeurs original et amusant, con\u00e7u pour ressembler \u00e0 une canette de soda classique. Dot\u00e9 d&#039;un bol et d&#039;un embout buccal en verre r\u00e9sistant, cet objet unique allie style et fonctionnalit\u00e9. Sa base compacte en forme de canette lui conf\u00e8re une grande stabilit\u00e9, tandis que le plongeur et le bol en verre assurent un flux d&#039;air r\u00e9gulier et une utilisation facile.<\/strong><\/p>\n<p data-start=\"424\" data-end=\"633\"><strong>Con\u00e7u pour allier praticit\u00e9 et esth\u00e9tique, ce bong est l\u00e9ger, portable et facile \u00e0 nettoyer. Son design original inspir\u00e9 des canettes de soda en fait une pi\u00e8ce unique pour toute collection et un sujet de conversation id\u00e9al.<\/strong><\/p>\n<p data-start=\"635\" data-end=\"650\"><strong data-start=\"635\" data-end=\"648\">Caract\u00e9ristiques:<\/strong><\/p>\n<ul data-start=\"651\" data-end=\"1090\">\n<li data-section-id=\"4gatws\" data-start=\"651\" data-end=\"745\">\n<p data-start=\"653\" data-end=\"745\"><strong>Design unique inspir\u00e9 des canettes de soda : Un style rappelant les canettes de soda classiques pour un look amusant et original.<\/strong><\/p>\n<\/li>\n<li data-section-id=\"304y3v\" data-start=\"746\" data-end=\"824\">\n<p data-start=\"748\" data-end=\"824\"><strong>Bol et tige plongeuse en verre : Composants en verre durable pour une performance optimale<\/strong><\/p>\n<\/li>\n<li data-section-id=\"m5lkyi\" data-start=\"825\" data-end=\"876\">\n<p data-start=\"827\" data-end=\"876\"><strong>Compact et portable : facile \u00e0 transporter et \u00e0 ranger<\/strong><\/p>\n<\/li>\n<li data-section-id=\"142a7ed\" data-start=\"877\" data-end=\"946\">\n<p data-start=\"879\" data-end=\"946\"><strong>Base stable : Le corps en forme de canette assure un bon \u00e9quilibre lors de l&#039;utilisation<\/strong><\/p>\n<\/li>\n<li data-section-id=\"1jvcyrw\" data-start=\"947\" data-end=\"1008\">\n<p data-start=\"949\" data-end=\"1008\"><strong>Facile \u00e0 nettoyer : sa conception simple permet un entretien rapide<\/strong><\/p>\n<\/li>\n<li data-section-id=\"oxcrsh\" data-start=\"1009\" data-end=\"1090\">\n<p data-start=\"1011\" data-end=\"1090\"><strong>Un sujet de conversation id\u00e9al\u00a0: un design original et amusant pour les collectionneurs et les passionn\u00e9s.<\/strong><\/p>\n<\/li>\n<\/ul>","protected":false},"excerpt":{"rendered":"<p><strong>Un bang original en forme de canette de soda, dot\u00e9 d&#039;un bol et d&#039;un embout buccal en verre. Compact et portable, il est con\u00e7u pour un flux d&#039;air optimal et arbore un design unique et attrayant.<\/strong><\/p>","protected":false},"featured_media":5089,"comment_status":"open","ping_status":"closed","template":"","meta":[],"product_brand":[],"product_cat":[650],"product_tag":[809,807,811,801,810,802,800,808,803,805,799,804,806],"class_list":{"0":"post-5083","1":"product","2":"type-product","3":"status-publish","4":"has-post-thumbnail","6":"product_cat-bong","7":"product_tag-collectible-bong","8":"product_tag-compact-bong","9":"product_tag-fun-smoking-accessory","10":"product_tag-glass-bowl-bong","11":"product_tag-glass-downstem-bong","12":"product_tag-mini-bong","13":"product_tag-novelty-bong","14":"product_tag-novelty-smoking-accessory","15":"product_tag-portable-bong","16":"product_tag-smoking-bong","17":"product_tag-soda-can-bong","18":"product_tag-soda-can-pipe","19":"product_tag-unique-bong-design","20":"product_shipping_class-bong","22":"first","23":"instock","24":"featured","25":"taxable","26":"shipping-taxable","27":"purchasable","28":"product-type-variable"},"_links":{"self":[{"href":"https:\/\/kushstar.ca\/fr\/wp-json\/wp\/v2\/product\/5083","targetHints":{"allow":["GET"]}}],"collection":[{"href":"https:\/\/kushstar.ca\/fr\/wp-json\/wp\/v2\/product"}],"about":[{"href":"https:\/\/kushstar.ca\/fr\/wp-json\/wp\/v2\/types\/product"}],"replies":[{"embeddable":true,"href":"https:\/\/kushstar.ca\/fr\/wp-json\/wp\/v2\/comments?post=5083"}],"wp:featuredmedia":[{"embeddable":true,"href":"https:\/\/kushstar.ca\/fr\/wp-json\/wp\/v2\/media\/5089"}],"wp:attachment":[{"href":"https:\/\/kushstar.ca\/fr\/wp-json\/wp\/v2\/media?parent=5083"}],"wp:term":[{"taxonomy":"product_brand","embeddable":true,"href":"https:\/\/kushstar.ca\/fr\/wp-json\/wp\/v2\/product_brand?post=5083"},{"taxonomy":"product_cat","embeddable":true,"href":"https:\/\/kushstar.ca\/fr\/wp-json\/wp\/v2\/product_cat?post=5083"},{"taxonomy":"product_tag","embeddable":true,"href":"https:\/\/kushstar.ca\/fr\/wp-json\/wp\/v2\/product_tag?post=5083"}],"curies":[{"name":"wp","href":"https:\/\/api.w.org\/{rel}","templated":true}]}}