{"id":5073,"date":"2026-03-13T15:11:40","date_gmt":"2026-03-13T19:11:40","guid":{"rendered":"https:\/\/kushstar.ca\/?post_type=product&#038;p=5073"},"modified":"2026-04-02T23:08:56","modified_gmt":"2026-04-03T03:08:56","slug":"silver-stainless-screens","status":"publish","type":"product","link":"https:\/\/kushstar.ca\/fr\/produit\/silver-stainless-screens","title":{"rendered":"\u00c9crans en acier inoxydable argent\u00e9"},"content":{"rendered":"<p data-start=\"52\" data-end=\"427\"><strong>Les filtres Silver Stainless Screens sont des filtres \u00e0 mailles fines de haute qualit\u00e9, fabriqu\u00e9s en acier inoxydable durable. Con\u00e7us pour une fiabilit\u00e9 et une performance durables, ces filtres contribuent \u00e0 maintenir un flux d&#039;air r\u00e9gulier tout en retenant les impuret\u00e9s. La conception pr\u00e9cise des mailles assure une filtration constante, tandis que l&#039;acier inoxydable r\u00e9siste \u00e0 la rouille et \u00e0 la corrosion pour une utilisation r\u00e9p\u00e9t\u00e9e.<\/strong><\/p>\n<p data-start=\"429\" data-end=\"644\"><strong>Leur forme ronde et flexible leur permet de s&#039;ins\u00e9rer facilement dans les appareils ou supports compatibles. L\u00e9gers et compacts, ces \u00e9crans sont faciles \u00e0 ranger et \u00e0 transporter, ce qui en fait un accessoire pratique au quotidien.<\/strong><\/p>\n<p data-start=\"646\" data-end=\"661\"><strong data-start=\"646\" data-end=\"659\">Caract\u00e9ristiques:<\/strong><\/p>\n<ul data-start=\"662\" data-end=\"1179\">\n<li data-section-id=\"1hza2vi\" data-start=\"662\" data-end=\"775\">\n<p data-start=\"664\" data-end=\"775\"><strong>Acier inoxydable durable : Fabriqu\u00e9 en acier inoxydable de haute qualit\u00e9 pour une r\u00e9sistance et une durabilit\u00e9 optimales.<\/strong><\/p>\n<\/li>\n<li data-section-id=\"bcsatu\" data-start=\"776\" data-end=\"854\">\n<p data-start=\"778\" data-end=\"854\"><strong>Conception \u00e0 mailles fines\u00a0: Aide \u00e0 filtrer les d\u00e9bris tout en maintenant un flux d\u2019air r\u00e9gulier.<\/strong><\/p>\n<\/li>\n<li data-section-id=\"9nyfbe\" data-start=\"855\" data-end=\"939\">\n<p data-start=\"857\" data-end=\"939\"><strong>R\u00e9sistant \u00e0 la rouille et \u00e0 la corrosion\u00a0: con\u00e7u pour r\u00e9sister \u00e0 une utilisation r\u00e9guli\u00e8re sans se d\u00e9grader.<\/strong><\/p>\n<\/li>\n<li data-section-id=\"32qgot\" data-start=\"940\" data-end=\"1014\">\n<p data-start=\"942\" data-end=\"1014\"><strong>R\u00e9utilisable et facile \u00e0 nettoyer : peut \u00eatre nettoy\u00e9 et r\u00e9utilis\u00e9 plusieurs fois.<\/strong><\/p>\n<\/li>\n<li data-section-id=\"33ietx\" data-start=\"1015\" data-end=\"1102\">\n<p data-start=\"1017\" data-end=\"1102\"><strong>Forme ronde et flexible : con\u00e7ue pour s&#039;ins\u00e9rer facilement dans les appareils ou supports compatibles.<\/strong><\/p>\n<\/li>\n<li data-section-id=\"1gejix0\" data-start=\"1103\" data-end=\"1179\">\n<p data-start=\"1105\" data-end=\"1179\"><strong>Compact et l\u00e9ger : facile \u00e0 ranger, \u00e0 transporter et \u00e0 remplacer en cas de besoin<\/strong><\/p>\n<\/li>\n<\/ul>","protected":false},"excerpt":{"rendered":"<p>Grilles de filtration en acier inoxydable argent\u00e9 de haute qualit\u00e9, con\u00e7ues pour une durabilit\u00e9 et une filtration fiables. R\u00e9sistantes \u00e0 la rouille, r\u00e9utilisables et dot\u00e9es d&#039;une maille fine pour une circulation d&#039;air optimale.<\/p>","protected":false},"featured_media":5153,"comment_status":"open","ping_status":"closed","template":"","meta":[],"product_brand":[],"product_cat":[71],"product_tag":[793,790,785,791,783,786,784,789,792,781,787,782,788],"class_list":{"0":"post-5073","1":"product","2":"type-product","3":"status-publish","4":"has-post-thumbnail","6":"product_cat-pipes","7":"product_tag-compact-steel-screens","8":"product_tag-durable-mesh-screens","9":"product_tag-fine-mesh-filters","10":"product_tag-metal-filter-screens","11":"product_tag-metal-mesh-screens","12":"product_tag-reusable-metal-screens","13":"product_tag-round-steel-screens","14":"product_tag-rust-resistant-screens","15":"product_tag-silver-mesh-discs","16":"product_tag-silver-stainless-screens","17":"product_tag-stainless-mesh-filters","18":"product_tag-stainless-steel-screens","19":"product_tag-steel-screen-discs","20":"product_shipping_class-pipe","22":"first","23":"instock","24":"featured","25":"taxable","26":"shipping-taxable","27":"purchasable","28":"product-type-simple"},"_links":{"self":[{"href":"https:\/\/kushstar.ca\/fr\/wp-json\/wp\/v2\/product\/5073","targetHints":{"allow":["GET"]}}],"collection":[{"href":"https:\/\/kushstar.ca\/fr\/wp-json\/wp\/v2\/product"}],"about":[{"href":"https:\/\/kushstar.ca\/fr\/wp-json\/wp\/v2\/types\/product"}],"replies":[{"embeddable":true,"href":"https:\/\/kushstar.ca\/fr\/wp-json\/wp\/v2\/comments?post=5073"}],"wp:featuredmedia":[{"embeddable":true,"href":"https:\/\/kushstar.ca\/fr\/wp-json\/wp\/v2\/media\/5153"}],"wp:attachment":[{"href":"https:\/\/kushstar.ca\/fr\/wp-json\/wp\/v2\/media?parent=5073"}],"wp:term":[{"taxonomy":"product_brand","embeddable":true,"href":"https:\/\/kushstar.ca\/fr\/wp-json\/wp\/v2\/product_brand?post=5073"},{"taxonomy":"product_cat","embeddable":true,"href":"https:\/\/kushstar.ca\/fr\/wp-json\/wp\/v2\/product_cat?post=5073"},{"taxonomy":"product_tag","embeddable":true,"href":"https:\/\/kushstar.ca\/fr\/wp-json\/wp\/v2\/product_tag?post=5073"}],"curies":[{"name":"wp","href":"https:\/\/api.w.org\/{rel}","templated":true}]}}