{"id":5064,"date":"2026-03-13T22:30:16","date_gmt":"2026-03-14T02:30:16","guid":{"rendered":"https:\/\/kushstar.ca\/?post_type=product&#038;p=5064"},"modified":"2026-04-02T22:46:42","modified_gmt":"2026-04-03T02:46:42","slug":"metal-grinder-4pcs-50mm","status":"publish","type":"product","link":"https:\/\/kushstar.ca\/fr\/produit\/metal-grinder-4pcs-50mm","title":{"rendered":"Meuleuse \u00e0 m\u00e9taux 4 pi\u00e8ces \u2013 50 mm"},"content":{"rendered":"<p data-start=\"812\" data-end=\"951\"><strong><span class=\"BZ_Pyq_fadeIn\">Mise \u00e0 niveau <\/span><span class=\"BZ_Pyq_fadeIn\">ton <\/span><span class=\"BZ_Pyq_fadeIn\">aff\u00fbtage <\/span><span class=\"BZ_Pyq_fadeIn\">exp\u00e9rience <\/span><span class=\"BZ_Pyq_fadeIn\">avec <\/span><span class=\"BZ_Pyq_fadeIn\">ce <\/span><span class=\"BZ_Pyq_fadeIn\">50 mm <\/span><span class=\"BZ_Pyq_fadeIn\">4-<\/span><span class=\"BZ_Pyq_fadeIn\">morceau <\/span><span class=\"BZ_Pyq_fadeIn\">m\u00e9tal <\/span><span class=\"BZ_Pyq_fadeIn\">broyeur<\/span><span class=\"BZ_Pyq_fadeIn\">, <\/span><span class=\"BZ_Pyq_fadeIn\">con\u00e7u <\/span><span class=\"BZ_Pyq_fadeIn\">pour <\/span><span class=\"BZ_Pyq_fadeIn\">durabilit\u00e9, <\/span><span class=\"BZ_Pyq_fadeIn\">portabilit\u00e9, <\/span><span class=\"BZ_Pyq_fadeIn\">et <\/span><span class=\"BZ_Pyq_fadeIn\">efficace <\/span><span class=\"BZ_Pyq_fadeIn\">performance.<\/span><\/strong><\/p>\n<p data-start=\"953\" data-end=\"965\"><strong data-start=\"953\" data-end=\"965\"><span class=\"BZ_Pyq_fadeIn\">Caract\u00e9ristiques:<\/span><\/strong><\/p>\n<ul data-start=\"966\" data-end=\"1157\">\n<li data-section-id=\"7oonsm\" data-start=\"966\" data-end=\"1005\">\n<p data-start=\"968\" data-end=\"1005\"><strong><span class=\"BZ_Pyq_fadeIn\">4-<\/span><span class=\"BZ_Pyq_fadeIn\">morceau <\/span><span class=\"BZ_Pyq_fadeIn\">broyeur <\/span><span class=\"BZ_Pyq_fadeIn\">avec <\/span><span class=\"BZ_Pyq_fadeIn\">pollen <\/span><span class=\"BZ_Pyq_fadeIn\">receveur<\/span><\/strong><\/p>\n<\/li>\n<li data-section-id=\"edor58\" data-start=\"1006\" data-end=\"1045\">\n<p data-start=\"1008\" data-end=\"1045\"><strong><span class=\"BZ_Pyq_fadeIn\">Pointu <\/span><span class=\"BZ_Pyq_fadeIn\">diamant-<\/span><span class=\"BZ_Pyq_fadeIn\">forme <\/span><span class=\"BZ_Pyq_fadeIn\">aff\u00fbtage <\/span><span class=\"BZ_Pyq_fadeIn\">dents<\/span><\/strong><\/p>\n<\/li>\n<li data-section-id=\"cv2xn7\" data-start=\"1046\" data-end=\"1073\">\n<p data-start=\"1048\" data-end=\"1073\"><strong><span class=\"BZ_Pyq_fadeIn\">Bien <\/span><span class=\"BZ_Pyq_fadeIn\">engrener <\/span><span class=\"BZ_Pyq_fadeIn\">\u00e9cran <\/span><span class=\"BZ_Pyq_fadeIn\">filtre<\/span><\/strong><\/p>\n<\/li>\n<li data-section-id=\"z4zypw\" data-start=\"1074\" data-end=\"1097\">\n<p data-start=\"1076\" data-end=\"1097\"><strong><span class=\"BZ_Pyq_fadeIn\">Fort <\/span><span class=\"BZ_Pyq_fadeIn\">magn\u00e9tique <\/span><span class=\"BZ_Pyq_fadeIn\">couvercle<\/span><\/strong><\/p>\n<\/li>\n<li data-section-id=\"qt9fvx\" data-start=\"1098\" data-end=\"1128\">\n<p data-start=\"1100\" data-end=\"1128\"><strong><span class=\"BZ_Pyq_fadeIn\">Durable <\/span><span class=\"BZ_Pyq_fadeIn\">m\u00e9tal <\/span><span class=\"BZ_Pyq_fadeIn\">construction<\/span><\/strong><\/p>\n<\/li>\n<li data-section-id=\"1xn5zq4\" data-start=\"1129\" data-end=\"1157\">\n<p data-start=\"1131\" data-end=\"1157\"><strong><span class=\"BZ_Pyq_fadeIn\">Compact <\/span><span class=\"BZ_Pyq_fadeIn\">50 mm <\/span><span class=\"BZ_Pyq_fadeIn\">portable <\/span><span class=\"BZ_Pyq_fadeIn\">taille<\/span><\/strong><\/p>\n<\/li>\n<\/ul>\n<p data-start=\"1159\" data-end=\"1177\"><strong data-start=\"1159\" data-end=\"1177\"><span class=\"BZ_Pyq_fadeIn\">Caract\u00e9ristiques:<\/span><\/strong><\/p>\n<ul data-start=\"1178\" data-end=\"1246\">\n<li data-section-id=\"11w0gvm\" data-start=\"1178\" data-end=\"1192\">\n<p data-start=\"1180\" data-end=\"1192\"><strong><span class=\"BZ_Pyq_fadeIn\">Taille: <\/span><span class=\"BZ_Pyq_fadeIn\">50 mm<\/span><\/strong><\/p>\n<\/li>\n<li data-section-id=\"7cmffs\" data-start=\"1193\" data-end=\"1212\">\n<p data-start=\"1195\" data-end=\"1212\"><strong><span class=\"BZ_Pyq_fadeIn\">Mat\u00e9riel: <\/span><span class=\"BZ_Pyq_fadeIn\">M\u00e9tal<\/span><\/strong><\/p>\n<\/li>\n<li data-section-id=\"iothov\" data-start=\"1213\" data-end=\"1226\">\n<p data-start=\"1215\" data-end=\"1226\"><strong><span class=\"BZ_Pyq_fadeIn\">Pi\u00e8ces: <\/span><span class=\"BZ_Pyq_fadeIn\">4<\/span><\/strong><\/p>\n<\/li>\n<li data-section-id=\"18x92xn\" data-start=\"1227\" data-end=\"1246\">\n<p data-start=\"1229\" data-end=\"1246\"><strong><span class=\"BZ_Pyq_fadeIn\">Couleur: <\/span><span class=\"BZ_Pyq_fadeIn\">Multicolore<\/span><\/strong><\/p>\n<\/li>\n<\/ul>","protected":false},"excerpt":{"rendered":"<p><strong><span class=\"BZ_Pyq_fadeIn\">Compact <\/span><span class=\"BZ_Pyq_fadeIn\">et <\/span><span class=\"BZ_Pyq_fadeIn\">durable <\/span><span class=\"BZ_Pyq_fadeIn\">50 mm <\/span><span class=\"BZ_Pyq_fadeIn\">4-<\/span><span class=\"BZ_Pyq_fadeIn\">morceau <\/span><span class=\"BZ_Pyq_fadeIn\">m\u00e9tal <\/span><span class=\"BZ_Pyq_fadeIn\">broyeur<\/span> <span class=\"BZ_Pyq_fadeIn\">con\u00e7u <\/span><span class=\"BZ_Pyq_fadeIn\">pour <\/span><span class=\"BZ_Pyq_fadeIn\">lisse <\/span><span class=\"BZ_Pyq_fadeIn\">aff\u00fbtage. <\/span><span class=\"BZ_Pyq_fadeIn\">Caract\u00e9ristiques <\/span><span class=\"BZ_Pyq_fadeIn\">pointu <\/span><span class=\"BZ_Pyq_fadeIn\">diamant <\/span><span class=\"BZ_Pyq_fadeIn\">dents, <\/span><span class=\"BZ_Pyq_fadeIn\">a <\/span><span class=\"BZ_Pyq_fadeIn\">engrener <\/span><span class=\"BZ_Pyq_fadeIn\">\u00e9cran <\/span><span class=\"BZ_Pyq_fadeIn\">filtre, <\/span><span class=\"BZ_Pyq_fadeIn\">et <\/span><span class=\"BZ_Pyq_fadeIn\">a <\/span><span class=\"BZ_Pyq_fadeIn\">pollen <\/span><span class=\"BZ_Pyq_fadeIn\">receveur <\/span><span class=\"BZ_Pyq_fadeIn\">dans <\/span><span class=\"BZ_Pyq_fadeIn\">a <\/span><span class=\"BZ_Pyq_fadeIn\">\u00e9l\u00e9gant <\/span><span class=\"BZ_Pyq_fadeIn\">multicolore <\/span><span class=\"BZ_Pyq_fadeIn\">m\u00e9tal <\/span><span class=\"BZ_Pyq_fadeIn\">conception.<\/span><\/strong><\/p>","protected":false},"featured_media":5068,"comment_status":"open","ping_status":"closed","template":"","meta":[],"product_brand":[],"product_cat":[492],"product_tag":[674,680,199,566,754,758,673,759,686,195,750],"class_list":{"0":"post-5064","1":"product","2":"type-product","3":"status-publish","4":"has-post-thumbnail","6":"product_cat-grinder","7":"product_tag-4-piece-grinder","8":"product_tag-50mm-grinder","9":"product_tag-compact-grinder","10":"product_tag-herb-grinder","11":"product_tag-manual-grinder","12":"product_tag-mesh-grinder","13":"product_tag-metal-grinder","14":"product_tag-metal-herb-grinder","15":"product_tag-pollen-catcher-grinder","16":"product_tag-portable-grinder","17":"product_tag-spice-grinder","18":"product_shipping_class-herb-grinder","20":"first","21":"instock","22":"featured","23":"taxable","24":"shipping-taxable","25":"purchasable","26":"product-type-variable","27":"has-default-attributes"},"_links":{"self":[{"href":"https:\/\/kushstar.ca\/fr\/wp-json\/wp\/v2\/product\/5064","targetHints":{"allow":["GET"]}}],"collection":[{"href":"https:\/\/kushstar.ca\/fr\/wp-json\/wp\/v2\/product"}],"about":[{"href":"https:\/\/kushstar.ca\/fr\/wp-json\/wp\/v2\/types\/product"}],"replies":[{"embeddable":true,"href":"https:\/\/kushstar.ca\/fr\/wp-json\/wp\/v2\/comments?post=5064"}],"wp:featuredmedia":[{"embeddable":true,"href":"https:\/\/kushstar.ca\/fr\/wp-json\/wp\/v2\/media\/5068"}],"wp:attachment":[{"href":"https:\/\/kushstar.ca\/fr\/wp-json\/wp\/v2\/media?parent=5064"}],"wp:term":[{"taxonomy":"product_brand","embeddable":true,"href":"https:\/\/kushstar.ca\/fr\/wp-json\/wp\/v2\/product_brand?post=5064"},{"taxonomy":"product_cat","embeddable":true,"href":"https:\/\/kushstar.ca\/fr\/wp-json\/wp\/v2\/product_cat?post=5064"},{"taxonomy":"product_tag","embeddable":true,"href":"https:\/\/kushstar.ca\/fr\/wp-json\/wp\/v2\/product_tag?post=5064"}],"curies":[{"name":"wp","href":"https:\/\/api.w.org\/{rel}","templated":true}]}}