{"id":5053,"date":"2026-03-13T18:18:51","date_gmt":"2026-03-13T22:18:51","guid":{"rendered":"https:\/\/kushstar.ca\/?post_type=product&#038;p=5053"},"modified":"2026-04-02T23:08:42","modified_gmt":"2026-04-03T03:08:42","slug":"pyrex-pipe-2-5-mix","status":"publish","type":"product","link":"https:\/\/kushstar.ca\/fr\/produit\/pyrex-pipe-2-5-mix","title":{"rendered":"TUYAU PYREX 2,5\u2033 \u2013 M\u00c9LANGE"},"content":{"rendered":"<h3 data-section-id=\"qdyz9g\" data-start=\"149\" data-end=\"194\"><strong>2.5&#8243; Pyrex Glass Hand Pipe \u2013 Mixed Styles<\/strong><\/h3>\n<p data-start=\"196\" data-end=\"411\"><strong>Cette pipe \u00e0 main en verre Pyrex de 6,35 cm (2,5 pouces) est un accessoire pour fumeur compact et durable, con\u00e7u pour un usage quotidien. Fabriqu\u00e9e en verre Pyrex de haute qualit\u00e9, elle offre une excellente r\u00e9sistance \u00e0 la chaleur et une longue dur\u00e9e de vie.<\/strong><\/p>\n<p data-start=\"413\" data-end=\"630\"><strong>Chaque pipe pr\u00e9sente des couleurs m\u00e9lang\u00e9es et des motifs artistiques uniques, ce qui conf\u00e8re \u00e0 chaque pi\u00e8ce un aspect distinctif. Le foyer arrondi facilite le remplissage, tandis que l&#039;embout buccal lisse assure un tirage confortable.<\/strong><\/p>\n<p data-start=\"632\" data-end=\"846\"><strong>Son format compact et portable la rend id\u00e9ale pour une utilisation nomade\u00a0; elle se glisse facilement dans une poche ou une petite pochette. Ces pipes sont parfaites pour les clients recherchant une pipe en verre fiable, color\u00e9e et facile \u00e0 utiliser.<\/strong><\/p>\n<p data-start=\"848\" data-end=\"943\"><strong>Comme les styles sont vari\u00e9s, les couleurs et les motifs peuvent varier, ce qui rend chaque pipe unique.<\/strong><\/p>\n<p data-start=\"945\" data-end=\"957\"><strong data-start=\"945\" data-end=\"957\">Caract\u00e9ristiques<\/strong><\/p>\n<ul data-start=\"959\" data-end=\"1161\">\n<li data-section-id=\"1ftr3di\" data-start=\"959\" data-end=\"994\">\n<p data-start=\"961\" data-end=\"994\"><strong>Fabriqu\u00e9 en verre Pyrex r\u00e9sistant<\/strong><\/p>\n<\/li>\n<li data-section-id=\"2qu75t\" data-start=\"995\" data-end=\"1018\">\n<p data-start=\"997\" data-end=\"1018\"><strong data-start=\"997\" data-end=\"1018\">Compact 2.5&#8243; size<\/strong><\/p>\n<\/li>\n<li data-section-id=\"1g3q0b5\" data-start=\"1019\" data-end=\"1049\">\n<p data-start=\"1021\" data-end=\"1049\"><strong data-start=\"1021\" data-end=\"1049\">Couleurs et motifs m\u00e9lang\u00e9s<\/strong><\/p>\n<\/li>\n<li data-section-id=\"1j4umgg\" data-start=\"1050\" data-end=\"1073\">\n<p data-start=\"1052\" data-end=\"1073\"><strong>Conception \u00e0 flux d&#039;air lisse<\/strong><\/p>\n<\/li>\n<li data-section-id=\"ggh0b5\" data-start=\"1074\" data-end=\"1105\">\n<p data-start=\"1076\" data-end=\"1105\"><strong>Bol arrondi pour un rangement facile<\/strong><\/p>\n<\/li>\n<li data-section-id=\"1nnloda\" data-start=\"1106\" data-end=\"1134\">\n<p data-start=\"1108\" data-end=\"1134\"><strong>Portable et facile \u00e0 transporter<\/strong><\/p>\n<\/li>\n<li data-section-id=\"cgex5g\" data-start=\"1135\" data-end=\"1161\">\n<p data-start=\"1137\" data-end=\"1161\"><strong>Chaque pi\u00e8ce est unique<\/strong><\/p>\n<\/li>\n<\/ul>","protected":false},"excerpt":{"rendered":"<p><strong>Pipes \u00e0 main en verre Pyrex de 6,35 cm (2,5 pouces), disponibles en couleurs et motifs assortis. Fabriqu\u00e9es en verre r\u00e9sistant \u00e0 la chaleur, ces pipes compactes sont portables, faciles \u00e0 utiliser et parfaites pour un usage quotidien. Les styles et les couleurs peuvent varier.<\/strong><\/p>","protected":false},"featured_media":5149,"comment_status":"open","ping_status":"closed","template":"","meta":[],"product_brand":[],"product_cat":[71],"product_tag":[712,716,724,715,657,717,723,654,719,660,714,721,663,722,669,658,713,653,718,656,720],"class_list":{"0":"post-5053","1":"product","2":"type-product","3":"status-publish","4":"has-post-thumbnail","6":"product_cat-pipes","7":"product_tag-2-5-inch-glass-pipe","8":"product_tag-artistic-glass-pipe","9":"product_tag-collectible-glass-pipe","10":"product_tag-colorful-glass-pipe","11":"product_tag-compact-smoking-pipe","12":"product_tag-durable-glass-pipe","13":"product_tag-everyday-glass-pipe","14":"product_tag-glass-hand-pipe","15":"product_tag-glass-smoking-accessory","16":"product_tag-heat-resistant-glass-pipe","17":"product_tag-mini-hand-pipe","18":"product_tag-mixed-color-pipe","19":"product_tag-mixed-style-pipe","20":"product_tag-novelty-glass-pipe","21":"product_tag-pocket-size-pipe","22":"product_tag-portable-glass-pipe","23":"product_tag-pyrex-glass-pipe","24":"product_tag-pyrex-hand-pipe","25":"product_tag-small-bowl-pipe","26":"product_tag-small-glass-pipe","27":"product_tag-unique-glass-pipe","28":"product_shipping_class-pipe","30":"first","31":"instock","32":"taxable","33":"shipping-taxable","34":"purchasable","35":"product-type-simple"},"_links":{"self":[{"href":"https:\/\/kushstar.ca\/fr\/wp-json\/wp\/v2\/product\/5053","targetHints":{"allow":["GET"]}}],"collection":[{"href":"https:\/\/kushstar.ca\/fr\/wp-json\/wp\/v2\/product"}],"about":[{"href":"https:\/\/kushstar.ca\/fr\/wp-json\/wp\/v2\/types\/product"}],"replies":[{"embeddable":true,"href":"https:\/\/kushstar.ca\/fr\/wp-json\/wp\/v2\/comments?post=5053"}],"wp:featuredmedia":[{"embeddable":true,"href":"https:\/\/kushstar.ca\/fr\/wp-json\/wp\/v2\/media\/5149"}],"wp:attachment":[{"href":"https:\/\/kushstar.ca\/fr\/wp-json\/wp\/v2\/media?parent=5053"}],"wp:term":[{"taxonomy":"product_brand","embeddable":true,"href":"https:\/\/kushstar.ca\/fr\/wp-json\/wp\/v2\/product_brand?post=5053"},{"taxonomy":"product_cat","embeddable":true,"href":"https:\/\/kushstar.ca\/fr\/wp-json\/wp\/v2\/product_cat?post=5053"},{"taxonomy":"product_tag","embeddable":true,"href":"https:\/\/kushstar.ca\/fr\/wp-json\/wp\/v2\/product_tag?post=5053"}],"curies":[{"name":"wp","href":"https:\/\/api.w.org\/{rel}","templated":true}]}}