{"id":5041,"date":"2026-03-09T18:15:10","date_gmt":"2026-03-09T22:15:10","guid":{"rendered":"https:\/\/kushstar.ca\/?post_type=product&#038;p=5041"},"modified":"2026-04-02T23:09:12","modified_gmt":"2026-04-03T03:09:12","slug":"moodmaker-4pcs-aluminium-grinder","status":"publish","type":"product","link":"https:\/\/kushstar.ca\/fr\/produit\/moodmaker-4pcs-aluminium-grinder","title":{"rendered":"MOODMAKER 4 PI\u00c8CES BROCHEUR EN ALUMINIUM"},"content":{"rendered":"<p data-start=\"125\" data-end=\"387\"><strong>Le grinder MoodMaker 4 pi\u00e8ces en aluminium est un grinder durable et performant, fabriqu\u00e9 en aluminium de haute qualit\u00e9. Dot\u00e9 de dents de broyage ac\u00e9r\u00e9es, d&#039;un couvercle magn\u00e9tique et d&#039;une grille \u00e0 mailles fines, il garantit un broyage homog\u00e8ne et une s\u00e9paration efficace des particules.<\/strong><\/p>\n<p data-start=\"389\" data-end=\"566\"><strong>Sa conception en quatre parties comprend une chambre de broyage, un filtre et un compartiment de rangement pour plus de praticit\u00e9. Le bord textur\u00e9 offre une prise en main confortable pour une utilisation facile.<\/strong><\/p>\n<p data-start=\"568\" data-end=\"581\"><strong data-start=\"568\" data-end=\"581\">Caract\u00e9ristiques:<\/strong><\/p>\n<ul data-start=\"583\" data-end=\"814\">\n<li data-section-id=\"15jps0o\" data-start=\"583\" data-end=\"624\">\n<p data-start=\"585\" data-end=\"624\"><strong>Construction en aluminium de haute qualit\u00e9<\/strong><\/p>\n<\/li>\n<li data-section-id=\"673z67\" data-start=\"625\" data-end=\"653\">\n<p data-start=\"627\" data-end=\"653\"><strong data-start=\"627\" data-end=\"653\">syst\u00e8me de broyeur en 4 pi\u00e8ces<\/strong><\/p>\n<\/li>\n<li data-section-id=\"18nzbe6\" data-start=\"654\" data-end=\"681\">\n<p data-start=\"656\" data-end=\"681\"><strong data-start=\"656\" data-end=\"681\">dents de pr\u00e9cision pointues<\/strong><\/p>\n<\/li>\n<li data-section-id=\"14g1l13\" data-start=\"682\" data-end=\"700\">\n<p data-start=\"684\" data-end=\"700\"><strong data-start=\"684\" data-end=\"700\">Couvercle magn\u00e9tique<\/strong><\/p>\n<\/li>\n<li data-section-id=\"10n0jyr\" data-start=\"701\" data-end=\"730\">\n<p data-start=\"703\" data-end=\"730\"><strong data-start=\"703\" data-end=\"730\">\u00e9cran filtrant \u00e0 mailles fines<\/strong><\/p>\n<\/li>\n<li data-section-id=\"wzsi4j\" data-start=\"731\" data-end=\"752\">\n<p data-start=\"733\" data-end=\"752\"><strong data-start=\"733\" data-end=\"752\">chambre de stockage<\/strong><\/p>\n<\/li>\n<li data-section-id=\"mnzip\" data-start=\"753\" data-end=\"787\">\n<p data-start=\"755\" data-end=\"787\"><strong>Tailles disponibles : 50 mm \/ 60 mm<\/strong><\/p>\n<\/li>\n<li data-section-id=\"1rnupyw\" data-start=\"788\" data-end=\"814\">\n<p data-start=\"790\" data-end=\"814\"><strong>Couleurs m\u00e9talliques assorties<\/strong><\/p>\n<\/li>\n<\/ul>\n<p data-start=\"816\" data-end=\"869\"><strong>Compact, durable et con\u00e7u pour des performances fiables<\/strong><\/p>","protected":false},"excerpt":{"rendered":"<p data-start=\"125\" data-end=\"387\"><strong>Le grinder MoodMaker 4 pi\u00e8ces en aluminium est un grinder durable et performant, fabriqu\u00e9 en aluminium de haute qualit\u00e9. Dot\u00e9 de dents de broyage ac\u00e9r\u00e9es, d&#039;un couvercle magn\u00e9tique et d&#039;une grille \u00e0 mailles fines, il garantit un broyage homog\u00e8ne et une s\u00e9paration efficace des particules.<\/strong><\/p>\n<p data-start=\"389\" data-end=\"566\"><strong>Sa conception en quatre parties comprend une chambre de broyage, un filtre et un compartiment de rangement pour plus de praticit\u00e9. Le bord textur\u00e9 offre une prise en main confortable pour une utilisation facile.<\/strong><\/p>","protected":false},"featured_media":5045,"comment_status":"open","ping_status":"closed","template":"","meta":[],"product_brand":[],"product_cat":[492],"product_tag":[675,674,680,681,672,690,688,671,677,676,566,683,684,682,685,673,689,678,679,686,195,694,692,687,691,693],"class_list":{"0":"post-5041","1":"product","2":"type-product","3":"status-publish","4":"has-post-thumbnail","6":"product_cat-grinder","7":"product_tag-4-part-grinder","8":"product_tag-4-piece-grinder","9":"product_tag-50mm-grinder","10":"product_tag-60mm-grinder","11":"product_tag-aluminium-grinder","12":"product_tag-blue-grinder","13":"product_tag-durable-grinder","14":"product_tag-grinder","15":"product_tag-grinding-tool","16":"product_tag-herb-accessory","17":"product_tag-herb-grinder","18":"product_tag-large-grinder","19":"product_tag-magnetic-lid-grinder","20":"product_tag-medium-grinder","21":"product_tag-mesh-screen-grinder","22":"product_tag-metal-grinder","23":"product_tag-metallic-grinder","24":"product_tag-moodmaker","25":"product_tag-moodmaker-grinder","26":"product_tag-pollen-catcher-grinder","27":"product_tag-portable-grinder","28":"product_tag-premium-grinder","29":"product_tag-purple-grinder","30":"product_tag-sharp-teeth-grinder","31":"product_tag-silver-grinder","32":"product_tag-smoking-accessory","33":"product_shipping_class-herb-grinder","35":"first","36":"instock","37":"featured","38":"taxable","39":"shipping-taxable","40":"purchasable","41":"product-type-variable"},"_links":{"self":[{"href":"https:\/\/kushstar.ca\/fr\/wp-json\/wp\/v2\/product\/5041","targetHints":{"allow":["GET"]}}],"collection":[{"href":"https:\/\/kushstar.ca\/fr\/wp-json\/wp\/v2\/product"}],"about":[{"href":"https:\/\/kushstar.ca\/fr\/wp-json\/wp\/v2\/types\/product"}],"replies":[{"embeddable":true,"href":"https:\/\/kushstar.ca\/fr\/wp-json\/wp\/v2\/comments?post=5041"}],"wp:featuredmedia":[{"embeddable":true,"href":"https:\/\/kushstar.ca\/fr\/wp-json\/wp\/v2\/media\/5045"}],"wp:attachment":[{"href":"https:\/\/kushstar.ca\/fr\/wp-json\/wp\/v2\/media?parent=5041"}],"wp:term":[{"taxonomy":"product_brand","embeddable":true,"href":"https:\/\/kushstar.ca\/fr\/wp-json\/wp\/v2\/product_brand?post=5041"},{"taxonomy":"product_cat","embeddable":true,"href":"https:\/\/kushstar.ca\/fr\/wp-json\/wp\/v2\/product_cat?post=5041"},{"taxonomy":"product_tag","embeddable":true,"href":"https:\/\/kushstar.ca\/fr\/wp-json\/wp\/v2\/product_tag?post=5041"}],"curies":[{"name":"wp","href":"https:\/\/api.w.org\/{rel}","templated":true}]}}