{"id":5025,"date":"2026-03-04T11:24:46","date_gmt":"2026-03-04T16:24:46","guid":{"rendered":"https:\/\/kushstar.ca\/?post_type=product&#038;p=5025"},"modified":"2026-04-02T23:10:18","modified_gmt":"2026-04-03T03:10:18","slug":"metal-pipe","status":"publish","type":"product","link":"https:\/\/kushstar.ca\/fr\/produit\/metal-pipe","title":{"rendered":"Tuyau m\u00e9tallique avec grille"},"content":{"rendered":"<p data-start=\"145\" data-end=\"361\"><strong>Ce tuyau m\u00e9tallique de haute qualit\u00e9 avec grille est con\u00e7u pour durer, \u00eatre pratique et assurer un flux d&#039;air optimal. Fabriqu\u00e9 en m\u00e9tal robuste, il pr\u00e9sente un design compact et portable, facile \u00e0 transporter et simple d&#039;utilisation.<\/strong><\/p>\n<p data-start=\"363\" data-end=\"633\"><strong>Cette pipe est \u00e9quip\u00e9e de grilles argent\u00e9es rempla\u00e7ables qui filtrent les r\u00e9sidus et emp\u00eachent les impuret\u00e9s de p\u00e9n\u00e9trer dans l&#039;embout buccal, pour une exp\u00e9rience plus propre et plus agr\u00e9able. Ses pi\u00e8ces d\u00e9tachables facilitent et acc\u00e9l\u00e8rent le nettoyage, garantissant ainsi une longue dur\u00e9e de vie.<\/strong><\/p>\n<p data-start=\"635\" data-end=\"793\"><strong>Avec sa poign\u00e9e \u00e9l\u00e9gante \u00e0 motifs et son foyer en m\u00e9tal massif, cette pipe allie praticit\u00e9 et style moderne, ce qui en fait un accessoire fiable pour un usage quotidien.<\/strong><\/p>\n<p data-start=\"795\" data-end=\"807\"><strong data-start=\"795\" data-end=\"807\">Caract\u00e9ristiques<\/strong><\/p>\n<ul data-start=\"809\" data-end=\"1034\">\n<li data-section-id=\"jmquct\" data-start=\"809\" data-end=\"841\">\n<p data-start=\"811\" data-end=\"841\"><strong>Construction m\u00e9tallique durable<\/strong><\/p>\n<\/li>\n<li data-section-id=\"htvkto\" data-start=\"842\" data-end=\"886\">\n<p data-start=\"844\" data-end=\"886\"><strong>Comprend des grilles argent\u00e9es pour la filtration<\/strong><\/p>\n<\/li>\n<li data-section-id=\"1itjyed\" data-start=\"887\" data-end=\"920\">\n<p data-start=\"889\" data-end=\"920\"><strong data-start=\"889\" data-end=\"920\">Conception compacte et portable<\/strong><\/p>\n<\/li>\n<li data-section-id=\"1w793d\" data-start=\"921\" data-end=\"961\">\n<p data-start=\"923\" data-end=\"961\"><strong>Pi\u00e8ces d\u00e9tachables pour un nettoyage facile<\/strong><\/p>\n<\/li>\n<li data-section-id=\"1r5ukxk\" data-start=\"962\" data-end=\"1003\">\n<p data-start=\"964\" data-end=\"1003\"><strong>Poign\u00e9e ergonomique avec poign\u00e9e d\u00e9corative<\/strong><\/p>\n<\/li>\n<li data-section-id=\"1gb7zme\" data-start=\"1004\" data-end=\"1034\">\n<p data-start=\"1006\" data-end=\"1034\"><strong>Convient \u00e0 l&#039;usage du tabac<\/strong><\/p>\n<\/li>\n<\/ul>\n<p data-start=\"1036\" data-end=\"1119\"><strong>Un tuyau m\u00e9tallique simple, durable et pratique, con\u00e7u pour une fiabilit\u00e9 au quotidien.<\/strong><\/p>","protected":false},"excerpt":{"rendered":"<p><strong>Cette pipe en m\u00e9tal robuste est con\u00e7ue pour durer et \u00eatre pratique. Son format compact et portable la rend facile \u00e0 transporter et \u00e0 utiliser. \u00c9quip\u00e9e de grilles argent\u00e9es rempla\u00e7ables pour un flux d&#039;air r\u00e9gulier et propre, elle emp\u00eache les impuret\u00e9s d&#039;atteindre l&#039;embout buccal pour une meilleure exp\u00e9rience de fumage. Ses pi\u00e8ces d\u00e9tachables facilitent le nettoyage, tandis que sa poign\u00e9e \u00e9l\u00e9gante \u00e0 motifs lui conf\u00e8re une touche de modernit\u00e9, faisant d&#039;elle un choix fiable et pratique au quotidien.<\/strong><\/p>","protected":false},"featured_media":5048,"comment_status":"open","ping_status":"closed","template":"","meta":[],"product_brand":[],"product_cat":[71],"product_tag":[697,710,707,701,702,708,695,699,706,703,698,704,709,696,705,700],"class_list":{"0":"post-5025","1":"product","2":"type-product","3":"status-publish","4":"has-post-thumbnail","6":"product_cat-pipes","7":"product_tag-compact-pipe","8":"product_tag-convenient-smoking-accessory","9":"product_tag-decorative-handle","10":"product_tag-durable-pipe","11":"product_tag-easy-to-clean-pipe","12":"product_tag-everyday-use-pipe","13":"product_tag-metal-pipe","14":"product_tag-metal-smoking-pipe","15":"product_tag-modern-design-pipe","16":"product_tag-pipe-with-screen","17":"product_tag-portable-pipe","18":"product_tag-replaceable-screens","19":"product_tag-small-metal-pipe","20":"product_tag-smoking-pipe","21":"product_tag-smooth-airflow","22":"product_tag-tobacco-pipe","23":"product_shipping_class-pipe","25":"first","26":"instock","27":"taxable","28":"shipping-taxable","29":"purchasable","30":"product-type-variable","31":"has-default-attributes"},"_links":{"self":[{"href":"https:\/\/kushstar.ca\/fr\/wp-json\/wp\/v2\/product\/5025","targetHints":{"allow":["GET"]}}],"collection":[{"href":"https:\/\/kushstar.ca\/fr\/wp-json\/wp\/v2\/product"}],"about":[{"href":"https:\/\/kushstar.ca\/fr\/wp-json\/wp\/v2\/types\/product"}],"replies":[{"embeddable":true,"href":"https:\/\/kushstar.ca\/fr\/wp-json\/wp\/v2\/comments?post=5025"}],"wp:featuredmedia":[{"embeddable":true,"href":"https:\/\/kushstar.ca\/fr\/wp-json\/wp\/v2\/media\/5048"}],"wp:attachment":[{"href":"https:\/\/kushstar.ca\/fr\/wp-json\/wp\/v2\/media?parent=5025"}],"wp:term":[{"taxonomy":"product_brand","embeddable":true,"href":"https:\/\/kushstar.ca\/fr\/wp-json\/wp\/v2\/product_brand?post=5025"},{"taxonomy":"product_cat","embeddable":true,"href":"https:\/\/kushstar.ca\/fr\/wp-json\/wp\/v2\/product_cat?post=5025"},{"taxonomy":"product_tag","embeddable":true,"href":"https:\/\/kushstar.ca\/fr\/wp-json\/wp\/v2\/product_tag?post=5025"}],"curies":[{"name":"wp","href":"https:\/\/api.w.org\/{rel}","templated":true}]}}