{"id":2464,"date":"2025-10-01T01:37:04","date_gmt":"2025-10-01T01:37:04","guid":{"rendered":"https:\/\/kushstar.ca\/?post_type=product&#038;p=2464"},"modified":"2026-04-02T23:11:26","modified_gmt":"2026-04-03T03:11:26","slug":"deluxe-rolling-kit-smell-proof-bag-with-all-accessories-to-roll-and-share-joints-copy","status":"publish","type":"product","link":"https:\/\/kushstar.ca\/fr\/produit\/deluxe-rolling-kit-smell-proof-bag-with-all-accessories-to-roll-and-share-joints-copy","title":{"rendered":"Kit de roulage de luxe\u00a0: pochette de voyage verrouillable anti-odeurs avec broyeur et rouleau de papier"},"content":{"rendered":"<p><strong>Emportez vos s\u00e9ances partout avec ce kit complet d&#039;accessoires pour fumeurs, soigneusement emball\u00e9 dans une pochette de voyage anti-odeurs. Con\u00e7u pour allier praticit\u00e9, style et discr\u00e9tion, ce kit comprend tout le n\u00e9cessaire pour rester organis\u00e9 et profiter d&#039;une exp\u00e9rience agr\u00e9able en toute tranquillit\u00e9.<\/strong><\/p>\n<p><strong>\u2728 Caract\u00e9ristiques :<\/strong><\/p>\n<p><strong>\u2022 Pochette de transport durable et anti-odeurs avec fermeture \u00e9clair s\u00e9curis\u00e9e<\/strong><br \/>\n<strong>\u2022 Papiers \u00e0 rouler et filtres (diff\u00e9rentes tailles)<\/strong><br \/>\n<strong>\u2022 Embouts en verre magn\u00e9tiques pour une traction plus propre et plus douce<\/strong><br \/>\n<strong>\u2022 Moulins pour une pr\u00e9paration parfaite<\/strong><br \/>\n<strong>\u2022 Plateau roulant compact avec design personnalis\u00e9<\/strong><br \/>\n<strong>\u2022 Couvercle psych\u00e9d\u00e9lique color\u00e9 pour plus de style et d&#039;\u00e9l\u00e9gance<\/strong><br \/>\n<strong>\u2022 Compartiments peu encombrants pour garder tout bien en place<\/strong><br \/>\n<strong>\u2022 Support imprim\u00e9 en 3D OU Dogout\/Pipe en bois exotique<\/strong><\/p>\n<p><strong>Id\u00e9al pour les voyages, les aventures en plein air ou pour ranger discr\u00e8tement votre \u00e9quipement \u00e0 la maison. En d\u00e9placement ou pour vous d\u00e9tendre, ce kit rassemble tout ce dont vous avez besoin dans une trousse \u00e9l\u00e9gante et facile \u00e0 transporter.<\/strong><\/p>\n<p><strong>\ud83d\udca1 Un cadeau attentionn\u00e9 pour les fumeurs qui aiment la praticit\u00e9, le design et la portabilit\u00e9.<\/strong><\/p>","protected":false},"excerpt":{"rendered":"<p><strong>Chaque kit est livr\u00e9 dans une pochette herm\u00e9tique et anti-odeurs contenant l&#039;ensemble complet de feuilles \u00e0 rouler KushStar, un grinder, 12 embouts en verre aimant\u00e9s et un plateau \u00e0 rouler avec couvercle magn\u00e9tique. Vous trouverez ci-dessous les options propos\u00e9es, combin\u00e9es aux produits mentionn\u00e9s pr\u00e9c\u00e9demment.<\/strong><\/p>\n<p><strong>Les 4 options diff\u00e9rentes de kits de sacs KushStar\u00a0:<\/strong><\/p>\n<ul>\n<li><strong>Option 1 : Dogout\/pipe Paduke (Rouge)<strong><br \/>\n<\/strong><\/strong><\/li>\n<li><strong>Option 2\u00a0: Dogout\/pipe en acajou africain (fonc\u00e9)<strong><br \/>\n<\/strong><\/strong><\/li>\n<li><strong>Option 3 : Peuplier creus\u00e9\/tuyau (l\u00e9ger)<\/strong><\/li>\n<li><strong>Option 4\u00a0: Support de joint imprim\u00e9 en 3D<\/strong><\/li>\n<\/ul>\n<p><strong>Caract\u00e9ristiques du sac :<\/strong><\/p>\n<ul>\n<li><strong>Couleur du sac : Bleu marine<\/strong><\/li>\n<li><strong>Dimensions du sac : 22,5 cm x 12,5 cm x 6,5 cm (8,9 pouces x 4,9 pouces x 2,6 pouces)<\/strong><\/li>\n<li><strong>Coque ext\u00e9rieure rigide avec fermeture \u00e9clair \u00e9tanche aux odeurs<\/strong><\/li>\n<li><strong>2 tirettes de fermeture \u00e9clair personnalis\u00e9es avec trous pour le cadenas<\/strong><\/li>\n<li><strong>3 cadenas \u00e0 combinaison num\u00e9rique interchangeables<\/strong><\/li>\n<li><strong>6 anneaux \u00e0 diff\u00e9rents endroits pour fixer le lacet d&#039;\u00e9paule<\/strong><\/li>\n<li><strong>bretelles r\u00e9glables avec une petite poche.<\/strong><\/li>\n<li><strong>cloisons int\u00e9rieures amovibles<\/strong><\/li>\n<li><strong>2 emplacements pour cartes \u00e0 l&#039;arri\u00e8re du sac<\/strong><\/li>\n<li><strong>Fermeture velcro int\u00e9rieure sur le dessus pour maintenir votre t\u00e9l\u00e9phone portable ou un plateau.<\/strong><\/li>\n<li><strong>Sac l\u00e9ger, pratique et r\u00e9sistant pour vos courts et longs voyages<\/strong><b><br \/>\n<\/b><\/li>\n<\/ul>\n<p><strong>Caract\u00e9ristiques des accessoires\u00a0:<\/strong><\/p>\n<ul>\n<li><strong>Ensemble de 12 pi\u00e8ces comprenant 8 embouts en verre aimant\u00e9s (\u00e0 distribuer) et 4 couronnes en verre aimant\u00e9es (\u00e0 ins\u00e9rer dans l&#039;articulation).<\/strong><\/li>\n<li><strong>Canne \u00e0 pipe en bois exotique avec adaptateur de chambre pour la transformer en pipe (Dimensions : Canne 4,9 cm x 8,8 cm, Chambre : 3,6 x 1,7 cm)<\/strong><\/li>\n<li><strong>\u00c9tui de rangement pour articulations imprim\u00e9 en 3D, de couleur verte et jaune (Dimensions 11,8 cm x 4,8 cm)<\/strong><\/li>\n<\/ul>\n<p><strong>Ou<\/strong><\/p>\n<ul>\n<li><strong>\u00a0Dimensions du caniveau et de l&#039;adaptateur de tuyau\u00a0: 8,8\u00a0cm x 4,6\u00a0cm x 1,9\u00a0cm (3,5\u00a0pouces x 1,8\u00a0pouce x 0,75\u00a0pouce) et 3,6\u00a0cm x 1,3\u00a0cm x 1,9\u00a0cm (1,4\u00a0pouce x 0,5\u00a0pouce x 0,75\u00a0pouce)<\/strong><\/li>\n<li><strong>2 carnets de papier filigran\u00e9 en chanvre biologique KushStar 100% avec pointes perfor\u00e9es naturelles<\/strong><\/li>\n<li><strong>1 carnet de papier de chanvre biologique 100%, format 1-1\/4.<\/strong><\/li>\n<li><strong>1 carnet d&#039;embouts de filtre perfor\u00e9s naturels<\/strong><\/li>\n<li><strong>1 plateau \u00e0 rouler + couvercles magn\u00e9tiques souples (Dimensions : 19,6 cm x 9,3 cm)<\/strong><\/li>\n<li><strong>1 broyeur en chanvre recycl\u00e9 de couleur noire ou blanche (Dimensions : 4,0 cm x 2,0 cm)<\/strong><\/li>\n<\/ul>","protected":false},"featured_media":2628,"comment_status":"open","ping_status":"closed","template":"","meta":[],"product_brand":[],"product_cat":[510],"product_tag":[569,561,50,573,570,575,565,566,564,577,518,568,562,563,161,72,88,559,576,287,574,572,560,567,571],"class_list":{"0":"post-2464","1":"product","2":"type-product","3":"status-publish","4":"has-post-thumbnail","6":"product_cat-kits","7":"product_tag-3d-printed-holder","8":"product_tag-cannabis-travel-kit","9":"product_tag-compact-rolling-tray","10":"product_tag-discreet-storage-pouch","11":"product_tag-exotic-wood-dugout","12":"product_tag-gift-for-smokers","13":"product_tag-glass-filter-tip","14":"product_tag-herb-grinder","15":"product_tag-magnetic-glass-tip","16":"product_tag-on-the-go-smoking-kit","17":"product_tag-portable-smoking-kit","18":"product_tag-psychedelic-design","19":"product_tag-rolling-papers","20":"product_tag-rolling-tips","21":"product_tag-rolling-tray","22":"product_tag-smell-proof-bag","23":"product_tag-smell-proof-pouch","24":"product_tag-smoker-accessory-kit","25":"product_tag-smoking-accessories-set","26":"product_tag-smoking-kit","27":"product_tag-stoner-gift","28":"product_tag-travel-smoking-case","29":"product_tag-weed-accessory-kit","30":"product_tag-weed-grinder","31":"product_tag-wood-pipe","32":"product_shipping_class-kushstar-bag","34":"first","35":"instock","36":"taxable","37":"shipping-taxable","38":"purchasable","39":"product-type-variable"},"_links":{"self":[{"href":"https:\/\/kushstar.ca\/fr\/wp-json\/wp\/v2\/product\/2464","targetHints":{"allow":["GET"]}}],"collection":[{"href":"https:\/\/kushstar.ca\/fr\/wp-json\/wp\/v2\/product"}],"about":[{"href":"https:\/\/kushstar.ca\/fr\/wp-json\/wp\/v2\/types\/product"}],"replies":[{"embeddable":true,"href":"https:\/\/kushstar.ca\/fr\/wp-json\/wp\/v2\/comments?post=2464"}],"wp:featuredmedia":[{"embeddable":true,"href":"https:\/\/kushstar.ca\/fr\/wp-json\/wp\/v2\/media\/2628"}],"wp:attachment":[{"href":"https:\/\/kushstar.ca\/fr\/wp-json\/wp\/v2\/media?parent=2464"}],"wp:term":[{"taxonomy":"product_brand","embeddable":true,"href":"https:\/\/kushstar.ca\/fr\/wp-json\/wp\/v2\/product_brand?post=2464"},{"taxonomy":"product_cat","embeddable":true,"href":"https:\/\/kushstar.ca\/fr\/wp-json\/wp\/v2\/product_cat?post=2464"},{"taxonomy":"product_tag","embeddable":true,"href":"https:\/\/kushstar.ca\/fr\/wp-json\/wp\/v2\/product_tag?post=2464"}],"curies":[{"name":"wp","href":"https:\/\/api.w.org\/{rel}","templated":true}]}}