{"id":2413,"date":"2025-09-26T01:23:17","date_gmt":"2025-09-26T01:23:17","guid":{"rendered":"https:\/\/kushstar.ca\/?post_type=product&#038;p=2413"},"modified":"2026-04-02T23:11:44","modified_gmt":"2026-04-03T03:11:44","slug":"handmade-portable-pouch-kit-with-shoulder-lace-comes-with-a-3d-printed-case-and-a-king-size-slim-tips-booklet","status":"publish","type":"product","link":"https:\/\/kushstar.ca\/fr\/produit\/handmade-portable-pouch-kit-with-shoulder-lace-comes-with-a-3d-printed-case-and-a-king-size-slim-tips-booklet","title":{"rendered":"Kit pochette portable fait main avec dentelle d&#039;\u00e9paule. Livr\u00e9 avec un \u00e9tui imprim\u00e9 en 3D et un livret d&#039;astuces King Size Slim."},"content":{"rendered":"<p><strong>Sacoche portable artisanale Ropa de Calle avec \u00e9tui coulissant KushStar imprim\u00e9 en 3D et pack King Size Slim + Tips. Transportez vos feuilles, joints et briquet avec style.<\/strong><\/p>\n<p><strong>Emportez vos essentiels partout avec ce sac portable unique, fabriqu\u00e9 \u00e0 la main et con\u00e7u pour allier praticit\u00e9, discr\u00e9tion et durabilit\u00e9. Parfaitement dimensionn\u00e9 pour accueillir votre briquet et vos joints pr\u00e9f\u00e9r\u00e9s, il est \u00e9galement fourni avec un \u00e9tui coulissant \u00e0 fermeture s\u00e9curis\u00e9e pour enfants, imprim\u00e9 en 3D, pour garder vos affaires en s\u00e9curit\u00e9 et bien organis\u00e9es lors de vos d\u00e9placements.<\/strong><\/p>\n<p><strong>\u2728 Caract\u00e9ristiques :<\/strong><\/p>\n<p><strong>\u2022 Confectionn\u00e9 \u00e0 la main avec soin \u2013 Tissu \u00e9l\u00e9gant style bandana avec fermeture \u00e0 cordon r\u00e9sistante<\/strong><br \/>\n<strong>\u2022 \u00c9tui coulissant anti-enfants imprim\u00e9 en 3D \u2013 Prot\u00e8ge vos articulations, vos embouts ou vos petits accessoires<\/strong><br \/>\n<strong>\u2022 Portable et discret \u2013 Son format compact permet de le transporter facilement dans une poche, un sac ou autour du cou.<\/strong><br \/>\n<strong>\u2022 Rangement multifonctionnel \u2013 Convient pour les briquets, les joints, les petits outils ou autres objets personnels<\/strong><br \/>\n<strong>\u2022 Mousqueton inclus \u2013 Attachez-le solidement \u00e0 votre ceinture, votre sac \u00e0 dos ou votre sac.<\/strong><br \/>\n<strong>\u2022 L\u00e9ger et facile \u00e0 transporter \u2013 Compagnon id\u00e9al pour les festivals, les sessions en plein air ou l&#039;utilisation quotidienne<\/strong><\/p>\n<p><strong>\ud83c\udf81 Id\u00e9al pour :<\/strong><\/p>\n<p><strong>\u2022 Pour les fumeurs qui souhaitent une solution pratique et portable<\/strong><br \/>\n<strong>\u2022 Aventures en plein air, festivals et promenades en ville<\/strong><br \/>\n<strong>\u2022 Un cadeau fait main attentionn\u00e9 pour les amis qui appr\u00e9cient le style fonctionnel<\/strong><\/p>","protected":false},"excerpt":{"rendered":"<p><strong>Les diff\u00e9rentes options de kits de sac :<\/strong><\/p>\n<ul>\n<li style=\"list-style-type: none;\">\n<ul>\n<li><strong>\u00c9tui imprim\u00e9 en 3D<\/strong><\/li>\n<li><strong>Canout\/Tuyau<\/strong><\/li>\n<li><strong>Bo\u00eetier imprim\u00e9 en 3D et sortie\/tuyau<\/strong><\/li>\n<\/ul>\n<\/li>\n<\/ul>\n<p><strong>Les diff\u00e9rentes options de couleur pour les bo\u00eetiers imprim\u00e9s en 3D\u00a0:<\/strong><\/p>\n<ul>\n<li style=\"list-style-type: none;\">\n<ul>\n<li><strong>Noir et or<\/strong><\/li>\n<li><strong>Noir et rose<\/strong><\/li>\n<li><strong>Noir et vert<\/strong><\/li>\n<li><strong>Noir et bleu<\/strong><\/li>\n<\/ul>\n<\/li>\n<\/ul>\n<p><strong>Les diff\u00e9rentes options de bois et de couleur pour les caniveaux\/tuyaux\u00a0:<\/strong><\/p>\n<ul>\n<li style=\"list-style-type: none;\">\n<ul>\n<li><strong>Padouk (ROUGE)<\/strong><\/li>\n<li><strong>Acajou (FONC\u00c9)<\/strong><\/li>\n<li><strong>Peuplier (L\u00c9GER)<\/strong><\/li>\n<\/ul>\n<\/li>\n<\/ul>\n<p><strong>Les diff\u00e9rentes options de couleur pour les sacs Ropa de Calle\u00a0:<\/strong><\/p>\n<ul>\n<li style=\"list-style-type: none;\">\n<ul>\n<li><strong><strong>Noir\u00a0<\/strong><\/strong><\/li>\n<li><strong>Bleu marine<\/strong><\/li>\n<li><strong><strong>Brun<\/strong><\/strong><\/li>\n<li><strong>Vert<\/strong><\/li>\n<li><strong><strong>Beige\u00a0<\/strong><\/strong><\/li>\n<li><strong>Bleu clair<\/strong><\/li>\n<li><strong><strong>Violet<\/strong><\/strong><\/li>\n<li><strong>Rose<\/strong><\/li>\n<li><strong>Rouge<\/strong><\/li>\n<\/ul>\n<\/li>\n<\/ul>\n<p><strong>\ud83d\udccfDimension :<\/strong><\/p>\n<p><strong>\u2022 Bo\u00eetier imprim\u00e9 en 3D\u00a0: 10\u00a0cm x 7,5\u00a0cm x 2\u00a0cm (2,3\u00a0po x 1,57\u00a0po x 1,57\u00a0po)<\/strong><br \/>\n<strong>\u2022 Dimensions de la zone de d\u00e9gagement : 8,8 cm x 4,6 cm x 1,9 cm (3,5 po x 1,8 po x 0,75 po)<\/strong><br \/>\n<strong>\u2022 Dimensions du tuyau : 3,6 cm x 1,3 cm x 1,3 cm (1,4 po x 0,5 po x 0,5 po)<\/strong><br \/>\n<strong>\u2022 Sac : 14 cm x 12,5 cm x 4 cm (2,44 po x 0,39 po)<\/strong><br \/>\n<strong>\u2022 Dentelle d&#039;\u00e9paule : 50 cm (19,68 po)<\/strong><br \/>\n<strong>\u2022 Livret fin format King Size : 11,2 cm x 2,6 cm x 0,9 cm (4,41 po x 1 po x 0,35 po)<\/strong><\/p>\n<p><strong>Ce sac allie savoir-faire et innovation\u00a0: une pochette en tissu orn\u00e9e de finitions artisanales uniques, associ\u00e9e \u00e0 un \u00e9tui coulissant r\u00e9sistant imprim\u00e9 en 3D pour ranger en toute s\u00e9curit\u00e9 briquet et joints, ou un paquet de feuilles \u00e0 rouler pour pr\u00e9parer votre joint avec style. Con\u00e7u pour vous accompagner partout.<\/strong><\/p>","protected":false},"featured_media":2418,"comment_status":"open","ping_status":"closed","template":"","meta":[],"product_brand":[],"product_cat":[510],"product_tag":[550,552,553,557,549,554,250,551,556,72,558,555],"class_list":{"0":"post-2413","1":"product","2":"type-product","3":"status-publish","4":"has-post-thumbnail","6":"product_cat-kits","7":"product_tag-3d-printed-case","8":"product_tag-festival-accessory","9":"product_tag-handmade-pouch","10":"product_tag-handmade-stoner-gift","11":"product_tag-joint-holder-pouch","12":"product_tag-joint-travel-case","13":"product_tag-pocket-joint-case","14":"product_tag-portable-lighter-bag","15":"product_tag-small-stash-bag","16":"product_tag-smell-proof-bag","17":"product_tag-travel-smoking-kit","18":"product_tag-weed-pouch-with-clip","19":"product_shipping_class-kushstar-bag","21":"first","22":"instock","23":"featured","24":"taxable","25":"shipping-taxable","26":"purchasable","27":"product-type-variable"},"_links":{"self":[{"href":"https:\/\/kushstar.ca\/fr\/wp-json\/wp\/v2\/product\/2413","targetHints":{"allow":["GET"]}}],"collection":[{"href":"https:\/\/kushstar.ca\/fr\/wp-json\/wp\/v2\/product"}],"about":[{"href":"https:\/\/kushstar.ca\/fr\/wp-json\/wp\/v2\/types\/product"}],"replies":[{"embeddable":true,"href":"https:\/\/kushstar.ca\/fr\/wp-json\/wp\/v2\/comments?post=2413"}],"wp:featuredmedia":[{"embeddable":true,"href":"https:\/\/kushstar.ca\/fr\/wp-json\/wp\/v2\/media\/2418"}],"wp:attachment":[{"href":"https:\/\/kushstar.ca\/fr\/wp-json\/wp\/v2\/media?parent=2413"}],"wp:term":[{"taxonomy":"product_brand","embeddable":true,"href":"https:\/\/kushstar.ca\/fr\/wp-json\/wp\/v2\/product_brand?post=2413"},{"taxonomy":"product_cat","embeddable":true,"href":"https:\/\/kushstar.ca\/fr\/wp-json\/wp\/v2\/product_cat?post=2413"},{"taxonomy":"product_tag","embeddable":true,"href":"https:\/\/kushstar.ca\/fr\/wp-json\/wp\/v2\/product_tag?post=2413"}],"curies":[{"name":"wp","href":"https:\/\/api.w.org\/{rel}","templated":true}]}}