{"id":2404,"date":"2025-09-24T02:56:24","date_gmt":"2025-09-24T02:56:24","guid":{"rendered":"https:\/\/kushstar.ca\/?post_type=product&#038;p=2404"},"modified":"2026-04-02T23:12:03","modified_gmt":"2026-04-03T03:12:03","slug":"medium-size-tray-rolling-try-with-inside-mirror-on-the-magnetic-lid-18-x-14-cm","status":"publish","type":"product","link":"https:\/\/kushstar.ca\/fr\/produit\/medium-size-tray-rolling-try-with-inside-mirror-on-the-magnetic-lid-18-x-14-cm","title":{"rendered":"Plateau de taille moyenne \u2013 Plateau \u00e0 rouler avec miroir int\u00e9rieur sur le couvercle magn\u00e9tique \u2013 18 x 14 cm"},"content":{"rendered":"<p><b><strong>Ce plateau \u00e0 roulettes \u00e9pais de 18 \u00d7 14 cm, avec son couvercle magn\u00e9tique rigide, est id\u00e9al pour vos d\u00e9placements. Vous pouvez le laisser dans le salon, la cuisine ou tout autre endroit oubli\u00e9 depuis votre derni\u00e8re nuit de sommeil. Pour nous, il incarne les couleurs qui unissent le r\u00e9el et l&#039;irr\u00e9el.<\/strong><\/b><\/p>","protected":false},"excerpt":{"rendered":"<p><strong>Le plateau \u00e0 rouler c<b>les caract\u00e9ristiques sont<\/b>:<\/strong><\/p>\n<ul>\n<li><strong>Dimensions du plateau \u00e0 rouler\u00a0: 18\u00a0cm x 14\u00a0cm x 1,5\u00a0cm<\/strong><\/li>\n<li><strong>Dimensions du couvercle magn\u00e9tique rigide\u00a0: 18\u00a0cm x 14\u00a0cm x 0,18\u00a0cm<\/strong><\/li>\n<li><strong>plateau en fer-blanc de qualit\u00e9 sup\u00e9rieure de 0,35 mm d&#039;\u00e9paisseur<\/strong><\/li>\n<li><strong>Parfait pour toutes les situations<\/strong><\/li>\n<li><strong>plateau lourd en main\u00a0<\/strong><\/li>\n<li><strong>Miroir \u00e0 l&#039;int\u00e9rieur du couvercle magn\u00e9tique<\/strong><\/li>\n<li><strong>Fond psych\u00e9d\u00e9lique<\/strong><\/li>\n<\/ul>","protected":false},"featured_media":2629,"comment_status":"open","ping_status":"closed","template":"","meta":[],"product_brand":[],"product_cat":[66],"product_tag":[547,152,544,548,49,143,546,520,527,52,545,543,58],"class_list":{"0":"post-2404","1":"product","2":"type-product","3":"status-publish","4":"has-post-thumbnail","6":"product_cat-art-trays","7":"product_tag-cannabis-rolling-tray","8":"product_tag-colorful-stash-tray","9":"product_tag-medium-rolling-tray","10":"product_tag-mirrored-rolling-tray","11":"product_tag-portable-rolling-tray","12":"product_tag-psychedelic-rolling-tray","13":"product_tag-rolling-tray-with-mirror","14":"product_tag-smoking-gift-idea","15":"product_tag-stoner-accessories","16":"product_tag-travel-rolling-tray","17":"product_tag-trippy-design-stash-tray","18":"product_tag-unique-smoking-tray","19":"product_tag-weed-rolling-tray","20":"product_shipping_class-roling-tray-18x14","22":"first","23":"instock","24":"taxable","25":"shipping-taxable","26":"purchasable","27":"product-type-simple"},"_links":{"self":[{"href":"https:\/\/kushstar.ca\/fr\/wp-json\/wp\/v2\/product\/2404","targetHints":{"allow":["GET"]}}],"collection":[{"href":"https:\/\/kushstar.ca\/fr\/wp-json\/wp\/v2\/product"}],"about":[{"href":"https:\/\/kushstar.ca\/fr\/wp-json\/wp\/v2\/types\/product"}],"replies":[{"embeddable":true,"href":"https:\/\/kushstar.ca\/fr\/wp-json\/wp\/v2\/comments?post=2404"}],"wp:featuredmedia":[{"embeddable":true,"href":"https:\/\/kushstar.ca\/fr\/wp-json\/wp\/v2\/media\/2629"}],"wp:attachment":[{"href":"https:\/\/kushstar.ca\/fr\/wp-json\/wp\/v2\/media?parent=2404"}],"wp:term":[{"taxonomy":"product_brand","embeddable":true,"href":"https:\/\/kushstar.ca\/fr\/wp-json\/wp\/v2\/product_brand?post=2404"},{"taxonomy":"product_cat","embeddable":true,"href":"https:\/\/kushstar.ca\/fr\/wp-json\/wp\/v2\/product_cat?post=2404"},{"taxonomy":"product_tag","embeddable":true,"href":"https:\/\/kushstar.ca\/fr\/wp-json\/wp\/v2\/product_tag?post=2404"}],"curies":[{"name":"wp","href":"https:\/\/api.w.org\/{rel}","templated":true}]}}