{"id":2397,"date":"2025-09-24T02:50:01","date_gmt":"2025-09-24T06:50:01","guid":{"rendered":"https:\/\/kushstar.ca\/?post_type=product&#038;p=2397"},"modified":"2026-04-02T23:17:53","modified_gmt":"2026-04-03T03:17:53","slug":"pocket-size-rolling-tray-with-magnetic-lid-18-6-x-9-3-cm","status":"publish","type":"product","link":"https:\/\/kushstar.ca\/fr\/produit\/pocket-size-rolling-tray-with-magnetic-lid-18-6-x-9-3-cm","title":{"rendered":"Plateau \u00e0 rouler de poche avec couvercle magn\u00e9tique \u2013 18,6 x 9,3 cm"},"content":{"rendered":"<p><b><strong>Ce magnifique plateau \u00e0 rouler portable de 18,6 x 9,3 cm avec couvercle magn\u00e9tique est compos\u00e9 d&#039;un couvercle souple et d&#039;un plateau en t\u00f4le. Le couvercle magn\u00e9tique prot\u00e8ge les miettes et les restes de papier. Son design original vous fera red\u00e9couvrir des objets dont vous ignoriez l&#039;existence. Ce plateau vous rapprochera de l&#039;espace pendant que vous roulez votre joint.\u00a0<\/strong><\/b><\/p>","protected":false},"excerpt":{"rendered":"<p><strong>Le plateau \u00e0 rouler c<b>les caract\u00e9ristiques sont<\/b>:<\/strong><\/p>\n<ul>\n<li><strong>Dimensions du plateau \u00e0 rouler\u00a0: 18,6\u00a0cm x 9,3\u00a0cm x 0,8\u00a0cm<\/strong><\/li>\n<li><strong>Dimensions du couvercle magn\u00e9tique souple\u00a0: 18,6\u00a0cm x 9,3\u00a0cm x 0,12\u00a0cm<\/strong><\/li>\n<li><strong>\u00e9paisseur de la t\u00f4le d&#039;\u00e9tain du plateau de laminage : 0,35 mm\u00a0<\/strong><\/li>\n<li><strong>Design psych\u00e9d\u00e9lique<\/strong><\/li>\n<li><b>Plateau \u00e0 rouler portable<\/b><\/li>\n<\/ul>","protected":false},"featured_media":2398,"comment_status":"open","ping_status":"closed","template":"","meta":[],"product_brand":[],"product_cat":[66],"product_tag":[540,539,536,535,541,49,143,537,520,527,542,538,543],"class_list":{"0":"post-2397","1":"product","2":"type-product","3":"status-publish","4":"has-post-thumbnail","6":"product_cat-art-trays","7":"product_tag-colorful-rolling-tray","8":"product_tag-compact-weed-tray","9":"product_tag-mini-stash-tray","10":"product_tag-pocket-rolling-tray","11":"product_tag-pocket-stash-accessory","12":"product_tag-portable-rolling-tray","13":"product_tag-psychedelic-rolling-tray","14":"product_tag-small-travel-rolling-tray","15":"product_tag-smoking-gift-idea","16":"product_tag-stoner-accessories","17":"product_tag-travel-size-rolling-tray","18":"product_tag-trippy-design-tray","19":"product_tag-unique-smoking-tray","20":"product_shipping_class-rolling-tray-18-6x9-3","22":"first","23":"instock","24":"taxable","25":"shipping-taxable","26":"purchasable","27":"product-type-simple"},"_links":{"self":[{"href":"https:\/\/kushstar.ca\/fr\/wp-json\/wp\/v2\/product\/2397","targetHints":{"allow":["GET"]}}],"collection":[{"href":"https:\/\/kushstar.ca\/fr\/wp-json\/wp\/v2\/product"}],"about":[{"href":"https:\/\/kushstar.ca\/fr\/wp-json\/wp\/v2\/types\/product"}],"replies":[{"embeddable":true,"href":"https:\/\/kushstar.ca\/fr\/wp-json\/wp\/v2\/comments?post=2397"}],"wp:featuredmedia":[{"embeddable":true,"href":"https:\/\/kushstar.ca\/fr\/wp-json\/wp\/v2\/media\/2398"}],"wp:attachment":[{"href":"https:\/\/kushstar.ca\/fr\/wp-json\/wp\/v2\/media?parent=2397"}],"wp:term":[{"taxonomy":"product_brand","embeddable":true,"href":"https:\/\/kushstar.ca\/fr\/wp-json\/wp\/v2\/product_brand?post=2397"},{"taxonomy":"product_cat","embeddable":true,"href":"https:\/\/kushstar.ca\/fr\/wp-json\/wp\/v2\/product_cat?post=2397"},{"taxonomy":"product_tag","embeddable":true,"href":"https:\/\/kushstar.ca\/fr\/wp-json\/wp\/v2\/product_tag?post=2397"}],"curies":[{"name":"wp","href":"https:\/\/api.w.org\/{rel}","templated":true}]}}