{"id":2374,"date":"2025-09-24T02:23:20","date_gmt":"2025-09-24T02:23:20","guid":{"rendered":"https:\/\/kushstar.ca\/?post_type=product&#038;p=2374"},"modified":"2026-05-03T22:37:05","modified_gmt":"2026-05-04T02:37:05","slug":"glass-tips","status":"publish","type":"product","link":"https:\/\/kushstar.ca\/fr\/produit\/glass-tips","title":{"rendered":"Ensemble d&#039;embouts en verre aimant\u00e9s\u00a0: \u00e9tui imprim\u00e9 en 3D avec 2 supports pour cylindres articul\u00e9s et 4 embouts buccaux."},"content":{"rendered":"<p><strong>Ensemble d&#039;embouts en verre magn\u00e9tis\u00e9s avec \u00e9tui imprim\u00e9 en 3D \u00e0 l&#039;\u00e9preuve des enfants et dragonne<\/strong><\/p>\n<p><strong>Am\u00e9liorez vos s\u00e9ances de fumage avec cet ensemble d&#039;embouts en verre aimant\u00e9s, \u00e9l\u00e9gant et fonctionnel. Con\u00e7u pour allier praticit\u00e9 et style, ce kit comprend tout le n\u00e9cessaire pour une exp\u00e9rience agr\u00e9able, hygi\u00e9nique et conviviale.<\/strong><\/p>\n<p><strong>Parfait pour un usage personnel ou comme cadeau pour les amateurs de tabac, cet ensemble allie praticit\u00e9 et design moderne et accrocheur.<\/strong><\/p>","protected":false},"excerpt":{"rendered":"<p>\u2728 <strong>Ce qui est inclus\u00a0:<\/strong><\/p>\n<ul>\n<li><strong>\u00a02 embouts magn\u00e9tiques en verre \u2013 Embouts en verre durable avec gravures \u201c Puff Puff Pass \u201d et \u201c KushStar \u201d pour une inhalation plus propre et plus douce.<\/strong><\/li>\n<li><strong>4 embouts buccaux amovibles \u2013 Partagez-les avec vos amis tout en pr\u00e9servant une hygi\u00e8ne optimale.<\/strong><\/li>\n<li><strong>2 supports de couronne \u2013 Fixez et clipsez facilement votre joint \u00e0 l&#039;int\u00e9rieur de l&#039;embout en verre.<\/strong><\/li>\n<li><strong>1 \u00e9tui coulissant anti-enfants imprim\u00e9 en 3D \u2013 Compact, durable et aimant\u00e9 pour un rangement s\u00e9curis\u00e9.<\/strong><\/li>\n<li><strong>1 dragonne \u2013 Gardez votre kit \u00e0 port\u00e9e de main et portable o\u00f9 que vous alliez.<\/strong><\/li>\n<\/ul>\n<p>\ud83c\udf00 <strong>Caract\u00e9ristiques:<\/strong><\/p>\n<ul>\n<li><strong>Connexion magn\u00e9tique pour une utilisation facile et une prise en main s\u00fbre<\/strong><\/li>\n<li><strong>Bo\u00eete coulissante s\u00e9curis\u00e9e pour enfants pour un rangement s\u00fbr et discret<\/strong><\/li>\n<li><strong>Conception portable avec dragonne pour les s\u00e9ances en d\u00e9placement<\/strong><\/li>\n<li><strong>Alternative r\u00e9utilisable et \u00e9cologique aux embouts en papier<\/strong><\/li>\n<li><strong>Finition d\u00e9grad\u00e9e unique sur le bo\u00eetier imprim\u00e9 en 3D<\/strong><\/li>\n<\/ul>\n<p>\ud83d\udccf<strong>Dimensions:<\/strong><\/p>\n<ul>\n<li>\u00a0<strong>Bo\u00eetier imprim\u00e9 en 3D\u00a0: 5,9\u00a0cm x 4\u00a0cm x 4\u00a0cm (2,3\u00a0po x 1,57\u00a0po x 1,57\u00a0po)<\/strong><\/li>\n<li><strong>Embouts en verre + couronne : 6,2 cm x \u00d8 1,0 cm (2,44 po x 0,39 po)<\/strong><\/li>\n<li><strong>Dragonne : 12 cm<\/strong><\/li>\n<\/ul>","protected":false},"featured_media":2381,"comment_status":"open","ping_status":"closed","template":"","meta":[],"product_brand":[],"product_cat":[508],"product_tag":[519,521,514,517,512,362,513,137,518,516,511,520,515],"class_list":{"0":"post-2374","1":"product","2":"type-product","3":"status-publish","4":"has-post-thumbnail","6":"product_cat-glass-tips","7":"product_tag-3d-printed-crown-holder","8":"product_tag-durable-glass-tips","9":"product_tag-eco-friendly-joint-filter","10":"product_tag-glass-blunt-filter","11":"product_tag-glass-crown-tips","12":"product_tag-joint-filter-tips","13":"product_tag-magnetic-smoking-accessories","14":"product_tag-magnetized-glass-tips","15":"product_tag-portable-smoking-kit","16":"product_tag-puff-puff-pass-tips","17":"product_tag-reusable-smoking-tips","18":"product_tag-smoking-gift-idea","19":"product_tag-stoner-glass-tips","20":"product_shipping_class-kushstar-bag","22":"first","23":"instock","24":"taxable","25":"shipping-taxable","26":"purchasable","27":"product-type-variable"},"_links":{"self":[{"href":"https:\/\/kushstar.ca\/fr\/wp-json\/wp\/v2\/product\/2374","targetHints":{"allow":["GET"]}}],"collection":[{"href":"https:\/\/kushstar.ca\/fr\/wp-json\/wp\/v2\/product"}],"about":[{"href":"https:\/\/kushstar.ca\/fr\/wp-json\/wp\/v2\/types\/product"}],"replies":[{"embeddable":true,"href":"https:\/\/kushstar.ca\/fr\/wp-json\/wp\/v2\/comments?post=2374"}],"wp:featuredmedia":[{"embeddable":true,"href":"https:\/\/kushstar.ca\/fr\/wp-json\/wp\/v2\/media\/2381"}],"wp:attachment":[{"href":"https:\/\/kushstar.ca\/fr\/wp-json\/wp\/v2\/media?parent=2374"}],"wp:term":[{"taxonomy":"product_brand","embeddable":true,"href":"https:\/\/kushstar.ca\/fr\/wp-json\/wp\/v2\/product_brand?post=2374"},{"taxonomy":"product_cat","embeddable":true,"href":"https:\/\/kushstar.ca\/fr\/wp-json\/wp\/v2\/product_cat?post=2374"},{"taxonomy":"product_tag","embeddable":true,"href":"https:\/\/kushstar.ca\/fr\/wp-json\/wp\/v2\/product_tag?post=2374"}],"curies":[{"name":"wp","href":"https:\/\/api.w.org\/{rel}","templated":true}]}}