{"id":2362,"date":"2025-09-24T02:19:21","date_gmt":"2025-09-24T02:19:21","guid":{"rendered":"https:\/\/kushstar.ca\/?post_type=product&#038;p=2362"},"modified":"2026-04-02T23:20:12","modified_gmt":"2026-04-03T03:20:12","slug":"joint-slider-and-clippers-lighter-case-smell-proof-case-with-designated-lighter-and-js-area-fits-king-size-and-clipper-lighter","status":"publish","type":"product","link":"https:\/\/kushstar.ca\/fr\/produit\/joint-slider-and-clippers-lighter-case-smell-proof-case-with-designated-lighter-and-js-area-fits-king-size-and-clipper-lighter","title":{"rendered":"\u00c9tui coulissant pour briquet CLIPPERS \u2013 \u00c9tui anti-odeurs avec briquet d\u00e9di\u00e9 et zone J \u2013 Compatible avec les briquets King Size et CLIPPER"},"content":{"rendered":"<p><b><strong>Cet \u00e9tui est con\u00e7u pour contenir jusqu&#039;\u00e0 7 joints King Size et votre briquet CLIPPER dans leurs compartiments respectifs. Anti-odeurs, fin et r\u00e9sistant, il facilitera vos d\u00e9placements. Transportez vos joints pr\u00e9-roul\u00e9s en toute simplicit\u00e9. Fabriqu\u00e9 en mat\u00e9riau imprim\u00e9 en 3D, cet \u00e9tui est compos\u00e9 d&#039;une partie inf\u00e9rieure rigide et d&#039;une partie sup\u00e9rieure flexible. La partie sup\u00e9rieure coulisse ainsi parfaitement et scelle le fond de l&#039;\u00e9tui. Durable, r\u00e9sistant et sans danger pour les aliments. Ce bo\u00eetier coulissant est disponible en quantit\u00e9s limit\u00e9es\u00a0; les joints pr\u00e9-roul\u00e9s et le briquet ne sont pas fournis.<br \/>\n<\/strong><\/b><\/p>","protected":false},"excerpt":{"rendered":"<p><strong>Caract\u00e9ristiques du curseur articulaire imprim\u00e9 en 3D\u00a0:<\/strong><\/p>\n<ul>\n<li><strong>Couleurs : Noir et vert, Noir et rose, Noir et or et Noir et bleu<\/strong><\/li>\n<li><strong>Dimensions : 9,9 cm x 7,7 cm x 2,2 cm (3,9 po x 3,0 po x 0,86 po)<br \/>\n<\/strong><\/li>\n<li><strong>Compartiments d\u00e9di\u00e9s aux articulations et aux lumi\u00e8res<\/strong><\/li>\n<li><strong>Convient jusqu&#039;\u00e0 7 joints fins de taille King<\/strong><\/li>\n<li><strong>La partie inf\u00e9rieure est en PLA (acide polylactique).<\/strong><\/li>\n<li><strong>La partie sup\u00e9rieure est en PETG (poly\u00e9thyl\u00e8ne t\u00e9r\u00e9phtalate glycol).<\/strong><\/li>\n<li><strong>Glissez fermement de haut en bas pour une \u00e9tanch\u00e9it\u00e9 parfaite. <\/strong><\/li>\n<li><strong>\u00c9tui anti-odeurs, fin et pratique<\/strong><\/li>\n<li><strong>Sans danger pour une utilisation avec des aliments comestibles et des produits \u00e0 fumer<\/strong><\/li>\n<\/ul>","protected":false},"featured_media":2366,"comment_status":"open","ping_status":"closed","template":"","meta":[],"product_brand":[],"product_cat":[187],"product_tag":[522,531,523,525,529,533,530,524,534,532,528,527,526],"class_list":{"0":"post-2362","1":"product","2":"type-product","3":"status-publish","4":"has-post-thumbnail","6":"product_cat-js-holder","7":"product_tag-3d-printed-joint-case","8":"product_tag-cannabis-accessory-case","9":"product_tag-clipper-lighter-holder","10":"product_tag-joint-and-lighter-organizer","11":"product_tag-joint-storage-case","12":"product_tag-lightweight-stash-box","13":"product_tag-pocket-smoking-case","14":"product_tag-portable-smoking-case","15":"product_tag-reusable-smoking-container","16":"product_tag-smoker-gift-idea","17":"product_tag-smoking-travel-kit","18":"product_tag-stoner-accessories","19":"product_tag-travel-stash-box","20":"product_shipping_class-bic-joint-slider","22":"first","23":"instock","24":"taxable","25":"shipping-taxable","26":"purchasable","27":"product-type-variable"},"_links":{"self":[{"href":"https:\/\/kushstar.ca\/fr\/wp-json\/wp\/v2\/product\/2362","targetHints":{"allow":["GET"]}}],"collection":[{"href":"https:\/\/kushstar.ca\/fr\/wp-json\/wp\/v2\/product"}],"about":[{"href":"https:\/\/kushstar.ca\/fr\/wp-json\/wp\/v2\/types\/product"}],"replies":[{"embeddable":true,"href":"https:\/\/kushstar.ca\/fr\/wp-json\/wp\/v2\/comments?post=2362"}],"wp:featuredmedia":[{"embeddable":true,"href":"https:\/\/kushstar.ca\/fr\/wp-json\/wp\/v2\/media\/2366"}],"wp:attachment":[{"href":"https:\/\/kushstar.ca\/fr\/wp-json\/wp\/v2\/media?parent=2362"}],"wp:term":[{"taxonomy":"product_brand","embeddable":true,"href":"https:\/\/kushstar.ca\/fr\/wp-json\/wp\/v2\/product_brand?post=2362"},{"taxonomy":"product_cat","embeddable":true,"href":"https:\/\/kushstar.ca\/fr\/wp-json\/wp\/v2\/product_cat?post=2362"},{"taxonomy":"product_tag","embeddable":true,"href":"https:\/\/kushstar.ca\/fr\/wp-json\/wp\/v2\/product_tag?post=2362"}],"curies":[{"name":"wp","href":"https:\/\/api.w.org\/{rel}","templated":true}]}}