{"id":2288,"date":"2025-09-24T02:47:44","date_gmt":"2025-09-24T06:47:44","guid":{"rendered":"https:\/\/kushstar.ca\/?post_type=product&#038;p=2288"},"modified":"2026-04-02T23:17:48","modified_gmt":"2026-04-03T03:17:48","slug":"mini-case-unique-elder-ai-style-12-3-cm-x-7-cm-x-2-8-cm-4-84-x-2-75-x-1-10","status":"publish","type":"product","link":"https:\/\/kushstar.ca\/fr\/produit\/mini-case-unique-elder-ai-style-12-3-cm-x-7-cm-x-2-8-cm-4-84-x-2-75-x-1-10","title":{"rendered":"Mini-\u00e9tui \u2013 Style combo unique Elder &amp; AI \u2013 12,3 cm x 7 cm x 2,8 cm (4,84\u201d x 2,75\u201d x 1,10\u201d)"},"content":{"rendered":"<p><strong>Rangez, transportez et roulez avec style gr\u00e2ce au mini \u00e9tui m\u00e9tallique KushStar\u00ae, une solution compacte tout-en-un con\u00e7ue pour ranger feuilles \u00e0 rouler, petits outils et fleurs. En d\u00e9placement ou \u00e0 la maison, cet \u00e9tui est parfait.<\/strong><\/p>","protected":false},"excerpt":{"rendered":"<p><strong>\ud83c\udfa8 Design unique<\/strong><br \/>\n<strong>Le couvercle sup\u00e9rieur pr\u00e9sente une \u0153uvre de graffiti exclusive de l&#039;artiste de rue montr\u00e9alais @axelaime, tandis que le couvercle inf\u00e9rieur arbore un magnifique paysage cosmique g\u00e9n\u00e9r\u00e9 par IA, une v\u00e9ritable combinaison de collectionneur d&#039;art urbain et futuriste.<\/strong><\/p>\n<p><strong>\ud83d\udee0\ufe0f Con\u00e7u pour la fonctionnalit\u00e9<\/strong><br \/>\n<strong>\u2022 Dimensions : 12,3 x 7,0 x 2,8 cm (4,84 po x 2,75 po x 1,10 po)<\/strong><br \/>\n<strong>\u2022 Poids : 66 g<\/strong><br \/>\n<strong>\u2022 Multi-usage : Utilisez le couvercle plat comme mini plateau \u00e0 rouler<\/strong><br \/>\n<strong>\u2022 Ajustement s\u00e9curis\u00e9\u00a0: Quatre petites bosses lat\u00e9rales maintiennent le couvercle bien en place et en toute s\u00e9curit\u00e9.<\/strong><br \/>\n<strong>\u2022 Construction m\u00e9tallique durable : L\u00e9g\u00e8re mais suffisamment robuste pour prot\u00e9ger vos objets essentiels.<\/strong><\/p>\n<p><strong>\ud83c\udf81 Id\u00e9al pour :<\/strong><br \/>\n<strong>\u2022 Papiers \u00e0 rouler<\/strong><br \/>\n<strong>\u2022 Stockage de fleurs<\/strong><br \/>\n<strong>\u2022 Briquets ou filtres<\/strong><br \/>\n<strong>\u2022 Roulement nomade<\/strong><\/p>\n<p><strong>Que vous soyez un utilisateur occasionnel ou un connaisseur, l&#039;\u00e9tui KushStar Mini ajoute \u00e0 la fois fonctionnalit\u00e9 et \u00e9l\u00e9gance \u00e0 votre rituel.<\/strong><\/p>","protected":false},"featured_media":2302,"comment_status":"open","ping_status":"closed","template":"","meta":[],"product_brand":[],"product_cat":[66],"product_tag":[502,497,498,493,506,499,494,49,501,496,504,505,503,495,500],"class_list":{"0":"post-2288","1":"product","2":"type-product","3":"status-publish","4":"has-post-thumbnail","6":"product_cat-art-trays","7":"product_tag-compact-rolling-case","8":"product_tag-joint-storage-box","9":"product_tag-metal-stash-case","10":"product_tag-mini-rolling-tray-case","11":"product_tag-pocket-cannabis-case","12":"product_tag-pocket-smoker-kit","13":"product_tag-pocket-stash-box","14":"product_tag-portable-rolling-tray","15":"product_tag-rolling-accessories-holder","16":"product_tag-rolling-paper-case","17":"product_tag-rolling-supplies-organizer","18":"product_tag-small-stash-container","19":"product_tag-smell-proof-stash-box","20":"product_tag-travel-rolling-kit","21":"product_tag-weed-travel-case","22":"product_shipping_class-rolling-tray-18-6x9-3","24":"first","25":"instock","26":"taxable","27":"shipping-taxable","28":"purchasable","29":"product-type-simple"},"_links":{"self":[{"href":"https:\/\/kushstar.ca\/fr\/wp-json\/wp\/v2\/product\/2288","targetHints":{"allow":["GET"]}}],"collection":[{"href":"https:\/\/kushstar.ca\/fr\/wp-json\/wp\/v2\/product"}],"about":[{"href":"https:\/\/kushstar.ca\/fr\/wp-json\/wp\/v2\/types\/product"}],"replies":[{"embeddable":true,"href":"https:\/\/kushstar.ca\/fr\/wp-json\/wp\/v2\/comments?post=2288"}],"wp:featuredmedia":[{"embeddable":true,"href":"https:\/\/kushstar.ca\/fr\/wp-json\/wp\/v2\/media\/2302"}],"wp:attachment":[{"href":"https:\/\/kushstar.ca\/fr\/wp-json\/wp\/v2\/media?parent=2288"}],"wp:term":[{"taxonomy":"product_brand","embeddable":true,"href":"https:\/\/kushstar.ca\/fr\/wp-json\/wp\/v2\/product_brand?post=2288"},{"taxonomy":"product_cat","embeddable":true,"href":"https:\/\/kushstar.ca\/fr\/wp-json\/wp\/v2\/product_cat?post=2288"},{"taxonomy":"product_tag","embeddable":true,"href":"https:\/\/kushstar.ca\/fr\/wp-json\/wp\/v2\/product_tag?post=2288"}],"curies":[{"name":"wp","href":"https:\/\/api.w.org\/{rel}","templated":true}]}}