{"id":3,"date":"2024-11-14T22:12:16","date_gmt":"2024-11-14T22:12:16","guid":{"rendered":"http:\/\/shop.kushstarpapers.local\/?page_id=3"},"modified":"2025-04-17T20:13:27","modified_gmt":"2025-04-17T20:13:27","slug":"privacy-policy","status":"publish","type":"page","link":"https:\/\/kushstar.ca\/fr\/privacy-policy","title":{"rendered":"politique de confidentialit\u00e9"},"content":{"rendered":"<section class=\"bde-section-3-100 bde-section\">\n  \n  \n\t\n\n\n\n<div class=\"section-container\"><h1 class=\"bde-heading-3-101 bde-heading\">\npolitique de confidentialit\u00e9\n<\/h1><div class=\"bde-text-3-103 bde-text\">\nKushStar inc. s&#039;engage \u00e0 prot\u00e9ger votre vie priv\u00e9e et \u00e0 respecter vos choix. Les informations personnelles et non personnelles collect\u00e9es sont prot\u00e9g\u00e9es conform\u00e9ment aux normes internationales les plus strictes en mati\u00e8re de confidentialit\u00e9 et de protection des donn\u00e9es.\n<\/div><div class=\"bde-text-3-104 bde-text\">\n<ul><br><li>Vos informations ne seront pas c\u00e9d\u00e9es, vendues, partag\u00e9es ou lou\u00e9es \u00e0 des tiers. <\/li><br><li>Vos informations seront prot\u00e9g\u00e9es par nos soins avec les meilleures mesures de s\u00e9curit\u00e9 pour garantir que vos donn\u00e9es ne seront pas consult\u00e9es par des utilisateurs non autoris\u00e9s.<\/li><br><li>Vous aurez le droit de contr\u00f4ler les informations que vous avez partag\u00e9es avec nous et aurez la possibilit\u00e9 de vous d\u00e9sinscrire en nous envoyant une demande \u00e0 cette adresse. <a href=\"mailto:info@kushstar.ca\">info@kushstar.ca<\/a><br><\/li><br><\/ul>\n<\/div><h2 class=\"bde-heading-3-106 bde-heading\">\nAvis aux utilisateurs\n<\/h2><div class=\"bde-text-3-107 bde-text\">\nNous vous informerons clairement lorsque des informations permettant de vous identifier personnellement (\u00ab\u00a0informations personnelles\u00a0\u00bb) sont demand\u00e9es. Vous aurez le choix de les fournir ou non. G\u00e9n\u00e9ralement, ces donn\u00e9es sont demand\u00e9es lorsque vous cr\u00e9ez un compte, vous inscrivez \u00e0 la newsletter ou effectuez un achat sur notre site web.<br><br>\n<\/div><h3 class=\"bde-heading-3-112 bde-heading\">\n\u00c0 quoi serviront vos informations ?\n<\/h3><div class=\"bde-text-3-113 bde-text\">\nNous utiliserons vos informations personnelles aux fins suivantes :<br>\n<\/div><div class=\"bde-text-3-114 bde-text\">\n<ul><br><li>Pour pouvoir cr\u00e9er une facture valide lorsque vous effectuez un achat sur notre site Web et vous facturer correctement<\/li><br><li>Pour vous donner acc\u00e8s \u00e0 votre compte personnel et conserver ces donn\u00e9es \u00e0 votre disposition pour que vous puissiez effectuer des achats suppl\u00e9mentaires<\/li><br><li>Pour vous m\u00e9moriser facilement lors de votre prochaine connexion et vous permettre de personnaliser vos documents<\/li><br><li>Pour vous alerter des nouveaux produits, des promotions et de toute actualit\u00e9 <\/li><br><\/ul>\n<\/div><div class=\"bde-text-3-115 bde-text\">\nVotre adresse e-mail sera collect\u00e9e lorsque vous cr\u00e9erez un compte, effectuerez un achat ou nous \u00e9crirez pour toute question. Elle sera \u00e9galement conserv\u00e9e \u00e0 des fins promotionnelles, notamment pour vous envoyer de nouvelles offres ou vous tenir inform\u00e9(e) de la disponibilit\u00e9 de nouveaux produits.<br><br>Afin de personnaliser et de vous offrir la meilleure exp\u00e9rience sur notre site Web en tant que client ou visiteur, nous pouvons collecter votre nom, votre langue, votre devise, votre pays, votre syst\u00e8me d&#039;exploitation et votre recherche de documents syst\u00e8me.<br><br>Lorsque vous passez commande, nous collectons votre adresse e-mail et vos informations personnelles afin d&#039;\u00e9tablir une facture valide et de vous envoyer une preuve d&#039;achat. Si votre adresse e-mail est incorrecte en raison d&#039;erreurs typographiques, nous collectons \u00e9galement votre num\u00e9ro de t\u00e9l\u00e9phone afin de vous contacter et de vous envoyer les informations correctes \u00e0 votre adresse e-mail valide.<br><br>Votre num\u00e9ro de t\u00e9l\u00e9phone nous sera \u00e9galement utile si nous devons vous contacter si nous soup\u00e7onnons que les informations de la carte de cr\u00e9dit du titulaire ont \u00e9t\u00e9 compromises. Nous vous informerons d\u00e8s que nous d\u00e9tecterons une fraude pouvant \u00eatre li\u00e9e \u00e0 votre carte.<br><br>Vos donn\u00e9es sont stock\u00e9es et conserv\u00e9es en toute s\u00e9curit\u00e9 conform\u00e9ment aux lois canadiennes. Nous conservons les donn\u00e9es statistiques de vente \u00e0 des fins d&#039;analyse et d&#039;am\u00e9lioration de nos services commerciaux.<br><br>\n<\/div><h3 class=\"bde-heading-3-116 bde-heading\">\nVotre consentement\n<\/h3><div class=\"bde-text-3-117 bde-text\">\nEn nous fournissant vos informations personnelles, vous consentez \u00e0 leur utilisation aux fins susmentionn\u00e9es et acceptez que KushStar en soit le d\u00e9tenteur autoris\u00e9. Si vous ne souhaitez pas vous inscrire ou nous communiquer vos informations personnelles, vous pourrez acc\u00e9der \u00e0 notre site web, mais vous ne pourrez pas y effectuer d&#039;achats. Vous aurez le choix entre cr\u00e9er un compte ou simplement effectuer un achat en tant que visiteur. Dans les deux cas, vos donn\u00e9es seront conserv\u00e9es dans notre base de donn\u00e9es pour les raisons mentionn\u00e9es pr\u00e9c\u00e9demment. \u00c0 chaque nouvelle communication, vous aurez la possibilit\u00e9 de vous d\u00e9sabonner. Vous pourrez toujours nous contacter \u00e0 l&#039;adresse e-mail indiqu\u00e9e au premier paragraphe.<br><br>\n<\/div><h4 class=\"bde-heading-3-118 bde-heading\">\nVous aurez toujours le droit de mettre \u00e0 jour vos informations\n<\/h4><div class=\"bde-text-3-119 bde-text\">\nVous pouvez nous demander de consulter ou de corriger les donn\u00e9es personnelles que vous nous avez fournies. Cela garantira leur exactitude et leur validit\u00e9 \u00e0 tout moment. Pour consulter ou mettre \u00e0 jour vos informations personnelles, il vous suffit d&#039;acc\u00e9der \u00e0 votre compte et d&#039;effectuer les modifications vous-m\u00eame. En cas de difficult\u00e9, veuillez nous envoyer un e-mail afin que nous puissions valider les nouvelles informations. Les donn\u00e9es fournies en tant qu&#039;invit\u00e9\/visiteur lors d&#039;un achat ne peuvent pas \u00eatre modifi\u00e9es, car elles sont uniquement stock\u00e9es dans notre base de donn\u00e9es et ne sont pas accessibles au public. Elles sont uniquement destin\u00e9es \u00e0 l&#039;analyse et \u00e0 l&#039;am\u00e9lioration de l&#039;exp\u00e9rience client sur notre site web. Elles serviront \u00e9galement \u00e0 vous informer des mises \u00e0 jour et de l&#039;\u00e9volution de nos offres de produits. <br><br>\n<\/div><h4 class=\"bde-heading-3-120 bde-heading\">\nLa s\u00e9curit\u00e9 de vos donn\u00e9es est notre priorit\u00e9\n<\/h4><div class=\"bde-text-3-121 bde-text\">\nKushStar est tr\u00e8s transparente et met tout en \u0153uvre pour garantir la s\u00e9curit\u00e9 de vos informations. Nos mesures de s\u00e9curit\u00e9 sont tr\u00e8s strictes et garantissent la protection de tous nos clients. Nous tenons \u00e0 vous assurer qu&#039;il n&#039;y aura aucune faille de s\u00e9curit\u00e9, aucune perte de donn\u00e9es, aucune utilisation abusive, divulgation, alt\u00e9ration, fuite, acc\u00e8s non autoris\u00e9 ou utilisation nuisible. Nous avons s\u00e9curis\u00e9 toutes les donn\u00e9es sensibles avec des pare-feu, des serveurs s\u00e9curis\u00e9s et un acc\u00e8s tr\u00e8s strict \u00e0 ces informations pour nos employ\u00e9s.<br><br>Nous vous offrons la tranquillit\u00e9 d&#039;esprit\u00a0: les transactions e-commerce effectu\u00e9es sur notre site web utilisent les protocoles de s\u00e9curit\u00e9 les plus avanc\u00e9s et les technologies les plus modernes pour vous prot\u00e9ger. Nous faisons \u00e9galement confiance \u00e0 nos partenaires tels que PayPal, Square et toutes les soci\u00e9t\u00e9s de cartes de cr\u00e9dit l\u00e9gales avec lesquelles nous travaillons pour vous offrir les meilleures mesures de s\u00e9curit\u00e9 transactionnelle.<br><br>\n<\/div><h3 class=\"bde-heading-3-122 bde-heading\">\nPartage d&#039;informations\n<\/h3><div class=\"bde-text-3-123 bde-text\">\nNous vous informons qu&#039;en vous inscrivant \u00e0 notre newsletter, vos informations ne seront jamais partag\u00e9es avec l&#039;ext\u00e9rieur sans votre consentement. Notre entreprise garantit que toutes les donn\u00e9es sont stock\u00e9es en toute s\u00e9curit\u00e9 et prot\u00e9g\u00e9es par des pare-feu et d&#039;autres mesures de s\u00e9curit\u00e9. Nous nous assurons que toutes les donn\u00e9es sont stock\u00e9es sur un serveur s\u00e9curis\u00e9 et fiable, sans acc\u00e8s externe.<br><br>Lors d&#039;un achat ou d&#039;une connexion, vous devrez fournir vos coordonn\u00e9es, dont une adresse e-mail valide. Ces informations nous permettent de vous envoyer des actualit\u00e9s sur notre entreprise, des informations sur nos nouveaux produits et des confirmations de commande. Lors d&#039;un achat chez nous, nous vous demandons votre num\u00e9ro de carte bancaire et votre adresse de facturation afin de valider votre achat. Nous utilisons ces informations uniquement pour vous facturer le(s) produit(s) command\u00e9(s). Une facture contenant toutes ces informations vous sera \u00e9galement envoy\u00e9e. <br><br>Dans certains cas, nous communiquerons des informations limit\u00e9es \u00e0 d&#039;autres entreprises qui assureront d&#039;autres services pour notre compte, tels que l&#039;exp\u00e9dition, la livraison, l&#039;emballage, le service client et le traitement des inscriptions aux \u00e9v\u00e9nements. Dans tous les cas, vos informations financi\u00e8res ne seront jamais communiqu\u00e9es. Nous ne communiquerons que les donn\u00e9es n\u00e9cessaires \u00e0 l&#039;ex\u00e9cution des services demand\u00e9s. Nos prestataires de services sont \u00e9galement tenus de respecter des politiques de confidentialit\u00e9 strictes qui les emp\u00eachent de se livrer \u00e0 des activit\u00e9s illicites ou douteuses lorsqu&#039;ils re\u00e7oivent des informations personnelles de nos clients. <br><br>Dans de tr\u00e8s rares cas, KushStar peut divulguer vos informations personnelles si la loi l&#039;exige, conform\u00e9ment \u00e0 une nouvelle politique gouvernementale ou \u00e0 de nouvelles lois. Nous respecterons la loi dans toute situation susceptible de prot\u00e9ger et de d\u00e9fendre des biens ou des droits, y compris ceux du site web et de l&#039;entreprise. Il en sera de m\u00eame pour nos utilisateurs. Gardez \u00e0 l&#039;esprit que la s\u00e9curit\u00e9 de nos utilisateurs est primordiale pour nous et nous mettrons tout en \u0153uvre pour la garantir.  <br><br>\n<\/div><h3 class=\"bde-heading-3-124 bde-heading\">\nD\u00e9sinscription\n<\/h3><div class=\"bde-text-3-125 bde-text\">\nNous sommes une entreprise conviviale qui souhaite offrir \u00e0 ses clients la possibilit\u00e9 de se d\u00e9sinscrire \u00e0 tout moment. Vous pouvez ainsi vous d\u00e9sinscrire de nos listes de diffusion et ne plus recevoir d&#039;informations sur nos produits, nos newsletters et autres communications de notre part. Pour plus de s\u00e9curit\u00e9 et de protection, nous ne conservons aucune information de carte de cr\u00e9dit dans notre base de donn\u00e9es. Vous pouvez vous d\u00e9sinscrire \u00e0 tout moment en cliquant sur le lien disponible dans nos e-mails ou en nous \u00e9crivant \u00e0 l&#039;adresse indiqu\u00e9e au premier paragraphe de la section \u00ab\u00a0Politique de confidentialit\u00e9\u00a0\u00bb de notre site web. <br><br>\n<\/div><h2 class=\"bde-heading-3-126 bde-heading\">\nPolitique relative aux \u00ab cookies \u00bb\n<\/h2><div class=\"bde-text-3-127 bde-text\">\nNous faisons appel \u00e0 des fournisseurs tiers pour stocker des cookies sur votre ordinateur lors de votre premi\u00e8re visite afin de vous reconna\u00eetre \u00e0 chaque fois que vous revenez sur notre site. Ce processus a pour but de vous reconna\u00eetre en tant que visiteur afin de personnaliser votre visite, d&#039;am\u00e9liorer votre exp\u00e9rience d&#039;achat, de vous faire gagner du temps et de nous aider \u00e0 comprendre les pages que vous consultez et le temps que vous y passez. <br><br>Nous tenons \u00e0 pr\u00e9ciser que si vous refusez les cookies, vous pouvez toujours utiliser le site Web, mais votre capacit\u00e9 \u00e0 utiliser certaines sections peut \u00eatre limit\u00e9e.<br><br>De plus, KushStar peut faire appel \u00e0 des agences publicitaires tierces pour diffuser ses publicit\u00e9s sur son site web. Ces agences utilisent des cookies et des pixels invisibles. Elles peuvent \u00e9galement utiliser des GIF ou des balises web afin de mesurer et d&#039;am\u00e9liorer l&#039;efficacit\u00e9 des publicit\u00e9s pour leurs clients. Pour ce faire, ces agences peuvent utiliser des informations anonymes concernant vos visites sur notre site web et d&#039;autres sites web. Cependant, elles ne collecteront aucune information sensible permettant de vous identifier personnellement ou de remonter jusqu&#039;\u00e0 vous. Ces informations peuvent inclure\u00a0: la date et l&#039;heure d&#039;affichage de la banni\u00e8re publicitaire, le nom de la banni\u00e8re, leur cookie et votre adresse IP. Ces donn\u00e9es peuvent \u00e9galement \u00eatre suivies \u00e0 des fins de marketing strat\u00e9gique en ligne.<br><br>Si vous souhaitez emp\u00eacher un annonceur tiers de collecter des informations, vous pouvez d\u00e8s \u00e0 pr\u00e9sent consulter le site web de chaque r\u00e9seau publicitaire et choisir de vous d\u00e9sinscrire. Nous vous sugg\u00e9rons \u00e9galement de consulter les politiques de confidentialit\u00e9 des annonceurs tiers.<br><br>\n<\/div><h2 class=\"bde-heading-3-128 bde-heading\">\nLa politique de confidentialit\u00e9 de KushStar s&#039;applique-t-elle aux sites Web li\u00e9s ?\n<\/h2><div class=\"bde-text-3-129 bde-text\">\nNotre politique de confidentialit\u00e9 s&#039;applique uniquement aux informations collect\u00e9es sur notre site web. Ce dernier peut contenir des liens vers des sites web tiers. KushStar n&#039;est pas responsable des actions et des fonctions de ces tiers\u00a0; cela peut inclure leurs propres pratiques de confidentialit\u00e9 et le contenu publi\u00e9 sur leurs sites web. Nous vous recommandons de consulter leurs politiques de confidentialit\u00e9 pour en savoir plus sur la mani\u00e8re, la nature et les finalit\u00e9s de la collecte et de l&#039;utilisation des informations personnelles. KushStar respecte les normes \u00e9tablies par le secteur pour prot\u00e9ger en toute s\u00e9curit\u00e9 les informations personnelles en sa possession et les prot\u00e9ger contre toute alt\u00e9ration et tout acc\u00e8s non autoris\u00e9. De plus, comme pour toute interaction en ligne, il n&#039;est pas exclu que des tiers interceptent ill\u00e9galement des transmissions d&#039;informations personnelles, ou que d&#039;autres utilisateurs puissent utiliser abusivement vos informations personnelles collect\u00e9es ill\u00e9galement sur le site web.<br><br>\n<\/div><h2 class=\"bde-heading-3-130 bde-heading\">\nChangements de politique potentiels\n<\/h2><div class=\"bde-text-3-131 bde-text\">\nSi nous devons modifier notre Politique de confidentialit\u00e9, nous publierons ici toutes les informations de mise \u00e0 jour et les modifications. Vous serez ainsi toujours inform\u00e9(e) des donn\u00e9es que nous collectons, de la mani\u00e8re dont nous les utilisons et des moyens par lesquels nous les divulguons, le cas \u00e9ch\u00e9ant. Si nous d\u00e9cidons d&#039;utiliser vos donn\u00e9es diff\u00e9remment de ce qui a \u00e9t\u00e9 mentionn\u00e9 au moment de leur collecte, KushStar vous informera de ces modifications par e-mail. \n<\/div><h2 class=\"bde-heading-3-132 bde-heading\">\nApplication de la politique\n<\/h2><div class=\"bde-text-3-133 bde-text\">\nVous avez le droit de nous contacter si vous estimez que KushStar ne respecte pas l&#039;ensemble des politiques mentionn\u00e9es ici. D\u00e8s r\u00e9ception de votre notification, nous analyserons les modifications n\u00e9cessaires afin de respecter les informations publi\u00e9es sur notre site web concernant notre politique de confidentialit\u00e9.<br><br>\n<\/div><h2 class=\"bde-heading-3-134 bde-heading\">\nDes questions ou des commentaires ?\n<\/h2><div class=\"bde-text-3-135 bde-text\">\nSi vous avez des commentaires ou des questions sur cette politique de confidentialit\u00e9, veuillez nous envoyer un e-mail \u00e0 cette adresse. <a href=\"mailto:info@kushstar.ca\">info@kushstar.ca<\/a> ou visitez-nous sur nos pages de m\u00e9dias sociaux.<br>\n<\/div><\/div>\n<\/section>","protected":false},"excerpt":{"rendered":"<p>Privacy Policy KushStar inc. is firmly committed to protecting your privacy and to comply with your choices. Both personal and non-personal information collected is safeguarded according to the highest privacy and data protection standards adopted worldwide. Your information will not be given, sold, shared or rented to any third party. Your information will be protected [&hellip;]<\/p>\n","protected":false},"author":1,"featured_media":0,"parent":0,"menu_order":0,"comment_status":"closed","ping_status":"open","template":"","meta":{"_breakdance_hide_in_design_set":false,"_breakdance_tags":"","footnotes":""},"class_list":["post-3","page","type-page","status-publish","hentry"],"_links":{"self":[{"href":"https:\/\/kushstar.ca\/fr\/wp-json\/wp\/v2\/pages\/3","targetHints":{"allow":["GET"]}}],"collection":[{"href":"https:\/\/kushstar.ca\/fr\/wp-json\/wp\/v2\/pages"}],"about":[{"href":"https:\/\/kushstar.ca\/fr\/wp-json\/wp\/v2\/types\/page"}],"author":[{"embeddable":true,"href":"https:\/\/kushstar.ca\/fr\/wp-json\/wp\/v2\/users\/1"}],"replies":[{"embeddable":true,"href":"https:\/\/kushstar.ca\/fr\/wp-json\/wp\/v2\/comments?post=3"}],"version-history":[{"count":5,"href":"https:\/\/kushstar.ca\/fr\/wp-json\/wp\/v2\/pages\/3\/revisions"}],"predecessor-version":[{"id":1797,"href":"https:\/\/kushstar.ca\/fr\/wp-json\/wp\/v2\/pages\/3\/revisions\/1797"}],"wp:attachment":[{"href":"https:\/\/kushstar.ca\/fr\/wp-json\/wp\/v2\/media?parent=3"}],"curies":[{"name":"wp","href":"https:\/\/api.w.org\/{rel}","templated":true}]}}