{"id":1138,"date":"2025-03-01T23:26:43","date_gmt":"2025-03-01T23:26:43","guid":{"rendered":"https:\/\/kushstar.ca\/?page_id=1138"},"modified":"2025-04-08T16:33:22","modified_gmt":"2025-04-08T16:33:22","slug":"blog","status":"publish","type":"page","link":"https:\/\/kushstar.ca\/fr\/blog","title":{"rendered":"Blog"},"content":{"rendered":"<section class=\"bde-section-1138-100 bde-section\">\n              \n  \n  \n\t\n\n  <div class=\"section-background-overlay\"><\/div>\n\n\n<div class=\"section-container\"><div class=\"bde-div-1138-103 bde-div\">\n  \n  \n\t\n\n\n\n<div class=\"bde-post-list-1138-101 bde-post-list bde-preset-3e8f100f-7475-4055-a114-b18dda7e6339\"><div class=\"bde-loop bde-loop-grid ee-posts ee-posts-grid\">    <article class=\"bde-loop-item ee-post\">\n                                <a class=\"bde-loop-item__image-link ee-post-image-link\" href=\"https:\/\/kushstar.ca\/fr\/hello-world\" aria-label=\"Le kit ultime du stoner\u00a0: am\u00e9liorez votre exp\u00e9rience avec ces 15 \u00e9l\u00e9ments essentiels\">\n                <div class=\"bde-loop-item__image ee-post-image\">\n                    <img decoding=\"async\" width=\"2048\" height=\"2048\" src=\"https:\/\/kushstar.ca\/wp-content\/uploads\/2024\/11\/couche-star.jpg\" class=\"attachment-full size-full wp-post-image\" alt=\"\" srcset=\"https:\/\/kushstar.ca\/wp-content\/uploads\/2024\/11\/couche-star.jpg 2048w, https:\/\/kushstar.ca\/wp-content\/uploads\/2024\/11\/couche-star-300x300.jpg 300w, https:\/\/kushstar.ca\/wp-content\/uploads\/2024\/11\/couche-star-600x600.jpg 600w, https:\/\/kushstar.ca\/wp-content\/uploads\/2024\/11\/couche-star-1024x1024.jpg 1024w, https:\/\/kushstar.ca\/wp-content\/uploads\/2024\/11\/couche-star-150x150.jpg 150w, https:\/\/kushstar.ca\/wp-content\/uploads\/2024\/11\/couche-star-768x768.jpg 768w, https:\/\/kushstar.ca\/wp-content\/uploads\/2024\/11\/couche-star-1536x1536.jpg 1536w\" sizes=\"(max-width: 2048px) 100vw, 2048px\" \/>                <\/div>\n            <\/a>\n        \n        \n        <div class=\"bde-loop-item__wrap ee-post-wrap\">\n            \n                            <h3 class=\"ee-post-title\">\n                    <a class=\"bde-loop-item__title-link ee-post-title-link\" href=\"https:\/\/kushstar.ca\/fr\/hello-world\" >\n                        Le kit ultime du stoner\u00a0: am\u00e9liorez votre exp\u00e9rience avec ces 15 \u00e9l\u00e9ments essentiels                    <\/a>\n                <\/h3>\n                            <div class=\"bde-loop-item__post-meta ee-post-meta\">\n                                                                                <span class=\"bde-loop-item__meta-item bde-loop-item__meta-author ee-post-meta-author ee-post-meta-item\">kushst_Admin<\/span>\n                                                                                                                <span class=\"bde-loop-item__meta-date bde-loop-item__meta-item ee-post-meta-date ee-post-meta-item\">\n                                    14 novembre 2024                                <\/span>\n                                                                                                            <span class=\"bde-loop-item__comments bde-loop-item__meta-item ee-post-meta-comments ee-post-meta-item\">Un commentaire<\/span>\n                                                    \n                <\/div>\n                            <div class=\"bde-loop-item__content ee-post-content\">\n                    Tout fumeur devrait avoir un ensemble d&#039;accessoires essentiels \u00e0 port\u00e9e de main\u00a0! Pour d\u00e9couvrir ce dont vous avez besoin pour le kit de fumeur ultime, continuez \u00e0 lire cet article. Pourquoi devriez-vous travailler\u2026                <\/div>\n            \n    \n                                    \n    \n    \n    \n    \n            \n                    \n            \n            \n\n    \n    \n    \n    \n    \n    <a class=\"breakdance-link button-atom button-atom--primary bde-loop-item__button ee-post-button\" href=\"https:\/\/kushstar.ca\/fr\/hello-world\" target=\"_self\" data-type=\"\"  >\n\n    \n        <span class=\"button-atom__text\">En savoir plus<\/span>\n\n        \n        \n                <\/a>\n\n    \n\n\n\n\n            \n        <\/div>\n\n    <\/article>\n\n<\/div><\/div>\n<\/div><\/div>\n<\/section>","protected":false},"excerpt":{"rendered":"","protected":false},"author":1,"featured_media":0,"parent":0,"menu_order":0,"comment_status":"closed","ping_status":"closed","template":"","meta":{"_breakdance_hide_in_design_set":false,"_breakdance_tags":"","footnotes":""},"class_list":["post-1138","page","type-page","status-publish","hentry"],"_links":{"self":[{"href":"https:\/\/kushstar.ca\/fr\/wp-json\/wp\/v2\/pages\/1138","targetHints":{"allow":["GET"]}}],"collection":[{"href":"https:\/\/kushstar.ca\/fr\/wp-json\/wp\/v2\/pages"}],"about":[{"href":"https:\/\/kushstar.ca\/fr\/wp-json\/wp\/v2\/types\/page"}],"author":[{"embeddable":true,"href":"https:\/\/kushstar.ca\/fr\/wp-json\/wp\/v2\/users\/1"}],"replies":[{"embeddable":true,"href":"https:\/\/kushstar.ca\/fr\/wp-json\/wp\/v2\/comments?post=1138"}],"version-history":[{"count":10,"href":"https:\/\/kushstar.ca\/fr\/wp-json\/wp\/v2\/pages\/1138\/revisions"}],"predecessor-version":[{"id":1359,"href":"https:\/\/kushstar.ca\/fr\/wp-json\/wp\/v2\/pages\/1138\/revisions\/1359"}],"wp:attachment":[{"href":"https:\/\/kushstar.ca\/fr\/wp-json\/wp\/v2\/media?parent=1138"}],"curies":[{"name":"wp","href":"https:\/\/api.w.org\/{rel}","templated":true}]}}