{"id":1009,"date":"2025-02-07T21:43:57","date_gmt":"2025-02-07T21:43:57","guid":{"rendered":"https:\/\/kushstar.ca\/about"},"modified":"2025-11-19T16:03:50","modified_gmt":"2025-11-19T16:03:50","slug":"about","status":"publish","type":"page","link":"https:\/\/kushstar.ca\/fr\/about","title":{"rendered":"\u00c0 propos"},"content":{"rendered":"<section class=\"bde-section-1009-201 bde-section\">\n              \n  \n  \n\t    \n      <div class=\"section-background-video\">\n              <video\n          autoplay\n muted\n playsinline\n loop\n poster=\"https:\/\/kushstar.ca\/wp-content\/uploads\/2025\/04\/earth-8s.mp4\"\n                >\n        <source src=\"https:\/\/media.redbackpack.ca\/kushstar\/earth.webm\" type=\"video\/webm\" \/>\n      <\/video>\n      <\/div>\n\n\n\n\n<div class=\"section-container\"><div class=\"bde-div-1009-101 bde-div\">\n  \n  \n\t\n\n\n\n<div class=\"bde-div-1009-102 bde-div\">\n  \n  \n\t\n\n\n\n<h1 class=\"bde-heading-1009-210 bde-heading\">\n\u00c0 propos de nous\n<\/h1><img decoding=\"async\" class=\"bde-image2-1009-202 bde-image2\" src=\"https:\/\/kushstar.ca\/wp-content\/uploads\/2025\/05\/Kush-Star-Vector-Fix-768x901.png\" srcset=\"https:\/\/kushstar.ca\/wp-content\/uploads\/2025\/05\/Kush-Star-Vector-Fix-768x901.png 768w, https:\/\/kushstar.ca\/wp-content\/uploads\/2025\/05\/Kush-Star-Vector-Fix-256x300.png 256w, https:\/\/kushstar.ca\/wp-content\/uploads\/2025\/05\/Kush-Star-Vector-Fix-872x1024.png 872w, https:\/\/kushstar.ca\/wp-content\/uploads\/2025\/05\/Kush-Star-Vector-Fix-1309x1536.png 1309w, https:\/\/kushstar.ca\/wp-content\/uploads\/2025\/05\/Kush-Star-Vector-Fix-1745x2048.png 1745w, https:\/\/kushstar.ca\/wp-content\/uploads\/2025\/05\/Kush-Star-Vector-Fix-10x12.png 10w, https:\/\/kushstar.ca\/wp-content\/uploads\/2025\/05\/Kush-Star-Vector-Fix-600x704.png 600w\" sizes=\"(max-width: 768px) 100vw, 768px\" fetchpriority=\"high\"><div class=\"bde-text-1009-104 bde-text\">\nKushStar est une marque innovante sp\u00e9cialis\u00e9e dans les accessoires pour fumeurs.\n<\/div>\n<\/div>\n<\/div><\/div>\n<\/section><section class=\"bde-section-1009-100 bde-section\">\n              \n  \n  \n\t\n\n  <div class=\"section-background-overlay\"><\/div>\n\n\n<div class=\"section-container\"><div class=\"bde-div-1009-209 bde-div\">\n  \n  \n\t\n\n\n\n<div class=\"bde-columns-1009-133 bde-columns\"><div class=\"bde-column-1009-134 bde-column\">\n  \n  \n\t\n\n\n\n<div class=\"bde-text-1009-137 bde-text\">\n\u00e0 propos de Kushstar\n<\/div><h2 class=\"bde-heading-1009-138 bde-heading\">\nQui sommes-nous?\n<\/h2><div class=\"bde-text-1009-139 bde-text\">\nAvec une ambiance distincte Out of this World, nous nous d\u00e9marquons en tant que pionnier des accessoires de cannabis innovants. <br><br>KushStar est la r\u00e9f\u00e9rence pour composer le kit de fumage ultime. Notre collection compl\u00e8te d&#039;accessoires pour fumeurs vous garantit tout le n\u00e9cessaire pour une exp\u00e9rience compl\u00e8te et agr\u00e9able. <br><br>Nous sommes fiers de collaborer avec des artistes qui insufflent leur cr\u00e9ativit\u00e9 dans nos cr\u00e9ations, ce qui donne lieu \u00e0 des accessoires pour fumeurs ravissants et uniques qui vont au-del\u00e0 de l&#039;ordinaire.<br><br>Nous vous proposons une s\u00e9lection qui red\u00e9finit chaque aspect de votre rituel et de votre exp\u00e9rience de fumeur. Sublimez vos s\u00e9ances gr\u00e2ce \u00e0 notre gamme diversifi\u00e9e de produits, soigneusement con\u00e7us pour r\u00e9pondre aux exigences des fumeurs. Avec KushStar, votre kit de fumeur est plus qu&#039;un simple kit complet\u00a0; c&#039;est un gage de qualit\u00e9 et d&#039;innovation dans le monde des accessoires pour fumeurs. <br><br>KushStar apporte non seulement une touche intergalactique \u00e0 la communaut\u00e9 des fumeurs, mais contribue \u00e9galement activement \u00e0 des causes sociales et s&#039;engage \u00e0 promouvoir un mode de vie positif. Notre marque s&#039;engage \u00e0 investir dans des projets sociaux au profit des communaut\u00e9s autochtones. Ce faisant, nous souhaitons avoir un impact significatif et cr\u00e9er un effet d&#039;entra\u00eenement positif qui d\u00e9passe le monde des accessoires pour fumeurs.<br><br>KushStar est un choix de vie pour ceux qui recherchent la qualit\u00e9, la cr\u00e9ativit\u00e9 et un engagement social dans leurs accessoires pour fumeurs. Rejoignez-nous pour un voyage o\u00f9 l&#039;innovation rencontre l&#039;inspiration, et o\u00f9 votre exp\u00e9rience de fumeur transcende l&#039;ordinaire. <br><br>\n<\/div>\n<\/div><div class=\"bde-column-1009-135 bde-column\">\n  \n  \n\t\n\n\n\n<div class=\"bde-video-1009-200 bde-video\">\n<div class=\"ee-video-container\">\n            <video class=\"ee-video\" src=\"https:\/\/kushstar.ca\/wp-content\/uploads\/2025\/05\/green-smoke.mp4\"\n               autoplay='true'                                                loop='true'                muted='true'                controlslist=\"nodownload\"                playsinline\n>\n        <\/video>\n    \n    <\/div>\n\n<\/div>\n<\/div><\/div>\n<\/div><\/div>\n<\/section><section class=\"bde-section-1009-154 bde-section\">\n              \n  \n  \n\t\n\n  <div class=\"section-background-overlay\"><\/div>\n\n\n<div class=\"section-container\"><div class=\"bde-div-1009-180 bde-div\" data-entrance=\"zoomIn\">\n  \n  \n\t\n\n\n\n<div class=\"bde-text-1009-181 bde-text\">\nConnaissances du magasin\n<\/div><h2 class=\"bde-heading-1009-182 bde-heading\">\nRencontrez le fondateur\n<\/h2><div class=\"bde-image-1009-183 bde-image\">\n<figure class=\"breakdance-image breakdance-image--304\">\n\t<div class=\"breakdance-image-container\">\n\t\t<div class=\"breakdance-image-clip\"><img decoding=\"async\" class=\"breakdance-image-object\" src=\"https:\/\/kushstar.ca\/wp-content\/uploads\/2024\/11\/20231112_164646_small-150x150.png\" width=\"150\" height=\"150\" srcset=\"https:\/\/kushstar.ca\/wp-content\/uploads\/2024\/11\/20231112_164646_small-150x150.png 150w, https:\/\/kushstar.ca\/wp-content\/uploads\/2024\/11\/20231112_164646_small-300x300.png 300w, https:\/\/kushstar.ca\/wp-content\/uploads\/2024\/11\/20231112_164646_small-100x100.png 100w, https:\/\/kushstar.ca\/wp-content\/uploads\/2024\/11\/20231112_164646_small-600x600.png 600w, https:\/\/kushstar.ca\/wp-content\/uploads\/2024\/11\/20231112_164646_small-1024x1024.png 1024w, https:\/\/kushstar.ca\/wp-content\/uploads\/2024\/11\/20231112_164646_small-768x768.png 768w, https:\/\/kushstar.ca\/wp-content\/uploads\/2024\/11\/20231112_164646_small-1536x1536.png 1536w\" sizes=\"(max-width: 150px) 100vw, 150px\"><\/div>\n\t<\/div><\/figure>\n\n<\/div><div class=\"bde-text-1009-184 bde-text\">\n\u00ab La gamme de produits KushStar comprend une s\u00e9lection diversifi\u00e9e de papiers \u00e0 rouler et de plateaux \u00e0 rouler, chacun m\u00e9ticuleusement con\u00e7u pour am\u00e9liorer l&#039;exp\u00e9rience de fumeur. \u00bb\n<\/div><div class=\"bde-text-1009-186 bde-text\">\n<i>- Marc Beauregard, PDG de Kushstar<\/i>\n<\/div>\n<\/div><\/div>\n<\/section><section class=\"bde-section-1009-204 bde-section\">\n              \n  \n  \n\t    \n      <div class=\"section-background-video\">\n              <video\n          autoplay\n muted\n playsinline\n loop\n>\n        <source src=\"https:\/\/kushstar.ca\/wp-content\/uploads\/2025\/02\/kushstar_stonerkit_no-audio.mp4\" type=\"video\/mp4\" \/>\n      <\/video>\n      <\/div>\n\n\n\n\n<div class=\"section-container\"><div class=\"bde-div-1009-142 bde-div\">\n  \n  \n\t\n\n\n\n<div class=\"bde-div-1009-143 bde-div\">\n  \n  \n\t\n\n\n\n<h1 class=\"bde-heading-1009-144 bde-heading\">\nAttention aux d\u00e9tails.\n<\/h1><div class=\"bde-text-1009-145 bde-text\">\nAchetez tous les produits\n<\/div><div class=\"bde-tooltip-1009-208 bde-tooltip\" data-tippy-content=\"Shop Now\"><a class=\"bde-container-link-1009-207 bde-container-link breakdance-link\" href=\"\/fr\/shop\/\" target=\"_self\" data-type=\"url\">\n  \n  \n\t\n\n\n\n<div class=\"bde-icon-1009-206 bde-icon\">\n\n    \n                    \n            \n            \n\n    \n    \n    \n    \n    \n    <a class=\"breakdance-link bde-icon-icon breakdance-icon-atom\" href=\"\/fr\/shop\/\" target=\"_self\" data-type=\"url\"  >\n\n    \n                    <svg xmlns=\"http:\/\/www.w3.org\/2000\/svg\" viewbox=\"0 0 640 512\"><!--! Font Awesome Free 6.5.1 by @fontawesome - https:\/\/fontawesome.com License - https:\/\/fontawesome.com\/license\/free (Icons: CC BY 4.0, Fonts: SIL OFL 1.1, Code: MIT License) Copyright 2023 Fonticons, Inc. --><path d=\"M36.8 192H603.2c20.3 0 36.8-16.5 36.8-36.8c0-7.3-2.2-14.4-6.2-20.4L558.2 21.4C549.3 8 534.4 0 518.3 0H121.7c-16 0-31 8-39.9 21.4L6.2 134.7c-4 6.1-6.2 13.2-6.2 20.4C0 175.5 16.5 192 36.8 192zM64 224V384v80c0 26.5 21.5 48 48 48H336c26.5 0 48-21.5 48-48V384 224H320V384H128V224H64zm448 0V480c0 17.7 14.3 32 32 32s32-14.3 32-32V224H512z\"\/><\/svg>\n        \n        \n        \n                <\/a>\n\n    \n\n\n<\/div>\n\n<\/a>\r\n<\/div>\n<\/div>\n<\/div><\/div>\n<\/section><section class=\"bde-section-1009-187 bde-section\">\n              \n  \n  \n\t\n\n  <div class=\"section-background-overlay\"><\/div>\n\n\n<div class=\"section-container\"><div class=\"bde-div-1009-188 bde-div\">\n  \n  \n\t\n\n\n\n<div class=\"bde-text-1009-189 bde-text\">\nderniers blogs\n<\/div><h2 class=\"bde-heading-1009-190 bde-heading\">\nactualit\u00e9s et \u00e9v\u00e9nements\n<\/h2>\n<\/div><div class=\"bde-post-list-1009-191 bde-post-list bde-preset-3e8f100f-7475-4055-a114-b18dda7e6339\"><div class=\"bde-loop bde-loop-grid ee-posts ee-posts-grid\">    <article class=\"bde-loop-item ee-post\">\n        \n        \n        <div class=\"bde-loop-item__wrap ee-post-wrap\">\n            \n                            <h3 class=\"ee-post-title\">\n                    <a class=\"bde-loop-item__title-link ee-post-title-link\" href=\"https:\/\/kushstar.ca\/fr\/hello-world\" >\n                        Le kit ultime du stoner\u00a0: am\u00e9liorez votre exp\u00e9rience avec ces 15 \u00e9l\u00e9ments essentiels                    <\/a>\n                <\/h3>\n                            <div class=\"bde-loop-item__post-meta ee-post-meta\">\n                                                                                <span class=\"bde-loop-item__meta-date bde-loop-item__meta-item ee-post-meta-date ee-post-meta-item\">\n                                    14 novembre 2024                                <\/span>\n                                                \n                <\/div>\n                            <div class=\"bde-loop-item__content ee-post-content\">\n                    Tout fumeur devrait avoir un ensemble d&#039;accessoires essentiels \u00e0 port\u00e9e de main\u00a0! Pour d\u00e9couvrir ce dont vous avez besoin pour le kit de fumeur ultime, continuez \u00e0 lire cet article. Pourquoi devriez-vous travailler\u2026                <\/div>\n            \n    \n                                    \n    \n    \n    \n    \n            \n                    \n            \n            \n\n    \n    \n    \n    \n    \n    <a class=\"breakdance-link button-atom button-atom--primary bde-loop-item__button ee-post-button\" href=\"https:\/\/kushstar.ca\/fr\/hello-world\" target=\"_self\" data-type=\"\"  >\n\n    \n        <span class=\"button-atom__text\">En savoir plus<\/span>\n\n        \n        \n                <\/a>\n\n    \n\n\n\n\n            \n        <\/div>\n\n    <\/article>\n\n<\/div><\/div><\/div>\n<\/section>","protected":false},"excerpt":{"rendered":"","protected":false},"author":1,"featured_media":0,"parent":0,"menu_order":0,"comment_status":"closed","ping_status":"closed","template":"","meta":{"_breakdance_hide_in_design_set":false,"_breakdance_tags":"","footnotes":""},"class_list":["post-1009","page","type-page","status-publish","hentry"],"_links":{"self":[{"href":"https:\/\/kushstar.ca\/fr\/wp-json\/wp\/v2\/pages\/1009","targetHints":{"allow":["GET"]}}],"collection":[{"href":"https:\/\/kushstar.ca\/fr\/wp-json\/wp\/v2\/pages"}],"about":[{"href":"https:\/\/kushstar.ca\/fr\/wp-json\/wp\/v2\/types\/page"}],"author":[{"embeddable":true,"href":"https:\/\/kushstar.ca\/fr\/wp-json\/wp\/v2\/users\/1"}],"replies":[{"embeddable":true,"href":"https:\/\/kushstar.ca\/fr\/wp-json\/wp\/v2\/comments?post=1009"}],"version-history":[{"count":56,"href":"https:\/\/kushstar.ca\/fr\/wp-json\/wp\/v2\/pages\/1009\/revisions"}],"predecessor-version":[{"id":3443,"href":"https:\/\/kushstar.ca\/fr\/wp-json\/wp\/v2\/pages\/1009\/revisions\/3443"}],"wp:attachment":[{"href":"https:\/\/kushstar.ca\/fr\/wp-json\/wp\/v2\/media?parent=1009"}],"curies":[{"name":"wp","href":"https:\/\/api.w.org\/{rel}","templated":true}]}}