{"id":1008,"date":"2025-02-07T21:43:56","date_gmt":"2025-02-07T21:43:56","guid":{"rendered":"https:\/\/kushstar.ca\/faqs"},"modified":"2025-04-18T04:34:03","modified_gmt":"2025-04-18T04:34:03","slug":"faqs","status":"publish","type":"page","link":"https:\/\/kushstar.ca\/fr\/faqs","title":{"rendered":"FAQ"},"content":{"rendered":"<section class=\"bde-section-1008-100 bde-section\">\n  \n  \n\t\n\n\n\n<div class=\"section-container\"><div class=\"bde-div-1008-101 bde-div\">\n              \n  \n  \n\t\n\n  <div class=\"section-background-overlay\"><\/div>\n\n\n<div class=\"bde-div-1008-102 bde-div\">\n  \n  \n\t\n\n\n\n<h1 class=\"bde-heading-1008-103 bde-heading\">\nQuestions fr\u00e9quemment pos\u00e9es\n<\/h1><div class=\"bde-text-1008-104 bde-text\">\nChez KushStar, nous mettons tout en \u0153uvre pour vous offrir qualit\u00e9, praticit\u00e9 et une exp\u00e9rience fluide, tant pour nos produits que pour notre service. Que vous soyez novice ou connaisseur confirm\u00e9, nous avons les r\u00e9ponses aux questions les plus fr\u00e9quentes de nos clients. De la livraison aux retours, en passant par les d\u00e9tails des produits et la confidentialit\u00e9, vous trouverez tout ce que vous devez savoir.\n<\/div>\n<\/div>\n<\/div><div class=\"bde-fancy-divider-1008-105 bde-fancy-divider\">\n\n\n<div class=\"bde-fancy-divider__wrapper\">\n  <div class=\"bde-fancy-divider__separator\">\n  \t  <\/div>\n<\/div>\n\n<\/div><div class=\"bde-frequently-asked-questions-1008-126 bde-frequently-asked-questions\">\n      <div class=\"bde-faq__item\">\n      <h2 class=\"bde-faq__title-tag\">\n       <button id=\"bde-faq-126-button-1\" aria-expanded=\"false\" aria-controls=\"bde-faq-126-1\" class=\"bde-faq__question js-faq-item\">\n          <span class=\"bde-faq__title\">1. Quels produits propose KushStar ?<\/span>\n                           <div aria-hidden=\"true\" class=\"bde-faq__icon bde-faq__icon--inactive\">\n                                <svg xmlns=\"http:\/\/www.w3.org\/2000\/svg\" viewbox=\"0 0 32 32\">\r\n<path d=\"M31 12h-11v-11c0-0.552-0.448-1-1-1h-6c-0.552 0-1 0.448-1 1v11h-11c-0.552 0-1 0.448-1 1v6c0 0.552 0.448 1 1 1h11v11c0 0.552 0.448 1 1 1h6c0.552 0 1-0.448 1-1v-11h11c0.552 0 1-0.448 1-1v-6c0-0.552-0.448-1-1-1z\"\/>\r\n<\/svg>\n                            <\/div>\n         \t  <div aria-hidden=\"true\" class=\"bde-faq__icon bde-faq__icon--active\">\n                                <svg xmlns=\"http:\/\/www.w3.org\/2000\/svg\" viewbox=\"0 0 448 512\"><!-- Font Awesome Free 5.15.1 by @fontawesome - https:\/\/fontawesome.com License - https:\/\/fontawesome.com\/license\/free (Icons: CC BY 4.0, Fonts: SIL OFL 1.1, Code: MIT License) --><path d=\"M416 208H32c-17.67 0-32 14.33-32 32v32c0 17.67 14.33 32 32 32h384c17.67 0 32-14.33 32-32v-32c0-17.67-14.33-32-32-32z\"\/><\/svg>\n                            <\/div>\n                  <\/button>\n      <\/h2>\n      <div role=\"region\" aria-labelledby=\"bde-faq-126-button-1\" id=\"bde-faq-126-1\" class=\"bde-faq__answer\">\n        <div class=\"bde-faq__answer-content\">\n            <div class=\"breakdance-rich-text-styles\"><p>KushStar est sp\u00e9cialis\u00e9 dans les feuilles \u00e0 rouler en chanvre biologique 100% haut de gamme, les kits de voyage, les plateaux artistiques, les bo\u00eetes de rangement et autres accessoires pour fumeurs. Nous proposons \u00e9galement des articles exclusifs en \u00e9dition limit\u00e9e et des kits pour une exp\u00e9rience fumeur ultime. Nous sommes fiers de collaborer avec des artistes qui insufflent leur cr\u00e9ativit\u00e9 \u00e0 nos cr\u00e9ations, cr\u00e9ant ainsi des accessoires pour fumeurs uniques et raffin\u00e9s, qui transcendent le monde\u00a0!<\/p><\/div>\n\n                    <\/div>\n      <\/div>\n    <\/div>\n      <div class=\"bde-faq__item\">\n      <h2 class=\"bde-faq__title-tag\">\n       <button id=\"bde-faq-126-button-2\" aria-expanded=\"false\" aria-controls=\"bde-faq-126-2\" class=\"bde-faq__question js-faq-item\">\n          <span class=\"bde-faq__title\">2. Proposez-vous une livraison discr\u00e8te ?<\/span>\n                           <div aria-hidden=\"true\" class=\"bde-faq__icon bde-faq__icon--inactive\">\n                                <svg xmlns=\"http:\/\/www.w3.org\/2000\/svg\" viewbox=\"0 0 32 32\">\r\n<path d=\"M31 12h-11v-11c0-0.552-0.448-1-1-1h-6c-0.552 0-1 0.448-1 1v11h-11c-0.552 0-1 0.448-1 1v6c0 0.552 0.448 1 1 1h11v11c0 0.552 0.448 1 1 1h6c0.552 0 1-0.448 1-1v-11h11c0.552 0 1-0.448 1-1v-6c0-0.552-0.448-1-1-1z\"\/>\r\n<\/svg>\n                            <\/div>\n         \t  <div aria-hidden=\"true\" class=\"bde-faq__icon bde-faq__icon--active\">\n                                <svg xmlns=\"http:\/\/www.w3.org\/2000\/svg\" viewbox=\"0 0 448 512\"><!-- Font Awesome Free 5.15.1 by @fontawesome - https:\/\/fontawesome.com License - https:\/\/fontawesome.com\/license\/free (Icons: CC BY 4.0, Fonts: SIL OFL 1.1, Code: MIT License) --><path d=\"M416 208H32c-17.67 0-32 14.33-32 32v32c0 17.67 14.33 32 32 32h384c17.67 0 32-14.33 32-32v-32c0-17.67-14.33-32-32-32z\"\/><\/svg>\n                            <\/div>\n                  <\/button>\n      <\/h2>\n      <div role=\"region\" aria-labelledby=\"bde-faq-126-button-2\" id=\"bde-faq-126-2\" class=\"bde-faq__answer\">\n        <div class=\"bde-faq__answer-content\">\n            <div class=\"breakdance-rich-text-styles\"><p>Oui\u00a0! Toutes les commandes sont exp\u00e9di\u00e9es dans un emballage neutre et sans marque afin de garantir votre confidentialit\u00e9. Nos \u00e9tiquettes d&#039;exp\u00e9dition n&#039;indiquent pas la nature du contenu.<\/p><\/div>\n\n                    <\/div>\n      <\/div>\n    <\/div>\n      <div class=\"bde-faq__item\">\n      <h2 class=\"bde-faq__title-tag\">\n       <button id=\"bde-faq-126-button-3\" aria-expanded=\"false\" aria-controls=\"bde-faq-126-3\" class=\"bde-faq__question js-faq-item\">\n          <span class=\"bde-faq__title\">3. Vos produits sont-ils l\u00e9gaux \u00e0 l\u2019achat et \u00e0 l\u2019utilisation ?<\/span>\n                           <div aria-hidden=\"true\" class=\"bde-faq__icon bde-faq__icon--inactive\">\n                                <svg xmlns=\"http:\/\/www.w3.org\/2000\/svg\" viewbox=\"0 0 32 32\">\r\n<path d=\"M31 12h-11v-11c0-0.552-0.448-1-1-1h-6c-0.552 0-1 0.448-1 1v11h-11c-0.552 0-1 0.448-1 1v6c0 0.552 0.448 1 1 1h11v11c0 0.552 0.448 1 1 1h6c0.552 0 1-0.448 1-1v-11h11c0.552 0 1-0.448 1-1v-6c0-0.552-0.448-1-1-1z\"\/>\r\n<\/svg>\n                            <\/div>\n         \t  <div aria-hidden=\"true\" class=\"bde-faq__icon bde-faq__icon--active\">\n                                <svg xmlns=\"http:\/\/www.w3.org\/2000\/svg\" viewbox=\"0 0 448 512\"><!-- Font Awesome Free 5.15.1 by @fontawesome - https:\/\/fontawesome.com License - https:\/\/fontawesome.com\/license\/free (Icons: CC BY 4.0, Fonts: SIL OFL 1.1, Code: MIT License) --><path d=\"M416 208H32c-17.67 0-32 14.33-32 32v32c0 17.67 14.33 32 32 32h384c17.67 0 32-14.33 32-32v-32c0-17.67-14.33-32-32-32z\"\/><\/svg>\n                            <\/div>\n                  <\/button>\n      <\/h2>\n      <div role=\"region\" aria-labelledby=\"bde-faq-126-button-3\" id=\"bde-faq-126-3\" class=\"bde-faq__answer\">\n        <div class=\"bde-faq__answer-content\">\n            <div class=\"breakdance-rich-text-styles\"><p>Tous les produits KushStar sont destin\u00e9s uniquement \u00e0 la consommation de tabac ou d&#039;herbes l\u00e9gales. Veuillez vous assurer d&#039;avoir l&#039;\u00e2ge l\u00e9gal pour acheter des accessoires pour fumeurs dans votre r\u00e9gion et que la l\u00e9gislation locale autorise leur utilisation.<\/p><\/div>\n\n                    <\/div>\n      <\/div>\n    <\/div>\n      <div class=\"bde-faq__item\">\n      <h2 class=\"bde-faq__title-tag\">\n       <button id=\"bde-faq-126-button-4\" aria-expanded=\"false\" aria-controls=\"bde-faq-126-4\" class=\"bde-faq__question js-faq-item\">\n          <span class=\"bde-faq__title\">4. Combien de temps prend l&#039;exp\u00e9dition et proposez-vous un suivi ?<\/span>\n                           <div aria-hidden=\"true\" class=\"bde-faq__icon bde-faq__icon--inactive\">\n                                <svg xmlns=\"http:\/\/www.w3.org\/2000\/svg\" viewbox=\"0 0 32 32\">\r\n<path d=\"M31 12h-11v-11c0-0.552-0.448-1-1-1h-6c-0.552 0-1 0.448-1 1v11h-11c-0.552 0-1 0.448-1 1v6c0 0.552 0.448 1 1 1h11v11c0 0.552 0.448 1 1 1h6c0.552 0 1-0.448 1-1v-11h11c0.552 0 1-0.448 1-1v-6c0-0.552-0.448-1-1-1z\"\/>\r\n<\/svg>\n                            <\/div>\n         \t  <div aria-hidden=\"true\" class=\"bde-faq__icon bde-faq__icon--active\">\n                                <svg xmlns=\"http:\/\/www.w3.org\/2000\/svg\" viewbox=\"0 0 448 512\"><!-- Font Awesome Free 5.15.1 by @fontawesome - https:\/\/fontawesome.com License - https:\/\/fontawesome.com\/license\/free (Icons: CC BY 4.0, Fonts: SIL OFL 1.1, Code: MIT License) --><path d=\"M416 208H32c-17.67 0-32 14.33-32 32v32c0 17.67 14.33 32 32 32h384c17.67 0 32-14.33 32-32v-32c0-17.67-14.33-32-32-32z\"\/><\/svg>\n                            <\/div>\n                  <\/button>\n      <\/h2>\n      <div role=\"region\" aria-labelledby=\"bde-faq-126-button-4\" id=\"bde-faq-126-4\" class=\"bde-faq__answer\">\n        <div class=\"bde-faq__answer-content\">\n            <div class=\"breakdance-rich-text-styles\"><p class=\"\" data-start=\"993\" data-end=\"1067\">Nous exp\u00e9dions les commandes sous 1 \u00e0 2 jours ouvr\u00e9s. Le d\u00e9lai de livraison varie selon la destination\u00a0:<\/p>\n<ul data-start=\"1068\" data-end=\"1241\">\n<li class=\"\" data-start=\"1068\" data-end=\"1099\">\n<p class=\"\" data-start=\"1070\" data-end=\"1099\">National : 3 \u00e0 7 jours ouvrables<\/p>\n<\/li>\n<li class=\"\" data-start=\"1100\" data-end=\"1241\">\n<p class=\"\" data-start=\"1102\" data-end=\"1241\">International : 7 \u00e0 15 jours ouvrables<br data-start=\"1135\" data-end=\"1138\" \/>Toutes les commandes sont accompagn\u00e9es d&#039;informations de suivi, qui vous seront envoy\u00e9es par e-mail d\u00e8s que votre colis sera en route.<\/p>\n<\/li>\n<\/ul><\/div>\n\n                    <\/div>\n      <\/div>\n    <\/div>\n      <div class=\"bde-faq__item\">\n      <h2 class=\"bde-faq__title-tag\">\n       <button id=\"bde-faq-126-button-5\" aria-expanded=\"false\" aria-controls=\"bde-faq-126-5\" class=\"bde-faq__question js-faq-item\">\n          <span class=\"bde-faq__title\">5. Puis-je retourner ou \u00e9changer un produit ?<\/span>\n                           <div aria-hidden=\"true\" class=\"bde-faq__icon bde-faq__icon--inactive\">\n                                <svg xmlns=\"http:\/\/www.w3.org\/2000\/svg\" viewbox=\"0 0 32 32\">\r\n<path d=\"M31 12h-11v-11c0-0.552-0.448-1-1-1h-6c-0.552 0-1 0.448-1 1v11h-11c-0.552 0-1 0.448-1 1v6c0 0.552 0.448 1 1 1h11v11c0 0.552 0.448 1 1 1h6c0.552 0 1-0.448 1-1v-11h11c0.552 0 1-0.448 1-1v-6c0-0.552-0.448-1-1-1z\"\/>\r\n<\/svg>\n                            <\/div>\n         \t  <div aria-hidden=\"true\" class=\"bde-faq__icon bde-faq__icon--active\">\n                                <svg xmlns=\"http:\/\/www.w3.org\/2000\/svg\" viewbox=\"0 0 448 512\"><!-- Font Awesome Free 5.15.1 by @fontawesome - https:\/\/fontawesome.com License - https:\/\/fontawesome.com\/license\/free (Icons: CC BY 4.0, Fonts: SIL OFL 1.1, Code: MIT License) --><path d=\"M416 208H32c-17.67 0-32 14.33-32 32v32c0 17.67 14.33 32 32 32h384c17.67 0 32-14.33 32-32v-32c0-17.67-14.33-32-32-32z\"\/><\/svg>\n                            <\/div>\n                  <\/button>\n      <\/h2>\n      <div role=\"region\" aria-labelledby=\"bde-faq-126-button-5\" id=\"bde-faq-126-5\" class=\"bde-faq__answer\">\n        <div class=\"bde-faq__answer-content\">\n            <div class=\"breakdance-rich-text-styles\"><p>Oui\u00a0! Si vous recevez un article endommag\u00e9 ou incorrect, contactez-nous dans les 7\u00a0jours suivant la livraison. Nous vous le remplacerons ou vous le rembourserons. Pour des raisons d&#039;hygi\u00e8ne et de s\u00e9curit\u00e9, les articles usag\u00e9s ne peuvent \u00eatre retourn\u00e9s.<\/p><\/div>\n\n                    <\/div>\n      <\/div>\n    <\/div>\n  \n<\/div><\/div>\n<\/section>","protected":false},"excerpt":{"rendered":"<p>Frequently Asked Questions At KushStar, we\u2019re all about delivering quality, convenience, and a smooth experience both with our products and our service. Whether you&#8217;re new to the scene or a seasoned connoisseur, we&#8217;ve got answers to the questions our customers ask the most. From shipping and returns to product details and privacy, you\u2019ll find everything [&hellip;]<\/p>\n","protected":false},"author":1,"featured_media":0,"parent":0,"menu_order":0,"comment_status":"closed","ping_status":"closed","template":"","meta":{"_breakdance_hide_in_design_set":false,"_breakdance_tags":"","footnotes":""},"class_list":["post-1008","page","type-page","status-publish","hentry"],"_links":{"self":[{"href":"https:\/\/kushstar.ca\/fr\/wp-json\/wp\/v2\/pages\/1008","targetHints":{"allow":["GET"]}}],"collection":[{"href":"https:\/\/kushstar.ca\/fr\/wp-json\/wp\/v2\/pages"}],"about":[{"href":"https:\/\/kushstar.ca\/fr\/wp-json\/wp\/v2\/types\/page"}],"author":[{"embeddable":true,"href":"https:\/\/kushstar.ca\/fr\/wp-json\/wp\/v2\/users\/1"}],"replies":[{"embeddable":true,"href":"https:\/\/kushstar.ca\/fr\/wp-json\/wp\/v2\/comments?post=1008"}],"version-history":[{"count":8,"href":"https:\/\/kushstar.ca\/fr\/wp-json\/wp\/v2\/pages\/1008\/revisions"}],"predecessor-version":[{"id":1902,"href":"https:\/\/kushstar.ca\/fr\/wp-json\/wp\/v2\/pages\/1008\/revisions\/1902"}],"wp:attachment":[{"href":"https:\/\/kushstar.ca\/fr\/wp-json\/wp\/v2\/media?parent=1008"}],"curies":[{"name":"wp","href":"https:\/\/api.w.org\/{rel}","templated":true}]}}