{"id":1005,"date":"2025-02-07T21:43:55","date_gmt":"2025-02-07T21:43:55","guid":{"rendered":"https:\/\/kushstar.ca\/my-account-2"},"modified":"2026-03-24T16:36:05","modified_gmt":"2026-03-24T20:36:05","slug":"my-account","status":"publish","type":"page","link":"https:\/\/kushstar.ca\/fr\/my-account","title":{"rendered":"Mon compte"},"content":{"rendered":"<section class=\"bde-section-1005-100 bde-section\">\n  \n  \n\t\n\n\n\n<div class=\"section-container\"><div class=\"bde-woopageaccount-1005-101 bde-woopageaccount breakdance-woocommerce\">    <div class=\"breakdance-empty-ssr-message breakdance-empty-ssr-message-error\">\n        <div>\n            Le <b>\u00ab\u00a0Page de compte\u00a0\u00bb<\/b> l&#039;\u00e9l\u00e9ment ne peut \u00eatre ajout\u00e9 qu&#039;\u00e0 <b>Page de compte WooCommerce<\/b>.<br \/><br \/>\n            Le <b>Page de compte WooCommerce<\/b> est actuellement r\u00e9gl\u00e9 sur <b>\u00ab\u00a0Mon compte\u00a0\u00bb (ID\u00a0: 1005)<\/b>.<br \/><br \/>\n            R\u00e9glez le <b>Page de compte WooCommerce<\/b> dans l&#039;administration WP \u00e0 <b>WooCommerce &gt; Param\u00e8tres &gt; Avanc\u00e9 &gt; Configuration de la page<\/b>.\n    <\/div><\/div><\/div>\n<\/section>","protected":false},"excerpt":{"rendered":"<p>L&#039;\u00e9l\u00e9ment \u00ab\u00a0Page de compte\u00a0\u00bb ne peut \u00eatre ajout\u00e9 qu&#039;\u00e0 la page de compte WooCommerce. Cette page est actuellement configur\u00e9e sur \u00ab\u00a0Mon compte\u00a0\u00bb (ID\u00a0: 1005). Configurez la page de compte WooCommerce dans l&#039;interface d&#039;administration WordPress\u00a0: WooCommerce &gt; Param\u00e8tres &gt; Avanc\u00e9 &gt; Configuration de la page.<\/p>","protected":false},"author":1,"featured_media":0,"parent":0,"menu_order":0,"comment_status":"closed","ping_status":"closed","template":"","meta":{"_breakdance_hide_in_design_set":false,"_breakdance_tags":"","footnotes":""},"class_list":["post-1005","page","type-page","status-publish","hentry"],"_links":{"self":[{"href":"https:\/\/kushstar.ca\/fr\/wp-json\/wp\/v2\/pages\/1005","targetHints":{"allow":["GET"]}}],"collection":[{"href":"https:\/\/kushstar.ca\/fr\/wp-json\/wp\/v2\/pages"}],"about":[{"href":"https:\/\/kushstar.ca\/fr\/wp-json\/wp\/v2\/types\/page"}],"author":[{"embeddable":true,"href":"https:\/\/kushstar.ca\/fr\/wp-json\/wp\/v2\/users\/1"}],"replies":[{"embeddable":true,"href":"https:\/\/kushstar.ca\/fr\/wp-json\/wp\/v2\/comments?post=1005"}],"version-history":[{"count":57,"href":"https:\/\/kushstar.ca\/fr\/wp-json\/wp\/v2\/pages\/1005\/revisions"}],"predecessor-version":[{"id":4628,"href":"https:\/\/kushstar.ca\/fr\/wp-json\/wp\/v2\/pages\/1005\/revisions\/4628"}],"wp:attachment":[{"href":"https:\/\/kushstar.ca\/fr\/wp-json\/wp\/v2\/media?parent=1005"}],"curies":[{"name":"wp","href":"https:\/\/api.w.org\/{rel}","templated":true}]}}