{"id":1001,"date":"2025-02-07T21:43:54","date_gmt":"2025-02-07T21:43:54","guid":{"rendered":"https:\/\/kushstar.ca\/cart-2"},"modified":"2026-04-01T13:41:44","modified_gmt":"2026-04-01T17:41:44","slug":"cart","status":"publish","type":"page","link":"https:\/\/kushstar.ca\/fr\/cart","title":{"rendered":"Panier"},"content":{"rendered":"<section class=\"bde-section-1001-100 bde-section\">\n              \n  \n  \n\t\n\n  <div class=\"section-background-overlay\"><\/div>\n\n\n<div class=\"section-container\"><a class=\"bde-text-link-1001-103 bde-text-link breakdance-link\" href=\"\/fr\/my-account\/\" target=\"_self\" data-type=\"url\">\n  Param\u00e8tres du compte &gt;\n\n<\/a><div class=\"bde-cart-1001-101 bde-cart breakdance-woocommerce\">    <div class=\"breakdance-empty-ssr-message breakdance-empty-ssr-message-error\">\n        <div>\n            Le <b>\u00ab\u00a0Page du panier\u00a0\u00bb<\/b> l&#039;\u00e9l\u00e9ment ne peut \u00eatre ajout\u00e9 qu&#039;\u00e0 <b>Page de panier WooCommerce<\/b>.<br \/><br \/>\n            Le <b>Page de panier WooCommerce<\/b> est actuellement r\u00e9gl\u00e9 sur <b>\u00ab\u00a0Panier\u00a0\u00bb (ID\u00a0: 1001)<\/b>.<br \/><br \/>\n            R\u00e9glez le <b>Page de panier WooCommerce<\/b> dans l&#039;administration WP \u00e0 <b>WooCommerce &gt; Param\u00e8tres &gt; Avanc\u00e9 &gt; Configuration de la page<\/b>.\n    <\/div>\n<\/div><\/div>\n<\/section>","protected":false},"excerpt":{"rendered":"<p>Param\u00e8tres du compte &gt; L&#039;\u00e9l\u00e9ment \u00ab\u00a0Page Panier\u00a0\u00bb ne peut \u00eatre ajout\u00e9 qu&#039;\u00e0 la page Panier de WooCommerce. La page Panier de WooCommerce est actuellement d\u00e9finie sur \u00ab\u00a0Panier\u00a0\u00bb (ID\u00a0: 1001). Configurez la page Panier de WooCommerce dans l&#039;interface d&#039;administration WordPress, sous WooCommerce &gt; Param\u00e8tres &gt; Avanc\u00e9 &gt; Configuration de la page.<\/p>","protected":false},"author":1,"featured_media":0,"parent":0,"menu_order":0,"comment_status":"closed","ping_status":"closed","template":"","meta":{"_breakdance_hide_in_design_set":false,"_breakdance_tags":"","footnotes":""},"class_list":["post-1001","page","type-page","status-publish","hentry"],"_links":{"self":[{"href":"https:\/\/kushstar.ca\/fr\/wp-json\/wp\/v2\/pages\/1001","targetHints":{"allow":["GET"]}}],"collection":[{"href":"https:\/\/kushstar.ca\/fr\/wp-json\/wp\/v2\/pages"}],"about":[{"href":"https:\/\/kushstar.ca\/fr\/wp-json\/wp\/v2\/types\/page"}],"author":[{"embeddable":true,"href":"https:\/\/kushstar.ca\/fr\/wp-json\/wp\/v2\/users\/1"}],"replies":[{"embeddable":true,"href":"https:\/\/kushstar.ca\/fr\/wp-json\/wp\/v2\/comments?post=1001"}],"version-history":[{"count":69,"href":"https:\/\/kushstar.ca\/fr\/wp-json\/wp\/v2\/pages\/1001\/revisions"}],"predecessor-version":[{"id":3276,"href":"https:\/\/kushstar.ca\/fr\/wp-json\/wp\/v2\/pages\/1001\/revisions\/3276"}],"wp:attachment":[{"href":"https:\/\/kushstar.ca\/fr\/wp-json\/wp\/v2\/media?parent=1001"}],"curies":[{"name":"wp","href":"https:\/\/api.w.org\/{rel}","templated":true}]}}